{"id":3489,"date":"2013-09-27T15:32:36","date_gmt":"2013-09-27T15:32:36","guid":{"rendered":"http:\/\/site.wunderdata.com\/?page_id=3489"},"modified":"2018-05-24T14:19:01","modified_gmt":"2018-05-24T14:19:01","slug":"impressum","status":"publish","type":"page","link":"https:\/\/wunderdata.com\/de\/impressum\/","title":{"rendered":"Impressum"},"content":{"rendered":"<div class=\"wpb-content-wrapper\"><p>[vc_row][vc_column][vc_column_text]<\/p>\n<p>Wunderdata GmbH<br \/>\nAngerm\u00fcnder Stra\u00dfe 20 Haus B 104<br \/>\n16247 Joachimsthal<\/p>\n<p>Telefon: +49 30 5770 1735<\/p>\n<p>Email: info@wunderdata.com<\/p>\n<p>Gesch\u00e4ftsf\u00fchrer: Stefan Ladenthin, Stefanie Pursche<\/p>\n<p>HRB 154680 B (Amtsgericht Berlin Charlottenburg)<\/p>\n<p>Umsatzsteuer-ID: DE 292972330<\/p>\n<p>Steuernummer: 37\/278\/21460[\/vc_column_text][\/vc_column][\/vc_row]<\/p>\n<\/div><!-- AddThis Advanced Settings generic via filter on the_content --><!-- AddThis Share Buttons generic via filter on the_content -->","protected":false},"excerpt":{"rendered":"<p>[vc_row][vc_column][vc_column_text] Wunderdata GmbH Angerm\u00fcnder Stra\u00dfe 20 Haus B 104 16247 Joachimsthal Telefon: +49 30 5770 1735 Email: info@wunderdata.com Gesch\u00e4ftsf\u00fchrer: Stefan Ladenthin, Stefanie Pursche HRB 154680 B (Amtsgericht Berlin Charlottenburg) Umsatzsteuer-ID: DE 292972330 Steuernummer: 37\/278\/21460[\/vc_column_text][\/vc_column][\/vc_row]<!-- AddThis Advanced Settings generic via filter on get_the_excerpt --><!-- AddThis Share Buttons generic via filter on get_the_excerpt --><\/p>\n","protected":false},"author":2,"featured_media":0,"parent":0,"menu_order":0,"comment_status":"open","ping_status":"open","template":"","meta":{"footnotes":""},"class_list":["post-3489","page","type-page","status-publish","hentry"],"yoast_head":"<!-- This site is optimized with the Yoast SEO plugin v24.2 - https:\/\/yoast.com\/wordpress\/plugins\/seo\/ -->\n<title>Impressum - Wunderdata: Business Intelligence for eCommerce<\/title>\n<meta name=\"robots\" content=\"index, follow, max-snippet:-1, max-image-preview:large, max-video-preview:-1\" \/>\n<link rel=\"canonical\" href=\"https:\/\/wunderdata.com\/de\/impressum\/\" \/>\n<meta property=\"og:locale\" content=\"de_DE\" \/>\n<meta property=\"og:type\" content=\"article\" \/>\n<meta property=\"og:title\" content=\"Impressum - Wunderdata: Business Intelligence for eCommerce\" \/>\n<meta property=\"og:description\" content=\"[vc_row][vc_column][vc_column_text] Wunderdata GmbH Angerm\u00fcnder Stra\u00dfe 20 Haus B 104 16247 Joachimsthal Telefon: +49 30 5770 1735 Email: info@wunderdata.com Gesch\u00e4ftsf\u00fchrer: Stefan Ladenthin, Stefanie Pursche HRB 154680 B (Amtsgericht Berlin Charlottenburg) Umsatzsteuer-ID: DE 292972330 Steuernummer: 37\/278\/21460[\/vc_column_text][\/vc_column][\/vc_row]\" \/>\n<meta property=\"og:url\" content=\"https:\/\/wunderdata.com\/de\/impressum\/\" \/>\n<meta property=\"og:site_name\" content=\"Wunderdata: Business Intelligence for eCommerce\" \/>\n<meta property=\"article:modified_time\" content=\"2018-05-24T14:19:01+00:00\" \/>\n<script type=\"application\/ld+json\" class=\"yoast-schema-graph\">{\"@context\":\"https:\/\/schema.org\",\"@graph\":[{\"@type\":\"WebPage\",\"@id\":\"https:\/\/wunderdata.com\/de\/impressum\/\",\"url\":\"https:\/\/wunderdata.com\/de\/impressum\/\",\"name\":\"Impressum - Wunderdata: Business Intelligence for eCommerce\",\"isPartOf\":{\"@id\":\"https:\/\/wunderdata.com\/#website\"},\"datePublished\":\"2013-09-27T15:32:36+00:00\",\"dateModified\":\"2018-05-24T14:19:01+00:00\",\"breadcrumb\":{\"@id\":\"https:\/\/wunderdata.com\/de\/impressum\/#breadcrumb\"},\"inLanguage\":\"de\",\"potentialAction\":[{\"@type\":\"ReadAction\",\"target\":[\"https:\/\/wunderdata.com\/de\/impressum\/\"]}]},{\"@type\":\"BreadcrumbList\",\"@id\":\"https:\/\/wunderdata.com\/de\/impressum\/#breadcrumb\",\"itemListElement\":[{\"@type\":\"ListItem\",\"position\":1,\"name\":\"Home\",\"item\":\"https:\/\/wunderdata.com\/de\/\"},{\"@type\":\"ListItem\",\"position\":2,\"name\":\"Impressum\"}]},{\"@type\":\"WebSite\",\"@id\":\"https:\/\/wunderdata.com\/#website\",\"url\":\"https:\/\/wunderdata.com\/\",\"name\":\"Wunderdata: Business Intelligence for eCommerce\",\"description\":\"Plug &amp; Play Business Intelligence for eCommerce\",\"potentialAction\":[{\"@type\":\"SearchAction\",\"target\":{\"@type\":\"EntryPoint\",\"urlTemplate\":\"https:\/\/wunderdata.com\/?s={search_term_string}\"},\"query-input\":{\"@type\":\"PropertyValueSpecification\",\"valueRequired\":true,\"valueName\":\"search_term_string\"}}],\"inLanguage\":\"de\"}]}<\/script>\n<!-- \/ Yoast SEO plugin. -->","yoast_head_json":{"title":"Impressum - Wunderdata: Business Intelligence for eCommerce","robots":{"index":"index","follow":"follow","max-snippet":"max-snippet:-1","max-image-preview":"max-image-preview:large","max-video-preview":"max-video-preview:-1"},"canonical":"https:\/\/wunderdata.com\/de\/impressum\/","og_locale":"de_DE","og_type":"article","og_title":"Impressum - Wunderdata: Business Intelligence for eCommerce","og_description":"[vc_row][vc_column][vc_column_text] Wunderdata GmbH Angerm\u00fcnder Stra\u00dfe 20 Haus B 104 16247 Joachimsthal Telefon: +49 30 5770 1735 Email: info@wunderdata.com Gesch\u00e4ftsf\u00fchrer: Stefan Ladenthin, Stefanie Pursche HRB 154680 B (Amtsgericht Berlin Charlottenburg) Umsatzsteuer-ID: DE 292972330 Steuernummer: 37\/278\/21460[\/vc_column_text][\/vc_column][\/vc_row]","og_url":"https:\/\/wunderdata.com\/de\/impressum\/","og_site_name":"Wunderdata: Business Intelligence for eCommerce","article_modified_time":"2018-05-24T14:19:01+00:00","schema":{"@context":"https:\/\/schema.org","@graph":[{"@type":"WebPage","@id":"https:\/\/wunderdata.com\/de\/impressum\/","url":"https:\/\/wunderdata.com\/de\/impressum\/","name":"Impressum - Wunderdata: Business Intelligence for eCommerce","isPartOf":{"@id":"https:\/\/wunderdata.com\/#website"},"datePublished":"2013-09-27T15:32:36+00:00","dateModified":"2018-05-24T14:19:01+00:00","breadcrumb":{"@id":"https:\/\/wunderdata.com\/de\/impressum\/#breadcrumb"},"inLanguage":"de","potentialAction":[{"@type":"ReadAction","target":["https:\/\/wunderdata.com\/de\/impressum\/"]}]},{"@type":"BreadcrumbList","@id":"https:\/\/wunderdata.com\/de\/impressum\/#breadcrumb","itemListElement":[{"@type":"ListItem","position":1,"name":"Home","item":"https:\/\/wunderdata.com\/de\/"},{"@type":"ListItem","position":2,"name":"Impressum"}]},{"@type":"WebSite","@id":"https:\/\/wunderdata.com\/#website","url":"https:\/\/wunderdata.com\/","name":"Wunderdata: Business Intelligence for eCommerce","description":"Plug &amp; Play Business Intelligence for eCommerce","potentialAction":[{"@type":"SearchAction","target":{"@type":"EntryPoint","urlTemplate":"https:\/\/wunderdata.com\/?s={search_term_string}"},"query-input":{"@type":"PropertyValueSpecification","valueRequired":true,"valueName":"search_term_string"}}],"inLanguage":"de"}]}},"_links":{"self":[{"href":"https:\/\/wunderdata.com\/de\/wp-json\/wp\/v2\/pages\/3489","targetHints":{"allow":["GET"]}}],"collection":[{"href":"https:\/\/wunderdata.com\/de\/wp-json\/wp\/v2\/pages"}],"about":[{"href":"https:\/\/wunderdata.com\/de\/wp-json\/wp\/v2\/types\/page"}],"author":[{"embeddable":true,"href":"https:\/\/wunderdata.com\/de\/wp-json\/wp\/v2\/users\/2"}],"replies":[{"embeddable":true,"href":"https:\/\/wunderdata.com\/de\/wp-json\/wp\/v2\/comments?post=3489"}],"version-history":[{"count":9,"href":"https:\/\/wunderdata.com\/de\/wp-json\/wp\/v2\/pages\/3489\/revisions"}],"predecessor-version":[{"id":7102,"href":"https:\/\/wunderdata.com\/de\/wp-json\/wp\/v2\/pages\/3489\/revisions\/7102"}],"wp:attachment":[{"href":"https:\/\/wunderdata.com\/de\/wp-json\/wp\/v2\/media?parent=3489"}],"curies":[{"name":"wp","href":"https:\/\/api.w.org\/{rel}","templated":true}]}}