{"id":4715,"date":"2014-05-21T07:45:26","date_gmt":"2014-05-21T07:45:26","guid":{"rendered":"http:\/\/wunderdata.com\/create-customer-loyalty-2\/"},"modified":"2014-06-10T15:04:38","modified_gmt":"2014-06-10T15:04:38","slug":"wiederkaufrate-steigern","status":"publish","type":"page","link":"https:\/\/wunderdata.com\/de\/use-cases\/wiederkaufrate-steigern\/","title":{"rendered":"Steigern Sie die Wiederkaufrate"},"content":{"rendered":"<div class=\"wpb-content-wrapper\"><p>[vc_row][vc_column width=&#8220;1\/1&#8243;]<div class=\" \" style=\"display:block;clear:both;height:10px\"><\/div>[vc_column_text]<\/p>\n<h3 style=\"line-height: 1.4em;\">Die besten Onlineshops generieren den meisten Umsatz \u00fcber Wiederholungsk\u00e4ufer.<\/h3>\n<p>[\/vc_column_text]<div class=\" \" style=\"display:block;clear:both;height:10px\"><\/div>[\/vc_column][\/vc_row][vc_row][vc_column width=&#8220;1\/2&#8243;][vc_column_text]<\/p>\n<h2><span style=\"line-height: 1.5em;\">Problem:<\/span><\/h2>\n<div style=\"line-height: 1.8em;\">Es ist nicht einfach zu wissen, wann man welche Kunden ansprechen sollte. Oft wird das durch Bauchgef\u00fchl entschieden. Das f\u00fchrt zu falschen Entscheidungen, deren Ergebnisse nur schwer zu erkennen sind.<\/div>\n<p>[\/vc_column_text][\/vc_column][vc_column width=&#8220;1\/2&#8243;][vc_column_text el_class=&#8220;paddedList&#8220;]<\/p>\n<h2><span style=\"line-height: 1.5em;\">L\u00f6sung:<\/span><\/h2>\n<div style=\"line-height: 1.8em;\">\n<p>Diese Probleme kann man mit Wunderdata in drei Schritten leicht angegangen werden:<\/p>\n<ol class=\"paddedList\">\n<li>Herausfinden, an welchem Punkt im Lebenszyklus Kunden aufh\u00f6ren im Shop einzukaufen.<\/li>\n<li>Herausfinden, welche Kunden genau das sind und eine Marketing Kampagne starten.<\/li>\n<li>Analysieren, wie erfolgreich die Aktion war.<\/li>\n<\/ol>\n<\/div>\n<p>[\/vc_column_text][\/vc_column][\/vc_row][vc_row][vc_column width=&#8220;1\/2&#8243;]<div class=\" \" style=\"display:block;clear:both;height:10px\"><\/div>[vc_single_image image=&#8220;4716&#8243; img_link_target=&#8220;_self&#8220; img_size=&#8220;full&#8220; border_color=&#8220;grey&#8220;][\/vc_column][vc_column width=&#8220;1\/2&#8243;][vc_column_text]<\/p>\n<h2><span style=\"line-height: 1.5em;\">1. Abbruchpunkte identifizieren<\/span><\/h2>\n<div style=\"line-height: 1.8em;\">Wir starten damit herauszufinden an welchem Punkt Kunden aufh\u00f6ren zu kaufen. Das Wiederholungsk\u00e4ufer-Diagramm zeigt die Verteilung der Kunden, die mehrmals kaufen. Die Spitzen zeigen an welchem Punkt die meisten Kunden aufh\u00f6ren zu kaufen. In diesem Beispiel sehen wir einen signifikanten Anstieg zwischen der Bestellung drei und vier. Wir Fokussieren uns also auf diese Gruppe.<\/div>\n<p>[\/vc_column_text][\/vc_column][\/vc_row][vc_row][vc_column width=&#8220;1\/1&#8243;]<div class=\" \" style=\"display:block;clear:both;height:25px\"><\/div>[\/vc_column][\/vc_row][vc_row][vc_column width=&#8220;1\/2&#8243;][vc_column_text]<\/p>\n<h2><span style=\"line-height: 1.5em;\">2. Konkrete Kunden identifizieren und ansprechen<\/span><\/h2>\n<div style=\"line-height: 1.8em;\">Wir nutzen den globalen Filter um zu identifizieren welche Kunden Risikokandidaten sind und geben ihnen einen Anreiz zur\u00fcck zu kommen. Wir Filtern alle Kunden, die mindestens drei Mal gekauft haben aber seit mindestens<br \/>\neinem Monat nicht mehr eingekauft haben. Jetzt k\u00f6nnen wir die E-Mail Liste exportieren und dazu nutzen eine zielgerichtete Marketing Kampagne zu starten. Zum Beispiel k\u00f6nnen wir jedem Kunden einen Gutschein f\u00fcr den n\u00e4chsten Einkauf schicken.<\/div>\n<p>[\/vc_column_text]<div class=\" \" style=\"display:block;clear:both;height:45px\"><\/div>[vc_column_text]<\/p>\n<h2>3. Beobachten und Analysieren<\/h2>\n<div style=\"line-height: 1.8em;\">Wunderdata speichert alle Parameter Tags mit Hilfe von Google Analytics um entscheiden zu k\u00f6nnen wie gut eine Kampagne funktioniert hat und ob wir in der Lage waren die Kunden zu reaktivieren. Wenn die Kampagne gut<br \/>\nfunktioniert hat, k\u00f6nnte es Sinn machen, diese Kampagne durchgehend zu implementieren.<\/div>\n<p>[\/vc_column_text][\/vc_column][vc_column width=&#8220;1\/2&#8243;][vc_single_image image=&#8220;4717&#8243; img_link_target=&#8220;_self&#8220; img_size=&#8220;full&#8220; border_color=&#8220;grey&#8220;][\/vc_column][\/vc_row][vc_row][vc_column width=&#8220;1\/1&#8243;][vc_separator]<div class=\"highlightbox contenttable\"><div class=\"three_fourth\">\n<h2>Jetzt anmelden und kostenlos testen.<\/h2>\n<p><\/div><div class=\"one_fourth lastcolumn\">\n<a class=\"btn btn-primary btnposright top10\" href=\"\/free-trial\">Kostenlos testen<\/a><br \/>\n<\/div><div class=\"clear\"><\/div><\/div><div class=\"clear\"><\/div>[\/vc_column][\/vc_row]<\/p>\n<\/div><!-- AddThis Advanced Settings generic via filter on the_content --><!-- AddThis Share Buttons generic via filter on the_content -->","protected":false},"excerpt":{"rendered":"<p>[vc_row][vc_column width=&#8220;1\/1&#8243;][vc_column_text] Die besten Onlineshops generieren den meisten Umsatz \u00fcber Wiederholungsk\u00e4ufer. [\/vc_column_text][\/vc_column][\/vc_row][vc_row][vc_column width=&#8220;1\/2&#8243;][vc_column_text] Problem: Es ist nicht einfach zu wissen, wann man welche Kunden ansprechen sollte. Oft wird das durch Bauchgef\u00fchl entschieden. Das f\u00fchrt zu falschen Entscheidungen, deren Ergebnisse nur schwer zu erkennen sind. [\/vc_column_text][\/vc_column][vc_column width=&#8220;1\/2&#8243;][vc_column_text el_class=&#8220;paddedList&#8220;] L\u00f6sung: Diese Probleme kann man mit Wunderdata in &#8230;<!-- AddThis Advanced Settings generic via filter on get_the_excerpt --><!-- AddThis Share Buttons generic via filter on get_the_excerpt --><\/p>\n","protected":false},"author":6,"featured_media":0,"parent":5494,"menu_order":0,"comment_status":"closed","ping_status":"closed","template":"","meta":{"footnotes":""},"class_list":["post-4715","page","type-page","status-publish","hentry"],"yoast_head":"<!-- This site is optimized with the Yoast SEO plugin v24.2 - https:\/\/yoast.com\/wordpress\/plugins\/seo\/ -->\n<title>Wunderdata - Steigern Sie Ihre Widerkaufrate<\/title>\n<meta name=\"description\" content=\"Erkennen Sie Zeitpunkte an denen Ihre Kunden aufh\u00f6ren zu kaufen und steigern Sie Ihre Wiederkaufrate mit Analyse und gezielten Marketingkampagnen!\" \/>\n<meta name=\"robots\" content=\"index, follow, max-snippet:-1, max-image-preview:large, max-video-preview:-1\" \/>\n<link rel=\"canonical\" href=\"https:\/\/wunderdata.com\/de\/use-cases\/wiederkaufrate-steigern\/\" \/>\n<meta property=\"og:locale\" content=\"de_DE\" \/>\n<meta property=\"og:type\" content=\"article\" \/>\n<meta property=\"og:title\" content=\"Wunderdata - Steigern Sie Ihre Widerkaufrate\" \/>\n<meta property=\"og:description\" content=\"Erkennen Sie Zeitpunkte an denen Ihre Kunden aufh\u00f6ren zu kaufen und steigern Sie Ihre Wiederkaufrate mit Analyse und gezielten Marketingkampagnen!\" \/>\n<meta property=\"og:url\" content=\"https:\/\/wunderdata.com\/de\/use-cases\/wiederkaufrate-steigern\/\" \/>\n<meta property=\"og:site_name\" content=\"Wunderdata: Business Intelligence for eCommerce\" \/>\n<meta property=\"article:modified_time\" content=\"2014-06-10T15:04:38+00:00\" \/>\n<meta name=\"twitter:label1\" content=\"Gesch\u00e4tzte Lesezeit\" \/>\n\t<meta name=\"twitter:data1\" content=\"2\u00a0Minuten\" \/>\n<script type=\"application\/ld+json\" class=\"yoast-schema-graph\">{\"@context\":\"https:\/\/schema.org\",\"@graph\":[{\"@type\":\"WebPage\",\"@id\":\"https:\/\/wunderdata.com\/de\/use-cases\/wiederkaufrate-steigern\/\",\"url\":\"https:\/\/wunderdata.com\/de\/use-cases\/wiederkaufrate-steigern\/\",\"name\":\"Wunderdata - Steigern Sie Ihre Widerkaufrate\",\"isPartOf\":{\"@id\":\"https:\/\/wunderdata.com\/#website\"},\"datePublished\":\"2014-05-21T07:45:26+00:00\",\"dateModified\":\"2014-06-10T15:04:38+00:00\",\"description\":\"Erkennen Sie Zeitpunkte an denen Ihre Kunden aufh\u00f6ren zu kaufen und steigern Sie Ihre Wiederkaufrate mit Analyse und gezielten Marketingkampagnen!\",\"breadcrumb\":{\"@id\":\"https:\/\/wunderdata.com\/de\/use-cases\/wiederkaufrate-steigern\/#breadcrumb\"},\"inLanguage\":\"de\",\"potentialAction\":[{\"@type\":\"ReadAction\",\"target\":[\"https:\/\/wunderdata.com\/de\/use-cases\/wiederkaufrate-steigern\/\"]}]},{\"@type\":\"BreadcrumbList\",\"@id\":\"https:\/\/wunderdata.com\/de\/use-cases\/wiederkaufrate-steigern\/#breadcrumb\",\"itemListElement\":[{\"@type\":\"ListItem\",\"position\":1,\"name\":\"Home\",\"item\":\"https:\/\/wunderdata.com\/de\/\"},{\"@type\":\"ListItem\",\"position\":2,\"name\":\"Use Cases\",\"item\":\"https:\/\/wunderdata.com\/de\/use-cases\/\"},{\"@type\":\"ListItem\",\"position\":3,\"name\":\"Steigern Sie die Wiederkaufrate\"}]},{\"@type\":\"WebSite\",\"@id\":\"https:\/\/wunderdata.com\/#website\",\"url\":\"https:\/\/wunderdata.com\/\",\"name\":\"Wunderdata: Business Intelligence for eCommerce\",\"description\":\"Plug &amp; Play Business Intelligence for eCommerce\",\"potentialAction\":[{\"@type\":\"SearchAction\",\"target\":{\"@type\":\"EntryPoint\",\"urlTemplate\":\"https:\/\/wunderdata.com\/?s={search_term_string}\"},\"query-input\":{\"@type\":\"PropertyValueSpecification\",\"valueRequired\":true,\"valueName\":\"search_term_string\"}}],\"inLanguage\":\"de\"}]}<\/script>\n<!-- \/ Yoast SEO plugin. -->","yoast_head_json":{"title":"Wunderdata - Steigern Sie Ihre Widerkaufrate","description":"Erkennen Sie Zeitpunkte an denen Ihre Kunden aufh\u00f6ren zu kaufen und steigern Sie Ihre Wiederkaufrate mit Analyse und gezielten Marketingkampagnen!","robots":{"index":"index","follow":"follow","max-snippet":"max-snippet:-1","max-image-preview":"max-image-preview:large","max-video-preview":"max-video-preview:-1"},"canonical":"https:\/\/wunderdata.com\/de\/use-cases\/wiederkaufrate-steigern\/","og_locale":"de_DE","og_type":"article","og_title":"Wunderdata - Steigern Sie Ihre Widerkaufrate","og_description":"Erkennen Sie Zeitpunkte an denen Ihre Kunden aufh\u00f6ren zu kaufen und steigern Sie Ihre Wiederkaufrate mit Analyse und gezielten Marketingkampagnen!","og_url":"https:\/\/wunderdata.com\/de\/use-cases\/wiederkaufrate-steigern\/","og_site_name":"Wunderdata: Business Intelligence for eCommerce","article_modified_time":"2014-06-10T15:04:38+00:00","twitter_misc":{"Gesch\u00e4tzte Lesezeit":"2\u00a0Minuten"},"schema":{"@context":"https:\/\/schema.org","@graph":[{"@type":"WebPage","@id":"https:\/\/wunderdata.com\/de\/use-cases\/wiederkaufrate-steigern\/","url":"https:\/\/wunderdata.com\/de\/use-cases\/wiederkaufrate-steigern\/","name":"Wunderdata - Steigern Sie Ihre Widerkaufrate","isPartOf":{"@id":"https:\/\/wunderdata.com\/#website"},"datePublished":"2014-05-21T07:45:26+00:00","dateModified":"2014-06-10T15:04:38+00:00","description":"Erkennen Sie Zeitpunkte an denen Ihre Kunden aufh\u00f6ren zu kaufen und steigern Sie Ihre Wiederkaufrate mit Analyse und gezielten Marketingkampagnen!","breadcrumb":{"@id":"https:\/\/wunderdata.com\/de\/use-cases\/wiederkaufrate-steigern\/#breadcrumb"},"inLanguage":"de","potentialAction":[{"@type":"ReadAction","target":["https:\/\/wunderdata.com\/de\/use-cases\/wiederkaufrate-steigern\/"]}]},{"@type":"BreadcrumbList","@id":"https:\/\/wunderdata.com\/de\/use-cases\/wiederkaufrate-steigern\/#breadcrumb","itemListElement":[{"@type":"ListItem","position":1,"name":"Home","item":"https:\/\/wunderdata.com\/de\/"},{"@type":"ListItem","position":2,"name":"Use Cases","item":"https:\/\/wunderdata.com\/de\/use-cases\/"},{"@type":"ListItem","position":3,"name":"Steigern Sie die Wiederkaufrate"}]},{"@type":"WebSite","@id":"https:\/\/wunderdata.com\/#website","url":"https:\/\/wunderdata.com\/","name":"Wunderdata: Business Intelligence for eCommerce","description":"Plug &amp; Play Business Intelligence for eCommerce","potentialAction":[{"@type":"SearchAction","target":{"@type":"EntryPoint","urlTemplate":"https:\/\/wunderdata.com\/?s={search_term_string}"},"query-input":{"@type":"PropertyValueSpecification","valueRequired":true,"valueName":"search_term_string"}}],"inLanguage":"de"}]}},"_links":{"self":[{"href":"https:\/\/wunderdata.com\/de\/wp-json\/wp\/v2\/pages\/4715","targetHints":{"allow":["GET"]}}],"collection":[{"href":"https:\/\/wunderdata.com\/de\/wp-json\/wp\/v2\/pages"}],"about":[{"href":"https:\/\/wunderdata.com\/de\/wp-json\/wp\/v2\/types\/page"}],"author":[{"embeddable":true,"href":"https:\/\/wunderdata.com\/de\/wp-json\/wp\/v2\/users\/6"}],"replies":[{"embeddable":true,"href":"https:\/\/wunderdata.com\/de\/wp-json\/wp\/v2\/comments?post=4715"}],"version-history":[{"count":28,"href":"https:\/\/wunderdata.com\/de\/wp-json\/wp\/v2\/pages\/4715\/revisions"}],"predecessor-version":[{"id":5486,"href":"https:\/\/wunderdata.com\/de\/wp-json\/wp\/v2\/pages\/4715\/revisions\/5486"}],"up":[{"embeddable":true,"href":"https:\/\/wunderdata.com\/de\/wp-json\/wp\/v2\/pages\/5494"}],"wp:attachment":[{"href":"https:\/\/wunderdata.com\/de\/wp-json\/wp\/v2\/media?parent=4715"}],"curies":[{"name":"wp","href":"https:\/\/api.w.org\/{rel}","templated":true}]}}