{"id":4733,"date":"2014-05-07T11:40:53","date_gmt":"2014-05-07T11:40:53","guid":{"rendered":"http:\/\/wunderdata.com\/increase-your-contribution-margins-2\/"},"modified":"2014-06-10T14:52:03","modified_gmt":"2014-06-10T14:52:03","slug":"deckungsbeitrage-steigern","status":"publish","type":"page","link":"https:\/\/wunderdata.com\/de\/use-cases\/deckungsbeitrage-steigern\/","title":{"rendered":"Steigern Sie Ihre Deckungsbeitr\u00e4ge"},"content":{"rendered":"<div class=\"wpb-content-wrapper\"><p>[vc_row][vc_column width=&#8220;1\/1&#8243;]<div class=\" \" style=\"display:block;clear:both;height:10px\"><\/div>[vc_column_text]<\/p>\n<h3><span style=\"line-height: 1.4em;\">Einige Produkte oder Kategorien verkaufen sich au\u00dfergew\u00f6hnlich gut aber wie tragen Sie<br \/>\nzum Endergebnis bei? Der Deckungsbeitrag ist die Differenz zwischen Umsatz und variablen Kosten und sagt somit aus, wie gut das Unternehmen in der Lage ist mit dem operativen Gesch\u00e4ft Gewinne zu erwirtschaften. Dadurch ist er einer der wichtigsten Indikatoren f\u00fcr die Gesundheit eines Unternehmens. <\/span><\/h3>\n<p>[\/vc_column_text]<div class=\" \" style=\"display:block;clear:both;height:10px\"><\/div>[\/vc_column][\/vc_row][vc_row][vc_column width=&#8220;1\/2&#8243;][vc_column_text el_class=&#8220;paddedList&#8220;]<\/p>\n<h2><span style=\"line-height: 1.5em;\">Problems ohne Wunderdata einusetzen:<\/span><\/h2>\n<p>Den Deckungsbeitrag f\u00fcr alle Produkte zu berechnen ist eine langwierige und komplexe Aufgabe.<\/p>\n<ul class=\"paddedList\">\n<li>Die dazu notwendigen Daten liegen in verschiedenen Systemen, von der Shopdatenbank bis zum Webtracking. Die Daten m\u00fcssen geladen, zusammengef\u00fcgt und berechnet werden.<\/li>\n<li>Es erfordert Zeit und Know-how um Stornierungen, Retouren und Betrugsf\u00e4lle richtig einzuordnen.<\/li>\n<li>Um den Deckungsbeitrag nach einer bestimmten Dimension zu segmentieren, zum Beispiel nach einer bestimmten Kategorie oder einem Produkt, muss die komplette Berechnung manuell wiederholt werden.<\/li>\n<li>Durch den manuellen Aufwand sind die Daten meistens nicht aktuell, wodurch Entscheidungen zu sp\u00e4t getroffen werden.<\/li>\n<\/ul>\n<p>[\/vc_column_text][\/vc_column][vc_column width=&#8220;1\/2&#8243;][vc_single_image image=&#8220;4734&#8243; img_link_target=&#8220;_self&#8220; img_size=&#8220;full&#8220; border_color=&#8220;grey&#8220;][\/vc_column][\/vc_row][vc_row][vc_column width=&#8220;1\/1&#8243;]<div class=\" \" style=\"display:block;clear:both;height:10px\"><\/div>[\/vc_column][\/vc_row][vc_row][vc_column width=&#8220;1\/2&#8243;][vc_single_image image=&#8220;4735&#8243; img_link_target=&#8220;_self&#8220; img_size=&#8220;full&#8220; border_color=&#8220;grey&#8220;][\/vc_column][vc_column width=&#8220;1\/2&#8243;][vc_column_text el_class=&#8220;paddedList&#8220;]<\/p>\n<h2>L\u00f6sung mit Wunderdata:<\/h2>\n<ul class=\"paddedList\">\n<li>Deckungsbeitr\u00e4ge und andere Kennzahlen werden automatisch berechnet und auf w\u00f6chentlicher oder monatlicher Basis dargestellt und sind immer up-to-date und gepr\u00fcft.<\/li>\n<li>Sie sehen alle Kosten die einem Produkt zugeschrieben werden k\u00f6nnen, wie die Einkaufskosten, Logistik, Zahlungsdienstleister, Marketing oder Retouren. Auf diese Wei\u00dfe k\u00f6nnen Sie entscheiden wo Sie Ihre Kostenstruktur optimieren k\u00f6nnen.<\/li>\n<li>Wenn Sie den globalen Filter benutzen, k\u00f6nnen Sie die Daten weiter segmentieren, um zu sehen, wie sich unterschiedliche Dimensionen auf das Endresultat auswirken.<\/li>\n<\/ul>\n<p>[\/vc_column_text][\/vc_column][\/vc_row][vc_row][vc_column width=&#8220;1\/1&#8243;][vc_separator]<div class=\"highlightbox contenttable\"><div class=\"three_fourth\">\n<h2 class=\"top10\" style=\"text-align: left;\">Jetzt anmelden und kostenlos testen.<\/h2>\n<p><\/div><div class=\"one_fourth lastcolumn\"> <a class=\"btn btn-primary btnposright top10\" href=\"http:\/\/wunderdata.com\/de\/kostenlos-testen\/\">Kostenlos testen<\/a> <\/div><div class=\"clear\"><\/div><\/div><div class=\"clear\"><\/div>[\/vc_column][\/vc_row]<\/p>\n<\/div><!-- AddThis Advanced Settings generic via filter on the_content --><!-- AddThis Share Buttons generic via filter on the_content -->","protected":false},"excerpt":{"rendered":"<p>[vc_row][vc_column width=&#8220;1\/1&#8243;][vc_column_text] Einige Produkte oder Kategorien verkaufen sich au\u00dfergew\u00f6hnlich gut aber wie tragen Sie zum Endergebnis bei? Der Deckungsbeitrag ist die Differenz zwischen Umsatz und variablen Kosten und sagt somit aus, wie gut das Unternehmen in der Lage ist mit dem operativen Gesch\u00e4ft Gewinne zu erwirtschaften. Dadurch ist er einer der wichtigsten Indikatoren f\u00fcr die &#8230;<!-- AddThis Advanced Settings generic via filter on get_the_excerpt --><!-- AddThis Share Buttons generic via filter on get_the_excerpt --><\/p>\n","protected":false},"author":6,"featured_media":0,"parent":5494,"menu_order":0,"comment_status":"closed","ping_status":"closed","template":"","meta":{"footnotes":""},"class_list":["post-4733","page","type-page","status-publish","hentry"],"yoast_head":"<!-- This site is optimized with the Yoast SEO plugin v24.2 - https:\/\/yoast.com\/wordpress\/plugins\/seo\/ -->\n<title>Wunderdata - Erh\u00f6hen Sie Ihren Deckungsbeitrag!<\/title>\n<meta name=\"description\" content=\"Sehe Sie auf einen Blick wie gut Ihr Onlineshop performed indem Sie sich automatisch alle Deckungsbeitr\u00e4ge anzeigen lassen!\" \/>\n<meta name=\"robots\" content=\"index, follow, max-snippet:-1, max-image-preview:large, max-video-preview:-1\" \/>\n<link rel=\"canonical\" href=\"https:\/\/wunderdata.com\/de\/use-cases\/deckungsbeitrage-steigern\/\" \/>\n<meta property=\"og:locale\" content=\"de_DE\" \/>\n<meta property=\"og:type\" content=\"article\" \/>\n<meta property=\"og:title\" content=\"Wunderdata - Erh\u00f6hen Sie Ihren Deckungsbeitrag!\" \/>\n<meta property=\"og:description\" content=\"Sehe Sie auf einen Blick wie gut Ihr Onlineshop performed indem Sie sich automatisch alle Deckungsbeitr\u00e4ge anzeigen lassen!\" \/>\n<meta property=\"og:url\" content=\"https:\/\/wunderdata.com\/de\/use-cases\/deckungsbeitrage-steigern\/\" \/>\n<meta property=\"og:site_name\" content=\"Wunderdata: Business Intelligence for eCommerce\" \/>\n<meta property=\"article:modified_time\" content=\"2014-06-10T14:52:03+00:00\" \/>\n<meta name=\"twitter:label1\" content=\"Gesch\u00e4tzte Lesezeit\" \/>\n\t<meta name=\"twitter:data1\" content=\"2\u00a0Minuten\" \/>\n<script type=\"application\/ld+json\" class=\"yoast-schema-graph\">{\"@context\":\"https:\/\/schema.org\",\"@graph\":[{\"@type\":\"WebPage\",\"@id\":\"https:\/\/wunderdata.com\/de\/use-cases\/deckungsbeitrage-steigern\/\",\"url\":\"https:\/\/wunderdata.com\/de\/use-cases\/deckungsbeitrage-steigern\/\",\"name\":\"Wunderdata - Erh\u00f6hen Sie Ihren Deckungsbeitrag!\",\"isPartOf\":{\"@id\":\"https:\/\/wunderdata.com\/#website\"},\"datePublished\":\"2014-05-07T11:40:53+00:00\",\"dateModified\":\"2014-06-10T14:52:03+00:00\",\"description\":\"Sehe Sie auf einen Blick wie gut Ihr Onlineshop performed indem Sie sich automatisch alle Deckungsbeitr\u00e4ge anzeigen lassen!\",\"breadcrumb\":{\"@id\":\"https:\/\/wunderdata.com\/de\/use-cases\/deckungsbeitrage-steigern\/#breadcrumb\"},\"inLanguage\":\"de\",\"potentialAction\":[{\"@type\":\"ReadAction\",\"target\":[\"https:\/\/wunderdata.com\/de\/use-cases\/deckungsbeitrage-steigern\/\"]}]},{\"@type\":\"BreadcrumbList\",\"@id\":\"https:\/\/wunderdata.com\/de\/use-cases\/deckungsbeitrage-steigern\/#breadcrumb\",\"itemListElement\":[{\"@type\":\"ListItem\",\"position\":1,\"name\":\"Home\",\"item\":\"https:\/\/wunderdata.com\/de\/\"},{\"@type\":\"ListItem\",\"position\":2,\"name\":\"Use Cases\",\"item\":\"https:\/\/wunderdata.com\/de\/use-cases\/\"},{\"@type\":\"ListItem\",\"position\":3,\"name\":\"Steigern Sie Ihre Deckungsbeitr\u00e4ge\"}]},{\"@type\":\"WebSite\",\"@id\":\"https:\/\/wunderdata.com\/#website\",\"url\":\"https:\/\/wunderdata.com\/\",\"name\":\"Wunderdata: Business Intelligence for eCommerce\",\"description\":\"Plug &amp; Play Business Intelligence for eCommerce\",\"potentialAction\":[{\"@type\":\"SearchAction\",\"target\":{\"@type\":\"EntryPoint\",\"urlTemplate\":\"https:\/\/wunderdata.com\/?s={search_term_string}\"},\"query-input\":{\"@type\":\"PropertyValueSpecification\",\"valueRequired\":true,\"valueName\":\"search_term_string\"}}],\"inLanguage\":\"de\"}]}<\/script>\n<!-- \/ Yoast SEO plugin. -->","yoast_head_json":{"title":"Wunderdata - Erh\u00f6hen Sie Ihren Deckungsbeitrag!","description":"Sehe Sie auf einen Blick wie gut Ihr Onlineshop performed indem Sie sich automatisch alle Deckungsbeitr\u00e4ge anzeigen lassen!","robots":{"index":"index","follow":"follow","max-snippet":"max-snippet:-1","max-image-preview":"max-image-preview:large","max-video-preview":"max-video-preview:-1"},"canonical":"https:\/\/wunderdata.com\/de\/use-cases\/deckungsbeitrage-steigern\/","og_locale":"de_DE","og_type":"article","og_title":"Wunderdata - Erh\u00f6hen Sie Ihren Deckungsbeitrag!","og_description":"Sehe Sie auf einen Blick wie gut Ihr Onlineshop performed indem Sie sich automatisch alle Deckungsbeitr\u00e4ge anzeigen lassen!","og_url":"https:\/\/wunderdata.com\/de\/use-cases\/deckungsbeitrage-steigern\/","og_site_name":"Wunderdata: Business Intelligence for eCommerce","article_modified_time":"2014-06-10T14:52:03+00:00","twitter_misc":{"Gesch\u00e4tzte Lesezeit":"2\u00a0Minuten"},"schema":{"@context":"https:\/\/schema.org","@graph":[{"@type":"WebPage","@id":"https:\/\/wunderdata.com\/de\/use-cases\/deckungsbeitrage-steigern\/","url":"https:\/\/wunderdata.com\/de\/use-cases\/deckungsbeitrage-steigern\/","name":"Wunderdata - Erh\u00f6hen Sie Ihren Deckungsbeitrag!","isPartOf":{"@id":"https:\/\/wunderdata.com\/#website"},"datePublished":"2014-05-07T11:40:53+00:00","dateModified":"2014-06-10T14:52:03+00:00","description":"Sehe Sie auf einen Blick wie gut Ihr Onlineshop performed indem Sie sich automatisch alle Deckungsbeitr\u00e4ge anzeigen lassen!","breadcrumb":{"@id":"https:\/\/wunderdata.com\/de\/use-cases\/deckungsbeitrage-steigern\/#breadcrumb"},"inLanguage":"de","potentialAction":[{"@type":"ReadAction","target":["https:\/\/wunderdata.com\/de\/use-cases\/deckungsbeitrage-steigern\/"]}]},{"@type":"BreadcrumbList","@id":"https:\/\/wunderdata.com\/de\/use-cases\/deckungsbeitrage-steigern\/#breadcrumb","itemListElement":[{"@type":"ListItem","position":1,"name":"Home","item":"https:\/\/wunderdata.com\/de\/"},{"@type":"ListItem","position":2,"name":"Use Cases","item":"https:\/\/wunderdata.com\/de\/use-cases\/"},{"@type":"ListItem","position":3,"name":"Steigern Sie Ihre Deckungsbeitr\u00e4ge"}]},{"@type":"WebSite","@id":"https:\/\/wunderdata.com\/#website","url":"https:\/\/wunderdata.com\/","name":"Wunderdata: Business Intelligence for eCommerce","description":"Plug &amp; Play Business Intelligence for eCommerce","potentialAction":[{"@type":"SearchAction","target":{"@type":"EntryPoint","urlTemplate":"https:\/\/wunderdata.com\/?s={search_term_string}"},"query-input":{"@type":"PropertyValueSpecification","valueRequired":true,"valueName":"search_term_string"}}],"inLanguage":"de"}]}},"_links":{"self":[{"href":"https:\/\/wunderdata.com\/de\/wp-json\/wp\/v2\/pages\/4733","targetHints":{"allow":["GET"]}}],"collection":[{"href":"https:\/\/wunderdata.com\/de\/wp-json\/wp\/v2\/pages"}],"about":[{"href":"https:\/\/wunderdata.com\/de\/wp-json\/wp\/v2\/types\/page"}],"author":[{"embeddable":true,"href":"https:\/\/wunderdata.com\/de\/wp-json\/wp\/v2\/users\/6"}],"replies":[{"embeddable":true,"href":"https:\/\/wunderdata.com\/de\/wp-json\/wp\/v2\/comments?post=4733"}],"version-history":[{"count":28,"href":"https:\/\/wunderdata.com\/de\/wp-json\/wp\/v2\/pages\/4733\/revisions"}],"predecessor-version":[{"id":5480,"href":"https:\/\/wunderdata.com\/de\/wp-json\/wp\/v2\/pages\/4733\/revisions\/5480"}],"up":[{"embeddable":true,"href":"https:\/\/wunderdata.com\/de\/wp-json\/wp\/v2\/pages\/5494"}],"wp:attachment":[{"href":"https:\/\/wunderdata.com\/de\/wp-json\/wp\/v2\/media?parent=4733"}],"curies":[{"name":"wp","href":"https:\/\/api.w.org\/{rel}","templated":true}]}}