{"id":4741,"date":"2014-05-07T08:18:59","date_gmt":"2014-05-07T08:18:59","guid":{"rendered":"http:\/\/wunderdata.com\/optimize-marketing-budget-2\/"},"modified":"2014-06-10T14:37:13","modified_gmt":"2014-06-10T14:37:13","slug":"optimieren-sie-ihre-werbekampagnen","status":"publish","type":"page","link":"https:\/\/wunderdata.com\/de\/use-cases\/optimieren-sie-ihre-werbekampagnen\/","title":{"rendered":"Optimieren Sie Ihre Werbekampagnen"},"content":{"rendered":"<div class=\"wpb-content-wrapper\"><p>[vc_row][vc_column width=&#8220;1\/1&#8243;]<div class=\" \" style=\"display:block;clear:both;height:10px\"><\/div>[vc_column_text]<\/p>\n<h3 style=\"line-height: 1.4;\">Wenn Sie Ihre Werbekampagnen auf Basis von CPC (Cost-Per-Click) oder CPO (Cost-Per-Order) optimieren, haben Sie ein verzerrtes Bild der Effektivit\u00e4t verschiedener Marketingkan\u00e4le. Was ist der echte Wert eines Kunden, den wir akquiriert haben? Google Analytics und Google Adwords hat nicht alle Daten, die wir brauchen um diese Frage zu<br \/>\nbeantworten.<\/h3>\n<p>[\/vc_column_text]<div class=\" \" style=\"display:block;clear:both;height:10px\"><\/div>[\/vc_column][\/vc_row][vc_row][vc_column width=&#8220;1\/2&#8243;][vc_column_text]<\/p>\n<h2>Problem:<\/h2>\n<div style=\"line-height: 1.8em;\">\n<p>Web Analyse Software wie Google Analytics hat Grenzen, wenn es darum geht die Effektivit\u00e4t des<br \/>\nMarketingbudgets zu beurteilen:<\/p>\n<p>1. Diese Tools ziehen Produktmargen nicht in Betracht, sondern nur Ums\u00e4tze, weil Produktkosten in Ihrer Shopdatenbank liegen und normalerweise nicht \u00fcber den Trackingpixel erfasst werden. Dadurch wird der Marketing ROI \u00fcberbewertet.<\/p>\n<p>2. Au\u00dferdem werden Widerk\u00e4ufer nicht betrachtet. Die akquirierten Kunden werden wieder kaufen und somit den Umsatz steigern. Dadurch wird der Marketing ROI unterbewertet<\/p>\n<\/div>\n<p>[\/vc_column_text][\/vc_column][vc_column width=&#8220;1\/2&#8243;][vc_column_text]<\/p>\n<h2>L\u00f6sung:<\/h2>\n<div style=\"line-height: 1.8em;\">\n<p>Wunderdata kombiniert Ihre Marketingkosten mit Produktkosten und schaut sich nicht nur den Erstkauf, sondern den kompletten Kundenlebenszyklus und somit den Customer Lifetime Value (CLV) des Kunden an. Um das Marketing zu optimieren, sind zwei Kennzahlen besser geeignet als CPC und CPO:<\/p>\n<p>1. Marketing ROI: Zeigt Ihnen wieviel Umsatz Sie durch einen Kunden \u00fcber eine Zeitspanne hinweg erwirtschaften und nicht nur durch die erste Bestellung.<\/p>\n<p>2. Cost-Income-Ratio (CIR): CIR ist noch genauer, weil es zus\u00e4tzlich noch die Produktkosten und Retourenraten mit in Betracht zieht. Auf diese Weise sehen Sie wirklich wie viel jeder Marketingkanal wert ist und k\u00f6nnen selbst entscheiden, wo Sie Ihr Marketing Budget investieren.<\/p>\n<\/div>\n<p>[\/vc_column_text][\/vc_column][\/vc_row][vc_row][vc_column width=&#8220;1\/1&#8243;]<div class=\" \" style=\"display:block;clear:both;height:15px\"><\/div>[\/vc_column][\/vc_row][vc_row][vc_column width=&#8220;1\/1&#8243;][vc_single_image image=&#8220;4742&#8243; img_link_target=&#8220;_self&#8220; img_size=&#8220;full&#8220; border_color=&#8220;grey&#8220;][\/vc_column][\/vc_row][vc_row][vc_column width=&#8220;1\/1&#8243;]<div class=\" \" style=\"display:block;clear:both;height:35px\"><\/div>[\/vc_column][\/vc_row][vc_row][vc_column width=&#8220;1\/2&#8243;][vc_column_text]<\/p>\n<h2>Optimieren Sie einzelne Keyw\u00f6rter und Kampagnen:<\/h2>\n<div style=\"line-height: 1.8em;\">\n<p>Sie k\u00f6nnen Ihre Analyse auf einzelne Keyw\u00f6rter und Kampganen ausweiten:<\/p>\n<p>1. Entscheiden Sie, welche Keyw\u00f6rter und Kampagnen qualitativ hochwertigen Traffic generieren und welche nicht.<\/p>\n<p>2. Schauen Sie mit dem globalen Filter von Wunderdata warum bestimmte Keyw\u00f6rter oder Kampagnen besser funktionieren als andere. Optimieren Sie die Ausgaben f\u00fcr gut funktionierende Kampagnen und streichen Sie Ausgaben f\u00fcr schlechte Kampagnen.<\/p>\n<\/div>\n<p>[\/vc_column_text][\/vc_column][vc_column width=&#8220;1\/2&#8243;][vc_single_image image=&#8220;4743&#8243; img_link_target=&#8220;_self&#8220; img_size=&#8220;full&#8220; border_color=&#8220;grey&#8220;][\/vc_column][\/vc_row][vc_row][vc_column width=&#8220;1\/1&#8243;][vc_separator]<div class=\"highlightbox contenttable\"><div class=\"three_fourth\">\n<h2>Jetzt anmelden und kostenlos testen.<\/h2>\n<p><\/div><div class=\"one_fourth lastcolumn\">\n<a class=\"btn btn-primary btnposright top10\" href=\"http:\/\/wunderdata.com\/de\/kostenlos-testen\/\">Kostenlos testen<\/a><br \/>\n<\/div><div class=\"clear\"><\/div><\/div><div class=\"clear\"><\/div>[\/vc_column][\/vc_row]<\/p>\n<\/div><!-- AddThis Advanced Settings generic via filter on the_content --><!-- AddThis Share Buttons generic via filter on the_content -->","protected":false},"excerpt":{"rendered":"<p>[vc_row][vc_column width=&#8220;1\/1&#8243;][vc_column_text] Wenn Sie Ihre Werbekampagnen auf Basis von CPC (Cost-Per-Click) oder CPO (Cost-Per-Order) optimieren, haben Sie ein verzerrtes Bild der Effektivit\u00e4t verschiedener Marketingkan\u00e4le. Was ist der echte Wert eines Kunden, den wir akquiriert haben? Google Analytics und Google Adwords hat nicht alle Daten, die wir brauchen um diese Frage zu beantworten. [\/vc_column_text][\/vc_column][\/vc_row][vc_row][vc_column width=&#8220;1\/2&#8243;][vc_column_text] Problem: &#8230;<!-- AddThis Advanced Settings generic via filter on get_the_excerpt --><!-- AddThis Share Buttons generic via filter on get_the_excerpt --><\/p>\n","protected":false},"author":6,"featured_media":0,"parent":5494,"menu_order":0,"comment_status":"closed","ping_status":"closed","template":"","meta":{"footnotes":""},"class_list":["post-4741","page","type-page","status-publish","hentry"],"yoast_head":"<!-- This site is optimized with the Yoast SEO plugin v24.2 - https:\/\/yoast.com\/wordpress\/plugins\/seo\/ -->\n<title>Wunderdata - Marketing Budget optimal planen und nutzen!<\/title>\n<meta name=\"description\" content=\"CPC und CPO haben ausgedient. Erfahren Sie, wie Sie Ihr Marketing Budget sinnvoll optimieren k\u00f6nnen.\" \/>\n<meta name=\"robots\" content=\"index, follow, max-snippet:-1, max-image-preview:large, max-video-preview:-1\" \/>\n<link rel=\"canonical\" href=\"https:\/\/wunderdata.com\/de\/use-cases\/optimieren-sie-ihre-werbekampagnen\/\" \/>\n<meta property=\"og:locale\" content=\"de_DE\" \/>\n<meta property=\"og:type\" content=\"article\" \/>\n<meta property=\"og:title\" content=\"Wunderdata - Marketing Budget optimal planen und nutzen!\" \/>\n<meta property=\"og:description\" content=\"CPC und CPO haben ausgedient. Erfahren Sie, wie Sie Ihr Marketing Budget sinnvoll optimieren k\u00f6nnen.\" \/>\n<meta property=\"og:url\" content=\"https:\/\/wunderdata.com\/de\/use-cases\/optimieren-sie-ihre-werbekampagnen\/\" \/>\n<meta property=\"og:site_name\" content=\"Wunderdata: Business Intelligence for eCommerce\" \/>\n<meta property=\"article:modified_time\" content=\"2014-06-10T14:37:13+00:00\" \/>\n<meta name=\"twitter:label1\" content=\"Gesch\u00e4tzte Lesezeit\" \/>\n\t<meta name=\"twitter:data1\" content=\"2\u00a0Minuten\" \/>\n<script type=\"application\/ld+json\" class=\"yoast-schema-graph\">{\"@context\":\"https:\/\/schema.org\",\"@graph\":[{\"@type\":\"WebPage\",\"@id\":\"https:\/\/wunderdata.com\/de\/use-cases\/optimieren-sie-ihre-werbekampagnen\/\",\"url\":\"https:\/\/wunderdata.com\/de\/use-cases\/optimieren-sie-ihre-werbekampagnen\/\",\"name\":\"Wunderdata - Marketing Budget optimal planen und nutzen!\",\"isPartOf\":{\"@id\":\"https:\/\/wunderdata.com\/#website\"},\"datePublished\":\"2014-05-07T08:18:59+00:00\",\"dateModified\":\"2014-06-10T14:37:13+00:00\",\"description\":\"CPC und CPO haben ausgedient. Erfahren Sie, wie Sie Ihr Marketing Budget sinnvoll optimieren k\u00f6nnen.\",\"breadcrumb\":{\"@id\":\"https:\/\/wunderdata.com\/de\/use-cases\/optimieren-sie-ihre-werbekampagnen\/#breadcrumb\"},\"inLanguage\":\"de\",\"potentialAction\":[{\"@type\":\"ReadAction\",\"target\":[\"https:\/\/wunderdata.com\/de\/use-cases\/optimieren-sie-ihre-werbekampagnen\/\"]}]},{\"@type\":\"BreadcrumbList\",\"@id\":\"https:\/\/wunderdata.com\/de\/use-cases\/optimieren-sie-ihre-werbekampagnen\/#breadcrumb\",\"itemListElement\":[{\"@type\":\"ListItem\",\"position\":1,\"name\":\"Home\",\"item\":\"https:\/\/wunderdata.com\/de\/\"},{\"@type\":\"ListItem\",\"position\":2,\"name\":\"Use Cases\",\"item\":\"https:\/\/wunderdata.com\/de\/use-cases\/\"},{\"@type\":\"ListItem\",\"position\":3,\"name\":\"Optimieren Sie Ihre Werbekampagnen\"}]},{\"@type\":\"WebSite\",\"@id\":\"https:\/\/wunderdata.com\/#website\",\"url\":\"https:\/\/wunderdata.com\/\",\"name\":\"Wunderdata: Business Intelligence for eCommerce\",\"description\":\"Plug &amp; Play Business Intelligence for eCommerce\",\"potentialAction\":[{\"@type\":\"SearchAction\",\"target\":{\"@type\":\"EntryPoint\",\"urlTemplate\":\"https:\/\/wunderdata.com\/?s={search_term_string}\"},\"query-input\":{\"@type\":\"PropertyValueSpecification\",\"valueRequired\":true,\"valueName\":\"search_term_string\"}}],\"inLanguage\":\"de\"}]}<\/script>\n<!-- \/ Yoast SEO plugin. -->","yoast_head_json":{"title":"Wunderdata - Marketing Budget optimal planen und nutzen!","description":"CPC und CPO haben ausgedient. Erfahren Sie, wie Sie Ihr Marketing Budget sinnvoll optimieren k\u00f6nnen.","robots":{"index":"index","follow":"follow","max-snippet":"max-snippet:-1","max-image-preview":"max-image-preview:large","max-video-preview":"max-video-preview:-1"},"canonical":"https:\/\/wunderdata.com\/de\/use-cases\/optimieren-sie-ihre-werbekampagnen\/","og_locale":"de_DE","og_type":"article","og_title":"Wunderdata - Marketing Budget optimal planen und nutzen!","og_description":"CPC und CPO haben ausgedient. Erfahren Sie, wie Sie Ihr Marketing Budget sinnvoll optimieren k\u00f6nnen.","og_url":"https:\/\/wunderdata.com\/de\/use-cases\/optimieren-sie-ihre-werbekampagnen\/","og_site_name":"Wunderdata: Business Intelligence for eCommerce","article_modified_time":"2014-06-10T14:37:13+00:00","twitter_misc":{"Gesch\u00e4tzte Lesezeit":"2\u00a0Minuten"},"schema":{"@context":"https:\/\/schema.org","@graph":[{"@type":"WebPage","@id":"https:\/\/wunderdata.com\/de\/use-cases\/optimieren-sie-ihre-werbekampagnen\/","url":"https:\/\/wunderdata.com\/de\/use-cases\/optimieren-sie-ihre-werbekampagnen\/","name":"Wunderdata - Marketing Budget optimal planen und nutzen!","isPartOf":{"@id":"https:\/\/wunderdata.com\/#website"},"datePublished":"2014-05-07T08:18:59+00:00","dateModified":"2014-06-10T14:37:13+00:00","description":"CPC und CPO haben ausgedient. Erfahren Sie, wie Sie Ihr Marketing Budget sinnvoll optimieren k\u00f6nnen.","breadcrumb":{"@id":"https:\/\/wunderdata.com\/de\/use-cases\/optimieren-sie-ihre-werbekampagnen\/#breadcrumb"},"inLanguage":"de","potentialAction":[{"@type":"ReadAction","target":["https:\/\/wunderdata.com\/de\/use-cases\/optimieren-sie-ihre-werbekampagnen\/"]}]},{"@type":"BreadcrumbList","@id":"https:\/\/wunderdata.com\/de\/use-cases\/optimieren-sie-ihre-werbekampagnen\/#breadcrumb","itemListElement":[{"@type":"ListItem","position":1,"name":"Home","item":"https:\/\/wunderdata.com\/de\/"},{"@type":"ListItem","position":2,"name":"Use Cases","item":"https:\/\/wunderdata.com\/de\/use-cases\/"},{"@type":"ListItem","position":3,"name":"Optimieren Sie Ihre Werbekampagnen"}]},{"@type":"WebSite","@id":"https:\/\/wunderdata.com\/#website","url":"https:\/\/wunderdata.com\/","name":"Wunderdata: Business Intelligence for eCommerce","description":"Plug &amp; Play Business Intelligence for eCommerce","potentialAction":[{"@type":"SearchAction","target":{"@type":"EntryPoint","urlTemplate":"https:\/\/wunderdata.com\/?s={search_term_string}"},"query-input":{"@type":"PropertyValueSpecification","valueRequired":true,"valueName":"search_term_string"}}],"inLanguage":"de"}]}},"_links":{"self":[{"href":"https:\/\/wunderdata.com\/de\/wp-json\/wp\/v2\/pages\/4741","targetHints":{"allow":["GET"]}}],"collection":[{"href":"https:\/\/wunderdata.com\/de\/wp-json\/wp\/v2\/pages"}],"about":[{"href":"https:\/\/wunderdata.com\/de\/wp-json\/wp\/v2\/types\/page"}],"author":[{"embeddable":true,"href":"https:\/\/wunderdata.com\/de\/wp-json\/wp\/v2\/users\/6"}],"replies":[{"embeddable":true,"href":"https:\/\/wunderdata.com\/de\/wp-json\/wp\/v2\/comments?post=4741"}],"version-history":[{"count":21,"href":"https:\/\/wunderdata.com\/de\/wp-json\/wp\/v2\/pages\/4741\/revisions"}],"predecessor-version":[{"id":5476,"href":"https:\/\/wunderdata.com\/de\/wp-json\/wp\/v2\/pages\/4741\/revisions\/5476"}],"up":[{"embeddable":true,"href":"https:\/\/wunderdata.com\/de\/wp-json\/wp\/v2\/pages\/5494"}],"wp:attachment":[{"href":"https:\/\/wunderdata.com\/de\/wp-json\/wp\/v2\/media?parent=4741"}],"curies":[{"name":"wp","href":"https:\/\/api.w.org\/{rel}","templated":true}]}}