{"id":4873,"date":"2014-06-06T14:54:18","date_gmt":"2014-06-06T14:54:18","guid":{"rendered":"http:\/\/wunderdata.com\/?page_id=4873"},"modified":"2014-08-20T14:49:51","modified_gmt":"2014-08-20T14:49:51","slug":"technologie","status":"publish","type":"page","link":"https:\/\/wunderdata.com\/de\/produkt\/technologie\/","title":{"rendered":"Technologie"},"content":{"rendered":"<div class=\"wpb-content-wrapper\"><p>[vc_row][vc_column width=&#8220;1\/1&#8243;][vc_single_image image=&#8220;4865&#8243; border_color=&#8220;grey&#8220; img_link_target=&#8220;_self&#8220; img_size=&#8220;full&#8220;][\/vc_column][\/vc_row][vc_row][vc_column width=&#8220;1\/4&#8243;][vc_column_text]<\/p>\n<h3 style=\"text-align: center;\">1<\/h3>\n<p>[\/vc_column_text][vc_column_text]<\/p>\n<h3>Alle Datenquellen<\/h3>\n<p>[\/vc_column_text][vc_column_text]Wunderdata importiert Daten aus verschiedenen Quellen, wie zum Beispiel Ihre Shopdatenbank. Unsere Konnektoren sind in der Lage, sich automatisch an die Struktur und Gr\u00f6\u00dfe Ihrer Datenbank anzupassen. Wir k\u00f6nnen direkt zu Ihrer Produktdatenbank verbinden oder zu einer Slave Datenbank. Wir verbinden uns direkt mit Cloud-basierten Anbietern wie E-Mail Providern, Web Analyse Software oder Werbeplattformen. Oft bieten diese Services nur limitierten Zugriff auf Daten. Wir laden uns direkt die Rohdaten dieser Services in Wunderdata und kombinieren diese mit den restlichen Daten Ihres Unternehmens, um Ihnen maximale Einsichten zeigen zu k\u00f6nnen. Alle anderen Daten, die nur als Excel Dateien vorhanden sind, k\u00f6nnen Sie direkt via CSV Datei hochladen, mit Google Spreadsheets synchronisieren oder direkt in die Wunderdata Benutzeroberfl\u00e4che kopieren. Unser Setup ist sehr IT-freundlich, Sie m\u00fcssen keine Daten mappen oder programmieren. Wir \u00fcbertragen Daten grunds\u00e4tzlich nur durch sichere verschl\u00fcsselte Verbindungen wie SSL oder SSH.[\/vc_column_text][\/vc_column][vc_column width=&#8220;1\/4&#8243;][vc_column_text]<\/p>\n<h3 style=\"text-align: center;\">2<\/h3>\n<p>[\/vc_column_text][vc_column_text]<\/p>\n<h3>Hoch konfigurierbarer ETL-Prozess<\/h3>\n<p>[\/vc_column_text][vc_column_text]Wir erstellen unseren ETL Prozess (Extract, Transform, Load) mit drei Hauptzielen im Hinterkopf:<\/p>\n<p><strong>Flexibilit\u00e4t<\/strong><br \/>\nJeder Kunde hat unterschiedliche Anforderungen und wir wollen die Wunderdata Implementation so einfach und problemlos wie m\u00f6glich gestalten. Deswegen haben wir eine sehr flexible Datenbankarchitektur entwickelt, die sich an die Systeme und Prozesse Ihres Shops anpasst.<\/p>\n<p><strong>Fehler-Toleranz<\/strong><br \/>\nUm alle wichtigen Daten einer Organisation zu nutzen, greifen wir auf viele externe Systeme und Datenquellen zu, sei es Ihre Shopdatenbank oder eine API zu einer Werbeplattform. Alle Aufgaben bei der Extraktion sind mit Fehlerm\u00f6glichkeiten gestaltet, um unvorhergesehene \u00c4nderungen, Ausfallzeiten und Kommunikationsprobleme mit externen System abzufedern.<\/p>\n<p><strong>Skalierbarkeit<\/strong><br \/>\nJe gr\u00f6\u00dfer ein Onlineshop wird, umso mehr Daten werden gesammelt und gespeichert. Wir wollen, dass Ihre Wunderdata Erfahrung immer die gleiche ist, egal ob Sie hundert oder hunderttausend Bestellungen im Monat haben. Daher haben wir besonderes Augenmerk auf horizontal skalierbare Systeme gelegt.[\/vc_column_text][\/vc_column][vc_column width=&#8220;1\/4&#8243;][vc_column_text]<\/p>\n<h3 style=\"text-align: center;\">3<\/h3>\n<p>[\/vc_column_text][vc_column_text]<\/p>\n<h3>Hochgeschwindigkeits Data Warehouse<\/h3>\n<p>[\/vc_column_text][vc_column_text]Wir erstellen f\u00fcr jeden Kunden ein privates, dediziertes Data Warehouse. Unsere Big Data L\u00f6sung funktioniert mit der in-memory Technologie und ist in der Lage, massive Datenanfragen parallel zu verarbeiten, um sicherzustellen, dass alle Dashboards ohne Verz\u00f6gerung laden. Wir hosten alles nur in Deutschland und arbeiten in \u00dcbereinstimmung mit dem deutschen und europ\u00e4ischen Datenschutzrecht.[\/vc_column_text][\/vc_column][vc_column width=&#8220;1\/4&#8243;][vc_column_text]<\/p>\n<h3 style=\"text-align: center;\">4<\/h3>\n<p>[\/vc_column_text][vc_column_text]<\/p>\n<h3>Einsichten in Daten<\/h3>\n<p>[\/vc_column_text][vc_column_text]Die fertig berechneten Diagramme, Tabellen und Kennzahlen k\u00f6nnen von jedem Browser abgerufen werden \u2013 es ist nicht notwendig, Software zu installieren. Dank unseres komplexen Datenmodells und der Big Data L\u00f6sung k\u00f6nnen Sie alle Dashboards basierend auf jeder beliebigen Dimension filtern und direkt die Ergebnisse sehen. Sie k\u00f6nnen auch automatische E-Mail Reports mit den wichtigsten Kennzahlen konfigurieren, damit Sie Ihren E-Mail Account nicht mehr verlassen m\u00fcssen, um Ihre Shop Performance zu \u00fcberwachen. Wenn Sie detaillierte Informationen brauchen, k\u00f6nnen Sie nat\u00fcrlich auch alle Daten im csv Format herunterladen.[\/vc_column_text][\/vc_column][\/vc_row][vc_row][vc_column width=&#8220;1\/1&#8243;]<div class=\" \" style=\"display:block;clear:both;height:50px\"><\/div><div class=\"highlightbox contenttable\"><div class=\"three_fourth\">\n<h2 class=\"top10\">Jetzt anmelden und kostenlos testen.<\/h2>\n<p><\/div><div class=\"one_fourth lastcolumn\">\u00a0<a class=\"btn btn-primary btnposright top10\" href=\"\/free-trial\">Kostenlos testen<\/a>\u00a0<\/div><div class=\"clear\"><\/div><\/div><div class=\"clear\"><\/div>[\/vc_column][\/vc_row]<\/p>\n<\/div><!-- AddThis Advanced Settings generic via filter on the_content --><!-- AddThis Share Buttons generic via filter on the_content -->","protected":false},"excerpt":{"rendered":"<p>[vc_row][vc_column width=&#8220;1\/1&#8243;][vc_single_image image=&#8220;4865&#8243; border_color=&#8220;grey&#8220; img_link_target=&#8220;_self&#8220; img_size=&#8220;full&#8220;][\/vc_column][\/vc_row][vc_row][vc_column width=&#8220;1\/4&#8243;][vc_column_text] 1 [\/vc_column_text][vc_column_text] Alle Datenquellen [\/vc_column_text][vc_column_text]Wunderdata importiert Daten aus verschiedenen Quellen, wie zum Beispiel Ihre Shopdatenbank. Unsere Konnektoren sind in der Lage, sich automatisch an die Struktur und Gr\u00f6\u00dfe Ihrer Datenbank anzupassen. Wir k\u00f6nnen direkt zu Ihrer Produktdatenbank verbinden oder zu einer Slave Datenbank. Wir verbinden uns direkt mit &#8230;<!-- AddThis Advanced Settings generic via filter on get_the_excerpt --><!-- AddThis Share Buttons generic via filter on get_the_excerpt --><\/p>\n","protected":false},"author":2,"featured_media":0,"parent":5344,"menu_order":1,"comment_status":"closed","ping_status":"closed","template":"","meta":{"footnotes":""},"class_list":["post-4873","page","type-page","status-publish","hentry"],"yoast_head":"<!-- This site is optimized with the Yoast SEO plugin v24.2 - https:\/\/yoast.com\/wordpress\/plugins\/seo\/ -->\n<title>Technologie - Wunderdata: Business Intelligence for eCommerce<\/title>\n<meta name=\"robots\" content=\"index, follow, max-snippet:-1, max-image-preview:large, max-video-preview:-1\" \/>\n<link rel=\"canonical\" href=\"https:\/\/wunderdata.com\/de\/produkt\/technologie\/\" \/>\n<meta property=\"og:locale\" content=\"de_DE\" \/>\n<meta property=\"og:type\" content=\"article\" \/>\n<meta property=\"og:title\" content=\"Technologie - Wunderdata: Business Intelligence for eCommerce\" \/>\n<meta property=\"og:description\" content=\"[vc_row][vc_column width=&#8220;1\/1&#8243;][vc_single_image image=&#8220;4865&#8243; border_color=&#8220;grey&#8220; img_link_target=&#8220;_self&#8220; img_size=&#8220;full&#8220;][\/vc_column][\/vc_row][vc_row][vc_column width=&#8220;1\/4&#8243;][vc_column_text] 1 [\/vc_column_text][vc_column_text] Alle Datenquellen [\/vc_column_text][vc_column_text]Wunderdata importiert Daten aus verschiedenen Quellen, wie zum Beispiel Ihre Shopdatenbank. Unsere Konnektoren sind in der Lage, sich automatisch an die Struktur und Gr\u00f6\u00dfe Ihrer Datenbank anzupassen. Wir k\u00f6nnen direkt zu Ihrer Produktdatenbank verbinden oder zu einer Slave Datenbank. Wir verbinden uns direkt mit ...\" \/>\n<meta property=\"og:url\" content=\"https:\/\/wunderdata.com\/de\/produkt\/technologie\/\" \/>\n<meta property=\"og:site_name\" content=\"Wunderdata: Business Intelligence for eCommerce\" \/>\n<meta property=\"article:modified_time\" content=\"2014-08-20T14:49:51+00:00\" \/>\n<meta name=\"twitter:label1\" content=\"Gesch\u00e4tzte Lesezeit\" \/>\n\t<meta name=\"twitter:data1\" content=\"3\u00a0Minuten\" \/>\n<script type=\"application\/ld+json\" class=\"yoast-schema-graph\">{\"@context\":\"https:\/\/schema.org\",\"@graph\":[{\"@type\":\"WebPage\",\"@id\":\"https:\/\/wunderdata.com\/de\/produkt\/technologie\/\",\"url\":\"https:\/\/wunderdata.com\/de\/produkt\/technologie\/\",\"name\":\"Technologie - Wunderdata: Business Intelligence for eCommerce\",\"isPartOf\":{\"@id\":\"https:\/\/wunderdata.com\/#website\"},\"datePublished\":\"2014-06-06T14:54:18+00:00\",\"dateModified\":\"2014-08-20T14:49:51+00:00\",\"breadcrumb\":{\"@id\":\"https:\/\/wunderdata.com\/de\/produkt\/technologie\/#breadcrumb\"},\"inLanguage\":\"de\",\"potentialAction\":[{\"@type\":\"ReadAction\",\"target\":[\"https:\/\/wunderdata.com\/de\/produkt\/technologie\/\"]}]},{\"@type\":\"BreadcrumbList\",\"@id\":\"https:\/\/wunderdata.com\/de\/produkt\/technologie\/#breadcrumb\",\"itemListElement\":[{\"@type\":\"ListItem\",\"position\":1,\"name\":\"Home\",\"item\":\"https:\/\/wunderdata.com\/de\/\"},{\"@type\":\"ListItem\",\"position\":2,\"name\":\"Produkt\",\"item\":\"https:\/\/wunderdata.com\/de\/produkt\/\"},{\"@type\":\"ListItem\",\"position\":3,\"name\":\"Technologie\"}]},{\"@type\":\"WebSite\",\"@id\":\"https:\/\/wunderdata.com\/#website\",\"url\":\"https:\/\/wunderdata.com\/\",\"name\":\"Wunderdata: Business Intelligence for eCommerce\",\"description\":\"Plug &amp; Play Business Intelligence for eCommerce\",\"potentialAction\":[{\"@type\":\"SearchAction\",\"target\":{\"@type\":\"EntryPoint\",\"urlTemplate\":\"https:\/\/wunderdata.com\/?s={search_term_string}\"},\"query-input\":{\"@type\":\"PropertyValueSpecification\",\"valueRequired\":true,\"valueName\":\"search_term_string\"}}],\"inLanguage\":\"de\"}]}<\/script>\n<!-- \/ Yoast SEO plugin. -->","yoast_head_json":{"title":"Technologie - Wunderdata: Business Intelligence for eCommerce","robots":{"index":"index","follow":"follow","max-snippet":"max-snippet:-1","max-image-preview":"max-image-preview:large","max-video-preview":"max-video-preview:-1"},"canonical":"https:\/\/wunderdata.com\/de\/produkt\/technologie\/","og_locale":"de_DE","og_type":"article","og_title":"Technologie - Wunderdata: Business Intelligence for eCommerce","og_description":"[vc_row][vc_column width=&#8220;1\/1&#8243;][vc_single_image image=&#8220;4865&#8243; border_color=&#8220;grey&#8220; img_link_target=&#8220;_self&#8220; img_size=&#8220;full&#8220;][\/vc_column][\/vc_row][vc_row][vc_column width=&#8220;1\/4&#8243;][vc_column_text] 1 [\/vc_column_text][vc_column_text] Alle Datenquellen [\/vc_column_text][vc_column_text]Wunderdata importiert Daten aus verschiedenen Quellen, wie zum Beispiel Ihre Shopdatenbank. Unsere Konnektoren sind in der Lage, sich automatisch an die Struktur und Gr\u00f6\u00dfe Ihrer Datenbank anzupassen. Wir k\u00f6nnen direkt zu Ihrer Produktdatenbank verbinden oder zu einer Slave Datenbank. Wir verbinden uns direkt mit ...","og_url":"https:\/\/wunderdata.com\/de\/produkt\/technologie\/","og_site_name":"Wunderdata: Business Intelligence for eCommerce","article_modified_time":"2014-08-20T14:49:51+00:00","twitter_misc":{"Gesch\u00e4tzte Lesezeit":"3\u00a0Minuten"},"schema":{"@context":"https:\/\/schema.org","@graph":[{"@type":"WebPage","@id":"https:\/\/wunderdata.com\/de\/produkt\/technologie\/","url":"https:\/\/wunderdata.com\/de\/produkt\/technologie\/","name":"Technologie - Wunderdata: Business Intelligence for eCommerce","isPartOf":{"@id":"https:\/\/wunderdata.com\/#website"},"datePublished":"2014-06-06T14:54:18+00:00","dateModified":"2014-08-20T14:49:51+00:00","breadcrumb":{"@id":"https:\/\/wunderdata.com\/de\/produkt\/technologie\/#breadcrumb"},"inLanguage":"de","potentialAction":[{"@type":"ReadAction","target":["https:\/\/wunderdata.com\/de\/produkt\/technologie\/"]}]},{"@type":"BreadcrumbList","@id":"https:\/\/wunderdata.com\/de\/produkt\/technologie\/#breadcrumb","itemListElement":[{"@type":"ListItem","position":1,"name":"Home","item":"https:\/\/wunderdata.com\/de\/"},{"@type":"ListItem","position":2,"name":"Produkt","item":"https:\/\/wunderdata.com\/de\/produkt\/"},{"@type":"ListItem","position":3,"name":"Technologie"}]},{"@type":"WebSite","@id":"https:\/\/wunderdata.com\/#website","url":"https:\/\/wunderdata.com\/","name":"Wunderdata: Business Intelligence for eCommerce","description":"Plug &amp; Play Business Intelligence for eCommerce","potentialAction":[{"@type":"SearchAction","target":{"@type":"EntryPoint","urlTemplate":"https:\/\/wunderdata.com\/?s={search_term_string}"},"query-input":{"@type":"PropertyValueSpecification","valueRequired":true,"valueName":"search_term_string"}}],"inLanguage":"de"}]}},"_links":{"self":[{"href":"https:\/\/wunderdata.com\/de\/wp-json\/wp\/v2\/pages\/4873","targetHints":{"allow":["GET"]}}],"collection":[{"href":"https:\/\/wunderdata.com\/de\/wp-json\/wp\/v2\/pages"}],"about":[{"href":"https:\/\/wunderdata.com\/de\/wp-json\/wp\/v2\/types\/page"}],"author":[{"embeddable":true,"href":"https:\/\/wunderdata.com\/de\/wp-json\/wp\/v2\/users\/2"}],"replies":[{"embeddable":true,"href":"https:\/\/wunderdata.com\/de\/wp-json\/wp\/v2\/comments?post=4873"}],"version-history":[{"count":12,"href":"https:\/\/wunderdata.com\/de\/wp-json\/wp\/v2\/pages\/4873\/revisions"}],"predecessor-version":[{"id":6450,"href":"https:\/\/wunderdata.com\/de\/wp-json\/wp\/v2\/pages\/4873\/revisions\/6450"}],"up":[{"embeddable":true,"href":"https:\/\/wunderdata.com\/de\/wp-json\/wp\/v2\/pages\/5344"}],"wp:attachment":[{"href":"https:\/\/wunderdata.com\/de\/wp-json\/wp\/v2\/media?parent=4873"}],"curies":[{"name":"wp","href":"https:\/\/api.w.org\/{rel}","templated":true}]}}