{"id":4897,"date":"2014-06-06T14:54:42","date_gmt":"2014-06-06T14:54:42","guid":{"rendered":"http:\/\/wunderdata.com\/?page_id=4897"},"modified":"2014-08-20T14:53:17","modified_gmt":"2014-08-20T14:53:17","slug":"sicherheit","status":"publish","type":"page","link":"https:\/\/wunderdata.com\/de\/produkt\/sicherheit\/","title":{"rendered":"Sicherheit"},"content":{"rendered":"<div class=\"wpb-content-wrapper\"><p>[vc_row][vc_column width=&#8220;1\/3&#8243;][vc_single_image image=&#8220;4870&#8243; border_color=&#8220;grey&#8220; img_link_target=&#8220;_self&#8220; img_size=&#8220;full&#8220;][\/vc_column][vc_column width=&#8220;2\/3&#8243;][vc_column_text]<b>Ihre Daten<\/b><br \/>\nNur autorisierte Mitarbeiter Ihres Unternehmens werden Zugriff auf die Berichte haben. Wir werden Ihre Daten nicht teilen, verkaufen, vermieten oder mit Drittparteien tauschen. Wir l\u00f6schen alle Ihre Daten, nachdem Sie die Testphase beendet haben.[\/vc_column_text][vc_column_text]<strong>Physischer Schutz<\/strong><br \/>\nUnsere Datenzentren sind rund um die Uhr mit elektronischen Zugangskontrollen, Video\u00fcberwachung und Alarm-Systemen gesichert.[\/vc_column_text][vc_column_text]<strong>Digitale Sicherheit<\/strong><br \/>\nWir sch\u00fctzen Sie vor virtuellen Gefahren, indem wir Daten nur via SSL and SSH Protokollen verschl\u00fcsselt \u00fcbertragen und Firewalls verwenden.[\/vc_column_text][vc_column_text]<strong>100% konform mit deutschen und europ\u00e4ischen Datenschutzgesetzen<\/strong><br \/>\nUnsere Server stehen ausschlie\u00dflich in Deutschland und wir erf\u00fcllen alle Bedingungen f\u00fcr die strikten deutschen und europ\u00e4ischen Datenschutzgesetze. [\/vc_column_text]<div class=\" \" style=\"display:block;clear:both;height:35px\"><\/div><div id=\"accordion_69e930cd5ac66\" class=\"accordion\"><div class=\"accordion-group \">\n\t\t\t            <div class=\"accordion-heading\">\n\t\t\t                <a class=\"accordion-toggle collapsed\" href=\"#collapse69e930cd6e855\" data-parent=\"#accordion_69e930cd5ac66\" data-toggle=\"collapse\"><div class=\"showicon icon-plus\"><\/div><div class=\"hideicon icon-minus\"><\/div>Technische und organisatorische Ma\u00dfnahmen nach \u00a79 BDSG<\/a>\n\t\t            <\/div>\n\n\t\t            <div id=\"collapse69e930cd6e855\" class=\"accordion-body collapse \">\n\t\t                <div class=\"accordion-inner\">[vc_column_text]<\/p>\n<p style=\"color: #555555;\"><span style=\"font-weight: bold;\">1. Zutrittskontrolle<\/span><br \/>\n\u2022 Elektronisches Zutrittskontrollsystem<br \/>\n\u2022 Dokumentierte Schl\u00fcssel und Chipkarten Vergabe an Mitarbeiter<br \/>\n\u2022 Video\u00fcberwachung an Ein- und Ausg\u00e4ngen<br \/>\n\u2022 Sicherheitsschl\u00f6sser<br \/>\n\u2022 Chipkartenleser<br \/>\n\u2022 Alarmanlagen<br \/>\n\u2022 Zugangsschutz<\/p>\n<p style=\"color: #555555;\"><span style=\"font-weight: bold;\">2. Zugangskontrolle<br \/>\n<\/span>\u2022 Zugang zu Rechnern\/Systemen nur mit Passw\u00f6rtern mit hohem Sicherheitsstandard (Mindestl\u00e4nge, regelm\u00e4\u00dfige \u00c4nderung etc.)<\/p>\n<p style=\"color: #555555;\"><span style=\"font-weight: bold;\">3. Zugriffskontrolle<br \/>\n<\/span>\u2022 Rollenbasiertes Berechtigungskonzept (ACL)<br \/>\n\u2022 Protokollierung von Zugriffen<br \/>\n\u2022 Passwortrichtlinien f\u00fcr Mitarbeiter und Kunden<br \/>\n\u2022 Sichere Aufbewahrung der Datentr\u00e4ger<br \/>\n\u2022 Verschl\u00fcsselung der Datentr\u00e4ger<br \/>\n\u2022 Anzahl der Administratoren auf das Notwendigste begrenzt<\/p>\n<p style=\"color: #555555;\"><span style=\"font-weight: bold;\">4. Weitergabekontrolle<br \/>\n<\/span>\u2022 Alle Mitarbeiter sind auf das Datengeheimnis nach \u00a7 5 BDSG verpflichtet<br \/>\n\u2022 Datenschutzgerechte L\u00f6schung der Daten nach Auftragsbeendigung<br \/>\n\u2022 Sicherung bei der elektronischen \u00dcbertragung durch SSL und SSH Protokolle<br \/>\n\u2022 Firewalls nach dem Stand der Technik<br \/>\n\u2022 E-Mail Verschl\u00fcsselung<\/p>\n<p style=\"color: #555555;\"><span style=\"font-weight: bold;\">5. Eingabekontrolle<\/span><br \/>\n\u2022 Die Daten werden vom Kunden selbst eingegeben<br \/>\n\u2022 \u00c4nderung der Daten werden protokolliert<\/p>\n<p style=\"color: #555555;\"><span style=\"font-weight: bold;\">6. Auftragskontrolle<\/span><br \/>\n\u2022 Alle Mitarbeiter werden in regelm\u00e4\u00dfigen Abst\u00e4nden im Datenschutzrecht unterwiesen und sind mit Verfahrens- und Benutzerrichtlinien f\u00fcr die Datenverarbeitung im Auftrag vertraut<br \/>\n\u2022 Die AGB enthalten detaillierte Angaben \u00fcber Art und Umfang der Verarbeitung und Nutzung personenbezogener Daten<br \/>\n\u2022 Datenschutzvertrag gem\u00e4\u00df den Vorgaben nach \u00a7 11 BDSG<br \/>\n\u2022 Kontrollrechte durch den Auftraggeber<\/p>\n<p style=\"color: #555555;\"><span style=\"font-weight: bold;\">7. Verf\u00fcgbarkeitskontrolle<\/span><br \/>\n\u2022 Unterbrechungsfreie Stromversorgung<br \/>\n\u2022 RAID (Festplattenspiegelung)<\/p>\n<p style=\"color: #555555;\"><span style=\"font-weight: bold;\">8. Trennungsgebot<\/span><br \/>\n\u2022 Trennung von Produktiv- und Testsystemen<br \/>\n\u2022 getrennte Ordnerstrukturen f\u00fcr jeden Kunden<br \/>\n\u2022 getrennte Datenbanken<br \/>\n\u2022 Festlegung von Datenbankrechten<br \/>\n\u2022 Logische Mandantentrennung (ACL, ETL etc.)<\/p>\n<p style=\"color: #555555;\">Bei Fragen k\u00f6nnen Sie uns jederzeit schreiben:\u00a0<a style=\"color: #0f90d7;\" title=\"Security Team\" href=\"http:\/\/wunderdata.com\/de\/sicherheitskonzept\/security@wunderdata.com\">security@wunderdata.com<\/a><\/p>\n<p>[\/vc_column_text]<\/div>\n\t\t            <\/div>\n\t\t        <\/div><\/div>[\/vc_column][\/vc_row][vc_row][vc_column width=&#8220;1\/1&#8243;]<div class=\" \" style=\"display:block;clear:both;height:35px\"><\/div><div class=\"highlightbox contenttable\"><div class=\"three_fourth\">\n<h2>Jetzt anmelden und kostenlos testen.<\/h2>\n<p><\/div><div class=\"one_fourth lastcolumn\">\n<a class=\"btn btn-primary btnposright top10\" href=\"http:\/\/wunderdata.com\/de\/kostenlos-testen\/\">Kostenlos testen<\/a><br \/>\n<\/div><div class=\"clear\"><\/div><\/div><div class=\"clear\"><\/div>[\/vc_column][\/vc_row]<\/p>\n<\/div><!-- AddThis Advanced Settings generic via filter on the_content --><!-- AddThis Share Buttons generic via filter on the_content -->","protected":false},"excerpt":{"rendered":"<p>[vc_row][vc_column width=&#8220;1\/3&#8243;][vc_single_image image=&#8220;4870&#8243; border_color=&#8220;grey&#8220; img_link_target=&#8220;_self&#8220; img_size=&#8220;full&#8220;][\/vc_column][vc_column width=&#8220;2\/3&#8243;][vc_column_text]Ihre Daten Nur autorisierte Mitarbeiter Ihres Unternehmens werden Zugriff auf die Berichte haben. Wir werden Ihre Daten nicht teilen, verkaufen, vermieten oder mit Drittparteien tauschen. Wir l\u00f6schen alle Ihre Daten, nachdem Sie die Testphase beendet haben.[\/vc_column_text][vc_column_text]Physischer Schutz Unsere Datenzentren sind rund um die Uhr mit elektronischen Zugangskontrollen, Video\u00fcberwachung und &#8230;<!-- AddThis Advanced Settings generic via filter on get_the_excerpt --><!-- AddThis Share Buttons generic via filter on get_the_excerpt --><\/p>\n","protected":false},"author":2,"featured_media":0,"parent":5344,"menu_order":0,"comment_status":"closed","ping_status":"closed","template":"","meta":{"footnotes":""},"class_list":["post-4897","page","type-page","status-publish","hentry"],"yoast_head":"<!-- This site is optimized with the Yoast SEO plugin v24.2 - https:\/\/yoast.com\/wordpress\/plugins\/seo\/ -->\n<title>Sicherheit - Wunderdata: Business Intelligence for eCommerce<\/title>\n<meta name=\"robots\" content=\"index, follow, max-snippet:-1, max-image-preview:large, max-video-preview:-1\" \/>\n<link rel=\"canonical\" href=\"https:\/\/wunderdata.com\/de\/produkt\/sicherheit\/\" \/>\n<meta property=\"og:locale\" content=\"de_DE\" \/>\n<meta property=\"og:type\" content=\"article\" \/>\n<meta property=\"og:title\" content=\"Sicherheit - Wunderdata: Business Intelligence for eCommerce\" \/>\n<meta property=\"og:description\" content=\"[vc_row][vc_column width=&#8220;1\/3&#8243;][vc_single_image image=&#8220;4870&#8243; border_color=&#8220;grey&#8220; img_link_target=&#8220;_self&#8220; img_size=&#8220;full&#8220;][\/vc_column][vc_column width=&#8220;2\/3&#8243;][vc_column_text]Ihre Daten Nur autorisierte Mitarbeiter Ihres Unternehmens werden Zugriff auf die Berichte haben. Wir werden Ihre Daten nicht teilen, verkaufen, vermieten oder mit Drittparteien tauschen. Wir l\u00f6schen alle Ihre Daten, nachdem Sie die Testphase beendet haben.[\/vc_column_text][vc_column_text]Physischer Schutz Unsere Datenzentren sind rund um die Uhr mit elektronischen Zugangskontrollen, Video\u00fcberwachung und ...\" \/>\n<meta property=\"og:url\" content=\"https:\/\/wunderdata.com\/de\/produkt\/sicherheit\/\" \/>\n<meta property=\"og:site_name\" content=\"Wunderdata: Business Intelligence for eCommerce\" \/>\n<meta property=\"article:modified_time\" content=\"2014-08-20T14:53:17+00:00\" \/>\n<meta name=\"twitter:label1\" content=\"Gesch\u00e4tzte Lesezeit\" \/>\n\t<meta name=\"twitter:data1\" content=\"2\u00a0Minuten\" \/>\n<script type=\"application\/ld+json\" class=\"yoast-schema-graph\">{\"@context\":\"https:\/\/schema.org\",\"@graph\":[{\"@type\":\"WebPage\",\"@id\":\"https:\/\/wunderdata.com\/de\/produkt\/sicherheit\/\",\"url\":\"https:\/\/wunderdata.com\/de\/produkt\/sicherheit\/\",\"name\":\"Sicherheit - Wunderdata: Business Intelligence for eCommerce\",\"isPartOf\":{\"@id\":\"https:\/\/wunderdata.com\/#website\"},\"datePublished\":\"2014-06-06T14:54:42+00:00\",\"dateModified\":\"2014-08-20T14:53:17+00:00\",\"breadcrumb\":{\"@id\":\"https:\/\/wunderdata.com\/de\/produkt\/sicherheit\/#breadcrumb\"},\"inLanguage\":\"de\",\"potentialAction\":[{\"@type\":\"ReadAction\",\"target\":[\"https:\/\/wunderdata.com\/de\/produkt\/sicherheit\/\"]}]},{\"@type\":\"BreadcrumbList\",\"@id\":\"https:\/\/wunderdata.com\/de\/produkt\/sicherheit\/#breadcrumb\",\"itemListElement\":[{\"@type\":\"ListItem\",\"position\":1,\"name\":\"Home\",\"item\":\"https:\/\/wunderdata.com\/de\/\"},{\"@type\":\"ListItem\",\"position\":2,\"name\":\"Produkt\",\"item\":\"https:\/\/wunderdata.com\/de\/produkt\/\"},{\"@type\":\"ListItem\",\"position\":3,\"name\":\"Sicherheit\"}]},{\"@type\":\"WebSite\",\"@id\":\"https:\/\/wunderdata.com\/#website\",\"url\":\"https:\/\/wunderdata.com\/\",\"name\":\"Wunderdata: Business Intelligence for eCommerce\",\"description\":\"Plug &amp; Play Business Intelligence for eCommerce\",\"potentialAction\":[{\"@type\":\"SearchAction\",\"target\":{\"@type\":\"EntryPoint\",\"urlTemplate\":\"https:\/\/wunderdata.com\/?s={search_term_string}\"},\"query-input\":{\"@type\":\"PropertyValueSpecification\",\"valueRequired\":true,\"valueName\":\"search_term_string\"}}],\"inLanguage\":\"de\"}]}<\/script>\n<!-- \/ Yoast SEO plugin. -->","yoast_head_json":{"title":"Sicherheit - Wunderdata: Business Intelligence for eCommerce","robots":{"index":"index","follow":"follow","max-snippet":"max-snippet:-1","max-image-preview":"max-image-preview:large","max-video-preview":"max-video-preview:-1"},"canonical":"https:\/\/wunderdata.com\/de\/produkt\/sicherheit\/","og_locale":"de_DE","og_type":"article","og_title":"Sicherheit - Wunderdata: Business Intelligence for eCommerce","og_description":"[vc_row][vc_column width=&#8220;1\/3&#8243;][vc_single_image image=&#8220;4870&#8243; border_color=&#8220;grey&#8220; img_link_target=&#8220;_self&#8220; img_size=&#8220;full&#8220;][\/vc_column][vc_column width=&#8220;2\/3&#8243;][vc_column_text]Ihre Daten Nur autorisierte Mitarbeiter Ihres Unternehmens werden Zugriff auf die Berichte haben. Wir werden Ihre Daten nicht teilen, verkaufen, vermieten oder mit Drittparteien tauschen. Wir l\u00f6schen alle Ihre Daten, nachdem Sie die Testphase beendet haben.[\/vc_column_text][vc_column_text]Physischer Schutz Unsere Datenzentren sind rund um die Uhr mit elektronischen Zugangskontrollen, Video\u00fcberwachung und ...","og_url":"https:\/\/wunderdata.com\/de\/produkt\/sicherheit\/","og_site_name":"Wunderdata: Business Intelligence for eCommerce","article_modified_time":"2014-08-20T14:53:17+00:00","twitter_misc":{"Gesch\u00e4tzte Lesezeit":"2\u00a0Minuten"},"schema":{"@context":"https:\/\/schema.org","@graph":[{"@type":"WebPage","@id":"https:\/\/wunderdata.com\/de\/produkt\/sicherheit\/","url":"https:\/\/wunderdata.com\/de\/produkt\/sicherheit\/","name":"Sicherheit - Wunderdata: Business Intelligence for eCommerce","isPartOf":{"@id":"https:\/\/wunderdata.com\/#website"},"datePublished":"2014-06-06T14:54:42+00:00","dateModified":"2014-08-20T14:53:17+00:00","breadcrumb":{"@id":"https:\/\/wunderdata.com\/de\/produkt\/sicherheit\/#breadcrumb"},"inLanguage":"de","potentialAction":[{"@type":"ReadAction","target":["https:\/\/wunderdata.com\/de\/produkt\/sicherheit\/"]}]},{"@type":"BreadcrumbList","@id":"https:\/\/wunderdata.com\/de\/produkt\/sicherheit\/#breadcrumb","itemListElement":[{"@type":"ListItem","position":1,"name":"Home","item":"https:\/\/wunderdata.com\/de\/"},{"@type":"ListItem","position":2,"name":"Produkt","item":"https:\/\/wunderdata.com\/de\/produkt\/"},{"@type":"ListItem","position":3,"name":"Sicherheit"}]},{"@type":"WebSite","@id":"https:\/\/wunderdata.com\/#website","url":"https:\/\/wunderdata.com\/","name":"Wunderdata: Business Intelligence for eCommerce","description":"Plug &amp; Play Business Intelligence for eCommerce","potentialAction":[{"@type":"SearchAction","target":{"@type":"EntryPoint","urlTemplate":"https:\/\/wunderdata.com\/?s={search_term_string}"},"query-input":{"@type":"PropertyValueSpecification","valueRequired":true,"valueName":"search_term_string"}}],"inLanguage":"de"}]}},"_links":{"self":[{"href":"https:\/\/wunderdata.com\/de\/wp-json\/wp\/v2\/pages\/4897","targetHints":{"allow":["GET"]}}],"collection":[{"href":"https:\/\/wunderdata.com\/de\/wp-json\/wp\/v2\/pages"}],"about":[{"href":"https:\/\/wunderdata.com\/de\/wp-json\/wp\/v2\/types\/page"}],"author":[{"embeddable":true,"href":"https:\/\/wunderdata.com\/de\/wp-json\/wp\/v2\/users\/2"}],"replies":[{"embeddable":true,"href":"https:\/\/wunderdata.com\/de\/wp-json\/wp\/v2\/comments?post=4897"}],"version-history":[{"count":8,"href":"https:\/\/wunderdata.com\/de\/wp-json\/wp\/v2\/pages\/4897\/revisions"}],"predecessor-version":[{"id":6451,"href":"https:\/\/wunderdata.com\/de\/wp-json\/wp\/v2\/pages\/4897\/revisions\/6451"}],"up":[{"embeddable":true,"href":"https:\/\/wunderdata.com\/de\/wp-json\/wp\/v2\/pages\/5344"}],"wp:attachment":[{"href":"https:\/\/wunderdata.com\/de\/wp-json\/wp\/v2\/media?parent=4897"}],"curies":[{"name":"wp","href":"https:\/\/api.w.org\/{rel}","templated":true}]}}