{"id":5288,"date":"2014-06-06T14:55:15","date_gmt":"2014-06-06T14:55:15","guid":{"rendered":"http:\/\/wunderdata.com\/?page_id=5288"},"modified":"2014-08-20T14:43:44","modified_gmt":"2014-08-20T14:43:44","slug":"features","status":"publish","type":"page","link":"https:\/\/wunderdata.com\/de\/produkt\/features\/","title":{"rendered":"Features"},"content":{"rendered":"<div class=\"wpb-content-wrapper\"><p>[vc_row][vc_column width=&#8220;1\/2&#8243;][vc_column_text]<\/p>\n<h2>Produkt<\/h2>\n<p>[\/vc_column_text][\/vc_column][vc_column width=&#8220;1\/2&#8243;][vc_column_text]<\/p>\n<h2>Service<\/h2>\n<p>[\/vc_column_text][\/vc_column][\/vc_row][vc_row][vc_column width=&#8220;1\/2&#8243;][vc_column_text]<strong>Globale Filter<br \/>\n<\/strong>Segmentieren Sie alle Berichte nach jeder beliebigen Dimension und sehen Sie die Ergebnisse in Echtzeit! Dazu sind nur wenige Klicks n\u00f6tig.\u00a0Es ist nicht notwendig, zu Programmieren oder das Datenmodell anzufassen.[\/vc_column_text][vc_column_text]<strong>Erstellen Sie individuelle Tabellen<\/strong><br \/>\nWenn Sie neben unseren vorkonfigurierten Tabellen noch individuelle erstellen wollen, k\u00f6nnen Sie das mit unserem Table-Builder tun. Das funktioniert einfach via Drag and Drop.<\/p>\n<p><strong>Detaillierte Exporte \u00a0<\/strong><br \/>\nSie wollen wirklich alle Details sehen? Kein Problem. Exportieren Sie einfach alle Daten, die Sie brauchen. Wir geben Ihnen nicht nur oberfl\u00e4chliche Kennzahlen, sondern gehen zur maximalen Granularit\u00e4t der Daten runter.<\/p>\n<p><strong>Reports per E-Mail\u00a0<\/strong><br \/>\nBekommen Sie jeden Tag, jede Woche oder jeden Monat die wichtigsten Kennzahlen per E-Mail zugeschickt.<\/p>\n<p><strong>Daten auf Nutzerebene<\/strong><br \/>\nGoogle Analytics alleine zeigt Ihnen was passiert. In Kombination mit Wunderdata, k\u00f6nnen wir Ihnen zeigen wer etwas macht.<\/p>\n<p><strong>Zahlungs- und Logistikkosten miteinbezogen\u00a0<\/strong><br \/>\nWenn Sie Ihre Kosten f\u00fcr Logistik und Zahlungsdienstleister nicht in einer strukturierten Form haben und nicht manuell hochladen wollen, k\u00f6nnen Sie die Kosten einfach mit Regeln und Bedingungen definieren.<\/p>\n<p><strong>Professionelles Attributionsmodell\u00a0<\/strong><br \/>\nEin Attributionsmodell weist Verk\u00e4ufe aus dem Marketing verschiedenen Ber\u00fchrungspunkten zu. Zum Beispiel wird die Attribution \u201cLetzte Interaktion\u201d der Bestellung zugeschrieben. Mit Wunderdatas Attributionsmodell k\u00f6nnen Sie entscheiden, welche Marketingkan\u00e4le am besten funktionieren \u2013 selbst mit mehreren Ber\u00fchrungspunkten vor dem Kauf.<\/p>\n<p><strong>Verwaltung von Nutzer- und Zugriffsrechten \u00a0<\/strong><br \/>\nNicht jeder im Unternehmen muss alle Berichte sehen. Erstellen Sie neue Nutzer und vergeben Sie individuelle Rechte f\u00fcr verschiedene Mitarbeiter.<\/p>\n<p><strong>Kohortenanalyse \u00a0<\/strong><br \/>\nIdentifizieren Sie Trends \u00fcber eine Zeitperiode hinweg und messen Sie, wie sich \u00c4nderungen an ihrem Unternehmen auswirken. Sie k\u00f6nnen Kohorten nicht nur auf Basis des Kaufdatums sehen, sondern auf Basis aller vorhandenen Dimensionen.<\/p>\n<p><strong>Fertige Dashboards<\/strong><br \/>\nStarten Sie mit vorkonfigurierten Diagrammen, Tabellen und Kennzahlen, speziell ausgerichtet auf die Bed\u00fcrfnisse eines Onlineshops.[\/vc_column_text][\/vc_column][vc_column width=&#8220;1\/2&#8243;][vc_column_text]<strong>Mehr IT-Ressourcen \u00a0<\/strong><br \/>\nMit Wunderdata brauchen Sie Ihr IT-Team nie wieder mit SQL Abfragen oder Datenmodellen von der eigentlichen Arbeit abhalten. Bei uns funktioniert alles \u00fcber die Benutzeroberfl\u00e4che und um das Datenmodell k\u00fcmmern sich unsere Experten.<\/p>\n<p><strong>eCommerce\u00a0Expertenwissen<\/strong><br \/>\nWir konzentrieren uns zu 100% auf eCommerce und machen diese eine Sache 100% richtig. Alle unsere Mitarbeiter haben jahrelange eCommerce Erfahrung und wir implementieren kontinuierlich neue Erfahrungen in Wunderdata. Auf diese Weise k\u00f6nnen Sie sicher sein, immer einen Schritt vor Ihrer Konkurrenz zu sein.<\/p>\n<p><strong>Kostenlose 5 Minuten Implementation<\/strong><br \/>\nWunderdata zu implementieren ist kein IT-Projekt. Es dauert nur wenige Minuten, die notwendigen Informationen bei Wunderdata einzugeben und der Rest passiert auf unserer Seite.<\/p>\n<p><strong>Big Data L\u00f6sung\u00a0<\/strong><br \/>\nWir glauben, dass eine Business Intelligence L\u00f6sung von der ersten Minute eines Onlineshops vorhanden sein und \u00fcber den ganzen Lebenszyklus fortbestehen sollte. Mit unserer Big Data L\u00f6sung haben Sie blitzschnelle Reaktionszeiten und k\u00f6nnen Wunderdata unabh\u00e4ngig davon nutzen, ob sie hundert oder hunderttausend Bestellungen im Monat haben.<\/p>\n<p><strong>Kostenloser E-Mail und Telefon Service <\/strong><br \/>\nHaben Sie ein Problem oder brauchen Sie Hilfe? Rufen Sie uns an oder schreiben Sie uns eine E-Mail, wir helfen gerne.<\/p>\n<p><strong>Keine versteckten Kosten \u00a0<\/strong><br \/>\nBei Wunderdata ist alles mitinbegriffen. Keine Setup-kosten, keine Wartungskosten und kostenloser Support.<\/p>\n<p><strong>Keine Software-Probleme\u00a0<\/strong><br \/>\nUm Wunderdata zu nutzen, brauchen Sie nur einen Browser. Es ist nicht notwendig, Software zu installieren oder Server einzurichten.<\/p>\n<p><strong>100% Datenschutzkonform<\/strong><br \/>\nUnsere Server stehen in Deutschland und wir arbeiten in \u00dcbereinstimmung mit den strikten europ\u00e4ischen und deutschem Datenschutzgesetzen.[\/vc_column_text][\/vc_column][\/vc_row][vc_row][vc_column width=&#8220;1\/1&#8243;]<div class=\" \" style=\"display:block;clear:both;height:50px\"><\/div><div class=\"highlightbox contenttable\"><div class=\"three_fourth\">\n<h2 class=\"top10\">Jetzt anmelden und kostenlos testen.<\/h2>\n<p><\/div><div class=\"one_fourth lastcolumn\">\u00a0<a class=\"btn btn-primary btnposright top10\" href=\"\/free-trial\">Kostenlos testen<\/a>\u00a0<\/div><div class=\"clear\"><\/div><\/div><div class=\"clear\"><\/div>[\/vc_column][\/vc_row]<\/p>\n<\/div><!-- AddThis Advanced Settings generic via filter on the_content --><!-- AddThis Share Buttons generic via filter on the_content -->","protected":false},"excerpt":{"rendered":"<p>[vc_row][vc_column width=&#8220;1\/2&#8243;][vc_column_text] Produkt [\/vc_column_text][\/vc_column][vc_column width=&#8220;1\/2&#8243;][vc_column_text] Service [\/vc_column_text][\/vc_column][\/vc_row][vc_row][vc_column width=&#8220;1\/2&#8243;][vc_column_text]Globale Filter Segmentieren Sie alle Berichte nach jeder beliebigen Dimension und sehen Sie die Ergebnisse in Echtzeit! Dazu sind nur wenige Klicks n\u00f6tig.\u00a0Es ist nicht notwendig, zu Programmieren oder das Datenmodell anzufassen.[\/vc_column_text][vc_column_text]Erstellen Sie individuelle Tabellen Wenn Sie neben unseren vorkonfigurierten Tabellen noch individuelle erstellen wollen, k\u00f6nnen Sie das &#8230;<!-- AddThis Advanced Settings generic via filter on get_the_excerpt --><!-- AddThis Share Buttons generic via filter on get_the_excerpt --><\/p>\n","protected":false},"author":2,"featured_media":0,"parent":5344,"menu_order":0,"comment_status":"closed","ping_status":"closed","template":"","meta":{"footnotes":""},"class_list":["post-5288","page","type-page","status-publish","hentry"],"yoast_head":"<!-- This site is optimized with the Yoast SEO plugin v24.2 - https:\/\/yoast.com\/wordpress\/plugins\/seo\/ -->\n<title>Features - Wunderdata: Business Intelligence for eCommerce<\/title>\n<meta name=\"robots\" content=\"index, follow, max-snippet:-1, max-image-preview:large, max-video-preview:-1\" \/>\n<link rel=\"canonical\" href=\"https:\/\/wunderdata.com\/de\/produkt\/features\/\" \/>\n<meta property=\"og:locale\" content=\"de_DE\" \/>\n<meta property=\"og:type\" content=\"article\" \/>\n<meta property=\"og:title\" content=\"Features - Wunderdata: Business Intelligence for eCommerce\" \/>\n<meta property=\"og:description\" content=\"[vc_row][vc_column width=&#8220;1\/2&#8243;][vc_column_text] Produkt [\/vc_column_text][\/vc_column][vc_column width=&#8220;1\/2&#8243;][vc_column_text] Service [\/vc_column_text][\/vc_column][\/vc_row][vc_row][vc_column width=&#8220;1\/2&#8243;][vc_column_text]Globale Filter Segmentieren Sie alle Berichte nach jeder beliebigen Dimension und sehen Sie die Ergebnisse in Echtzeit! Dazu sind nur wenige Klicks n\u00f6tig.\u00a0Es ist nicht notwendig, zu Programmieren oder das Datenmodell anzufassen.[\/vc_column_text][vc_column_text]Erstellen Sie individuelle Tabellen Wenn Sie neben unseren vorkonfigurierten Tabellen noch individuelle erstellen wollen, k\u00f6nnen Sie das ...\" \/>\n<meta property=\"og:url\" content=\"https:\/\/wunderdata.com\/de\/produkt\/features\/\" \/>\n<meta property=\"og:site_name\" content=\"Wunderdata: Business Intelligence for eCommerce\" \/>\n<meta property=\"article:modified_time\" content=\"2014-08-20T14:43:44+00:00\" \/>\n<meta name=\"twitter:label1\" content=\"Gesch\u00e4tzte Lesezeit\" \/>\n\t<meta name=\"twitter:data1\" content=\"3\u00a0Minuten\" \/>\n<script type=\"application\/ld+json\" class=\"yoast-schema-graph\">{\"@context\":\"https:\/\/schema.org\",\"@graph\":[{\"@type\":\"WebPage\",\"@id\":\"https:\/\/wunderdata.com\/de\/produkt\/features\/\",\"url\":\"https:\/\/wunderdata.com\/de\/produkt\/features\/\",\"name\":\"Features - Wunderdata: Business Intelligence for eCommerce\",\"isPartOf\":{\"@id\":\"https:\/\/wunderdata.com\/#website\"},\"datePublished\":\"2014-06-06T14:55:15+00:00\",\"dateModified\":\"2014-08-20T14:43:44+00:00\",\"breadcrumb\":{\"@id\":\"https:\/\/wunderdata.com\/de\/produkt\/features\/#breadcrumb\"},\"inLanguage\":\"de\",\"potentialAction\":[{\"@type\":\"ReadAction\",\"target\":[\"https:\/\/wunderdata.com\/de\/produkt\/features\/\"]}]},{\"@type\":\"BreadcrumbList\",\"@id\":\"https:\/\/wunderdata.com\/de\/produkt\/features\/#breadcrumb\",\"itemListElement\":[{\"@type\":\"ListItem\",\"position\":1,\"name\":\"Home\",\"item\":\"https:\/\/wunderdata.com\/de\/\"},{\"@type\":\"ListItem\",\"position\":2,\"name\":\"Produkt\",\"item\":\"https:\/\/wunderdata.com\/de\/produkt\/\"},{\"@type\":\"ListItem\",\"position\":3,\"name\":\"Features\"}]},{\"@type\":\"WebSite\",\"@id\":\"https:\/\/wunderdata.com\/#website\",\"url\":\"https:\/\/wunderdata.com\/\",\"name\":\"Wunderdata: Business Intelligence for eCommerce\",\"description\":\"Plug &amp; Play Business Intelligence for eCommerce\",\"potentialAction\":[{\"@type\":\"SearchAction\",\"target\":{\"@type\":\"EntryPoint\",\"urlTemplate\":\"https:\/\/wunderdata.com\/?s={search_term_string}\"},\"query-input\":{\"@type\":\"PropertyValueSpecification\",\"valueRequired\":true,\"valueName\":\"search_term_string\"}}],\"inLanguage\":\"de\"}]}<\/script>\n<!-- \/ Yoast SEO plugin. -->","yoast_head_json":{"title":"Features - Wunderdata: Business Intelligence for eCommerce","robots":{"index":"index","follow":"follow","max-snippet":"max-snippet:-1","max-image-preview":"max-image-preview:large","max-video-preview":"max-video-preview:-1"},"canonical":"https:\/\/wunderdata.com\/de\/produkt\/features\/","og_locale":"de_DE","og_type":"article","og_title":"Features - Wunderdata: Business Intelligence for eCommerce","og_description":"[vc_row][vc_column width=&#8220;1\/2&#8243;][vc_column_text] Produkt [\/vc_column_text][\/vc_column][vc_column width=&#8220;1\/2&#8243;][vc_column_text] Service [\/vc_column_text][\/vc_column][\/vc_row][vc_row][vc_column width=&#8220;1\/2&#8243;][vc_column_text]Globale Filter Segmentieren Sie alle Berichte nach jeder beliebigen Dimension und sehen Sie die Ergebnisse in Echtzeit! Dazu sind nur wenige Klicks n\u00f6tig.\u00a0Es ist nicht notwendig, zu Programmieren oder das Datenmodell anzufassen.[\/vc_column_text][vc_column_text]Erstellen Sie individuelle Tabellen Wenn Sie neben unseren vorkonfigurierten Tabellen noch individuelle erstellen wollen, k\u00f6nnen Sie das ...","og_url":"https:\/\/wunderdata.com\/de\/produkt\/features\/","og_site_name":"Wunderdata: Business Intelligence for eCommerce","article_modified_time":"2014-08-20T14:43:44+00:00","twitter_misc":{"Gesch\u00e4tzte Lesezeit":"3\u00a0Minuten"},"schema":{"@context":"https:\/\/schema.org","@graph":[{"@type":"WebPage","@id":"https:\/\/wunderdata.com\/de\/produkt\/features\/","url":"https:\/\/wunderdata.com\/de\/produkt\/features\/","name":"Features - Wunderdata: Business Intelligence for eCommerce","isPartOf":{"@id":"https:\/\/wunderdata.com\/#website"},"datePublished":"2014-06-06T14:55:15+00:00","dateModified":"2014-08-20T14:43:44+00:00","breadcrumb":{"@id":"https:\/\/wunderdata.com\/de\/produkt\/features\/#breadcrumb"},"inLanguage":"de","potentialAction":[{"@type":"ReadAction","target":["https:\/\/wunderdata.com\/de\/produkt\/features\/"]}]},{"@type":"BreadcrumbList","@id":"https:\/\/wunderdata.com\/de\/produkt\/features\/#breadcrumb","itemListElement":[{"@type":"ListItem","position":1,"name":"Home","item":"https:\/\/wunderdata.com\/de\/"},{"@type":"ListItem","position":2,"name":"Produkt","item":"https:\/\/wunderdata.com\/de\/produkt\/"},{"@type":"ListItem","position":3,"name":"Features"}]},{"@type":"WebSite","@id":"https:\/\/wunderdata.com\/#website","url":"https:\/\/wunderdata.com\/","name":"Wunderdata: Business Intelligence for eCommerce","description":"Plug &amp; Play Business Intelligence for eCommerce","potentialAction":[{"@type":"SearchAction","target":{"@type":"EntryPoint","urlTemplate":"https:\/\/wunderdata.com\/?s={search_term_string}"},"query-input":{"@type":"PropertyValueSpecification","valueRequired":true,"valueName":"search_term_string"}}],"inLanguage":"de"}]}},"_links":{"self":[{"href":"https:\/\/wunderdata.com\/de\/wp-json\/wp\/v2\/pages\/5288","targetHints":{"allow":["GET"]}}],"collection":[{"href":"https:\/\/wunderdata.com\/de\/wp-json\/wp\/v2\/pages"}],"about":[{"href":"https:\/\/wunderdata.com\/de\/wp-json\/wp\/v2\/types\/page"}],"author":[{"embeddable":true,"href":"https:\/\/wunderdata.com\/de\/wp-json\/wp\/v2\/users\/2"}],"replies":[{"embeddable":true,"href":"https:\/\/wunderdata.com\/de\/wp-json\/wp\/v2\/comments?post=5288"}],"version-history":[{"count":7,"href":"https:\/\/wunderdata.com\/de\/wp-json\/wp\/v2\/pages\/5288\/revisions"}],"predecessor-version":[{"id":6449,"href":"https:\/\/wunderdata.com\/de\/wp-json\/wp\/v2\/pages\/5288\/revisions\/6449"}],"up":[{"embeddable":true,"href":"https:\/\/wunderdata.com\/de\/wp-json\/wp\/v2\/pages\/5344"}],"wp:attachment":[{"href":"https:\/\/wunderdata.com\/de\/wp-json\/wp\/v2\/media?parent=5288"}],"curies":[{"name":"wp","href":"https:\/\/api.w.org\/{rel}","templated":true}]}}