{"id":5313,"date":"2014-06-06T14:55:07","date_gmt":"2014-06-06T14:55:07","guid":{"rendered":"http:\/\/wunderdata.com\/?page_id=5313"},"modified":"2014-08-20T15:01:39","modified_gmt":"2014-08-20T15:01:39","slug":"wunderdata-im-vergleich","status":"publish","type":"page","link":"https:\/\/wunderdata.com\/de\/produkt\/wunderdata-im-vergleich\/","title":{"rendered":"Wunderdata im Vergleich"},"content":{"rendered":"<div class=\"wpb-content-wrapper\"><p>[vc_row][vc_column width=&#8220;1\/1&#8243;][vc_column_text]<\/p>\n<h3 class=\"p1\" style=\"line-height: 1.2em;\">Es scheint, als g\u00e4be es eine \u00fcberw\u00e4ltigende Anzahl an Business Intelligence Angeboten. Und alle behaupten mehr oder weniger das Gleiche: aufschlussreich, einfach zu bedienen, flexibel und nat\u00fcrlich bezahlbar. Aber wie w\u00e4hlen Sie das richtige Angebot? Folgend ist eine kurze Zusammenfassung, wie Wunderdata im Vergleich zu Alternativen abschneidet.<\/h3>\n<p>[\/vc_column_text][\/vc_column][\/vc_row][vc_row][vc_column width=&#8220;1\/1&#8243;][vc_column_text]<strong>Klassische\u00a0Enterprise Business Intelligence<\/strong><br \/>\nKlassische Enterprise L\u00f6sungen werden von SAP, Oracle und Anderen angeboten. W\u00e4hrend diese Software skalierbar und leistungsstark ist, erfordert sie gleichzeitig viel Zeit, Geld und Know-how, um sie zu implementieren und nutzen zu k\u00f6nnen. Wunderdata l\u00f6st genau diese Probleme: Unsere Cloud-L\u00f6sung ist in Minuten implementiert (anstatt in Monaten), es werden keine besonderen IT- oder Analyse-F\u00e4higkeiten vorausgesetzt (im Gegensatz zu extensiven Fortbildungen und Beratungen) und die Preise sind darauf ausgerichtet, mit Ihrem Unternehmen zu wachsen (anstatt hohe Implementations- und Wartungskosten zu fordern).[\/vc_column_text][vc_column_text]<strong>Dashboards und Monitoring\u00a0Software<\/strong><br \/>\nMonitoring- und Dashboarding-Software ist praktisch, um Daten an einem Fernseher darzustellen und die Dashboards sehen sch\u00f6n aus. Aber so sch\u00f6n wie Sie aussehen, so nutzlos sind die Daten f\u00fcr echte Einsichten und konkrete Handlungsempfehlungen. Die Zahlen werden aus verschiedenen Systemen nur gesammelt und nebeneinander angezeigt. Der Nutzen einer echten Business Intelligence L\u00f6sung wie Wunderdata liegt aber gerade darin, Daten aus verschiedenen Datenquellen in Beziehung miteinander zu setzen und auf dieser Basis professionelle Kennzahlen zu generieren.[\/vc_column_text][vc_column_text]<strong>Web\u00a0Analyse Software<\/strong><br \/>\nWeb Analyse Software wie Google Analytics ist praktisch, um das Verhalten von Besuchern auf der Webseite zu verfolgen. Allerdings hat Webtracking seine Limitationen, wodurch es kein Ersatz f\u00fcr eine Business Intelligence L\u00f6sung ist. Zum Beispiel ist das Tracking f\u00fcr Bestellungen ungenau, weil nur ein direkter Zugriff auf die Shopdatenbank korrekte Daten liefern kann und nicht nur ein Trackingpixel. Au\u00dferdem ist es nicht m\u00f6glich, externe Datenquellen anzubinden, wodurch die wichtigsten Metriken wie Marketing ROI oder Deckungsbeitr\u00e4ge nicht enthalten sind. Zus\u00e4tzlich gibt Google Analytics keine Daten auf Nutzer-Ebene aus, sondern nur aggregiert, wodurch zum Beispiel Kohortenanalysen nicht berechnet werden k\u00f6nnen. Diese Probleme werden gel\u00f6st, wenn neben einer Trackingsoftware wie Google Analytic Wunderdata zum Einsatz kommt. So kann man die St\u00e4rken beider Ans\u00e4tze verbinden. Web Analyse Software ist unabdingbar f\u00fcr jeden Shop, eignet sich alleine aber nicht als zentrales Informationswerkzeug um Entscheidungen zu treffen.[\/vc_column_text][vc_column_text]<strong>Open Source und Selbstbaul\u00f6sunge<\/strong><b>n<\/b><br \/>\nLizenzfreie Software sieht auf den ersten Blick sehr attraktiv aus aber die Folgekosten durch Integration, Wartung und Beratung sind im Business Intelligence Bereich sehr hoch. Eine SQL Abfrage zu schreiben ist einfach aber eine skalierbare, flexible, sichere und nutzerfreundliche L\u00f6sung zu bauen ist nicht so einfach. Meistens ist es nicht die Kernkompetenz der hauseigenen IT, ein Data Warehouse aufzubauen und einen Datenexperten mit speziellem eCommerce Know-how anzustellen ist sehr teuer. Es gibt viele Probleme, die vor einem Business Intelligence Projekt \u00fcbersehen werden. Zum Beispiel hat fast jede Anwendung ihre systemeigene Zeitzone, wodurch der Datenw\u00fcrfel jedes Mal neu gebaut werden muss, wenn Sie eine Dimension hinzuf\u00fcgen wollen. Au\u00dferdem hat MySQL Schwierigkeiten mit Performance und Skalierbarkeit und Hochgeschwindigkeits-Datenbanken erfordern komplett neue F\u00e4higkeiten und Ans\u00e4tze. Mit Wunderdata sind diese Probleme gel\u00f6st und alles inklusive. Es gibt keine Implementationskosten, keinen Wartungsaufwand, kostenlosen Support und die interne IT kann sich um das Kerngesch\u00e4ft k\u00fcmmern.[\/vc_column_text]<div class=\" \" style=\"display:block;clear:both;height:75px\"><\/div><div class=\"highlightbox contenttable\"><div class=\"three_fourth\">\n<h2 class=\"top10\" style=\"text-align: left;\">Jetzt anmelden und kostenlos testen.<\/h2>\n<p><\/div><div class=\"one_fourth lastcolumn\"> <a class=\"btn btn-primary btnposright top10\" href=\"\/free-trial\">Kostenlos testen<\/a> <\/div><div class=\"clear\"><\/div><\/div><div class=\"clear\"><\/div>[\/vc_column][\/vc_row]<\/p>\n<\/div><!-- AddThis Advanced Settings generic via filter on the_content --><!-- AddThis Share Buttons generic via filter on the_content -->","protected":false},"excerpt":{"rendered":"<p>[vc_row][vc_column width=&#8220;1\/1&#8243;][vc_column_text] Es scheint, als g\u00e4be es eine \u00fcberw\u00e4ltigende Anzahl an Business Intelligence Angeboten. Und alle behaupten mehr oder weniger das Gleiche: aufschlussreich, einfach zu bedienen, flexibel und nat\u00fcrlich bezahlbar. Aber wie w\u00e4hlen Sie das richtige Angebot? Folgend ist eine kurze Zusammenfassung, wie Wunderdata im Vergleich zu Alternativen abschneidet. [\/vc_column_text][\/vc_column][\/vc_row][vc_row][vc_column width=&#8220;1\/1&#8243;][vc_column_text]Klassische\u00a0Enterprise Business Intelligence Klassische Enterprise &#8230;<!-- AddThis Advanced Settings generic via filter on get_the_excerpt --><!-- AddThis Share Buttons generic via filter on get_the_excerpt --><\/p>\n","protected":false},"author":2,"featured_media":0,"parent":5344,"menu_order":0,"comment_status":"closed","ping_status":"closed","template":"","meta":{"footnotes":""},"class_list":["post-5313","page","type-page","status-publish","hentry"],"yoast_head":"<!-- This site is optimized with the Yoast SEO plugin v24.2 - https:\/\/yoast.com\/wordpress\/plugins\/seo\/ -->\n<title>Wunderdata im Vergleich - Wunderdata: Business Intelligence for eCommerce<\/title>\n<meta name=\"robots\" content=\"index, follow, max-snippet:-1, max-image-preview:large, max-video-preview:-1\" \/>\n<link rel=\"canonical\" href=\"https:\/\/wunderdata.com\/de\/produkt\/wunderdata-im-vergleich\/\" \/>\n<meta property=\"og:locale\" content=\"de_DE\" \/>\n<meta property=\"og:type\" content=\"article\" \/>\n<meta property=\"og:title\" content=\"Wunderdata im Vergleich - Wunderdata: Business Intelligence for eCommerce\" \/>\n<meta property=\"og:description\" content=\"[vc_row][vc_column width=&#8220;1\/1&#8243;][vc_column_text] Es scheint, als g\u00e4be es eine \u00fcberw\u00e4ltigende Anzahl an Business Intelligence Angeboten. Und alle behaupten mehr oder weniger das Gleiche: aufschlussreich, einfach zu bedienen, flexibel und nat\u00fcrlich bezahlbar. Aber wie w\u00e4hlen Sie das richtige Angebot? Folgend ist eine kurze Zusammenfassung, wie Wunderdata im Vergleich zu Alternativen abschneidet. [\/vc_column_text][\/vc_column][\/vc_row][vc_row][vc_column width=&#8220;1\/1&#8243;][vc_column_text]Klassische\u00a0Enterprise Business Intelligence Klassische Enterprise ...\" \/>\n<meta property=\"og:url\" content=\"https:\/\/wunderdata.com\/de\/produkt\/wunderdata-im-vergleich\/\" \/>\n<meta property=\"og:site_name\" content=\"Wunderdata: Business Intelligence for eCommerce\" \/>\n<meta property=\"article:modified_time\" content=\"2014-08-20T15:01:39+00:00\" \/>\n<meta name=\"twitter:label1\" content=\"Gesch\u00e4tzte Lesezeit\" \/>\n\t<meta name=\"twitter:data1\" content=\"3\u00a0Minuten\" \/>\n<script type=\"application\/ld+json\" class=\"yoast-schema-graph\">{\"@context\":\"https:\/\/schema.org\",\"@graph\":[{\"@type\":\"WebPage\",\"@id\":\"https:\/\/wunderdata.com\/de\/produkt\/wunderdata-im-vergleich\/\",\"url\":\"https:\/\/wunderdata.com\/de\/produkt\/wunderdata-im-vergleich\/\",\"name\":\"Wunderdata im Vergleich - Wunderdata: Business Intelligence for eCommerce\",\"isPartOf\":{\"@id\":\"https:\/\/wunderdata.com\/#website\"},\"datePublished\":\"2014-06-06T14:55:07+00:00\",\"dateModified\":\"2014-08-20T15:01:39+00:00\",\"breadcrumb\":{\"@id\":\"https:\/\/wunderdata.com\/de\/produkt\/wunderdata-im-vergleich\/#breadcrumb\"},\"inLanguage\":\"de\",\"potentialAction\":[{\"@type\":\"ReadAction\",\"target\":[\"https:\/\/wunderdata.com\/de\/produkt\/wunderdata-im-vergleich\/\"]}]},{\"@type\":\"BreadcrumbList\",\"@id\":\"https:\/\/wunderdata.com\/de\/produkt\/wunderdata-im-vergleich\/#breadcrumb\",\"itemListElement\":[{\"@type\":\"ListItem\",\"position\":1,\"name\":\"Home\",\"item\":\"https:\/\/wunderdata.com\/de\/\"},{\"@type\":\"ListItem\",\"position\":2,\"name\":\"Produkt\",\"item\":\"https:\/\/wunderdata.com\/de\/produkt\/\"},{\"@type\":\"ListItem\",\"position\":3,\"name\":\"Wunderdata im Vergleich\"}]},{\"@type\":\"WebSite\",\"@id\":\"https:\/\/wunderdata.com\/#website\",\"url\":\"https:\/\/wunderdata.com\/\",\"name\":\"Wunderdata: Business Intelligence for eCommerce\",\"description\":\"Plug &amp; Play Business Intelligence for eCommerce\",\"potentialAction\":[{\"@type\":\"SearchAction\",\"target\":{\"@type\":\"EntryPoint\",\"urlTemplate\":\"https:\/\/wunderdata.com\/?s={search_term_string}\"},\"query-input\":{\"@type\":\"PropertyValueSpecification\",\"valueRequired\":true,\"valueName\":\"search_term_string\"}}],\"inLanguage\":\"de\"}]}<\/script>\n<!-- \/ Yoast SEO plugin. -->","yoast_head_json":{"title":"Wunderdata im Vergleich - Wunderdata: Business Intelligence for eCommerce","robots":{"index":"index","follow":"follow","max-snippet":"max-snippet:-1","max-image-preview":"max-image-preview:large","max-video-preview":"max-video-preview:-1"},"canonical":"https:\/\/wunderdata.com\/de\/produkt\/wunderdata-im-vergleich\/","og_locale":"de_DE","og_type":"article","og_title":"Wunderdata im Vergleich - Wunderdata: Business Intelligence for eCommerce","og_description":"[vc_row][vc_column width=&#8220;1\/1&#8243;][vc_column_text] Es scheint, als g\u00e4be es eine \u00fcberw\u00e4ltigende Anzahl an Business Intelligence Angeboten. Und alle behaupten mehr oder weniger das Gleiche: aufschlussreich, einfach zu bedienen, flexibel und nat\u00fcrlich bezahlbar. Aber wie w\u00e4hlen Sie das richtige Angebot? Folgend ist eine kurze Zusammenfassung, wie Wunderdata im Vergleich zu Alternativen abschneidet. [\/vc_column_text][\/vc_column][\/vc_row][vc_row][vc_column width=&#8220;1\/1&#8243;][vc_column_text]Klassische\u00a0Enterprise Business Intelligence Klassische Enterprise ...","og_url":"https:\/\/wunderdata.com\/de\/produkt\/wunderdata-im-vergleich\/","og_site_name":"Wunderdata: Business Intelligence for eCommerce","article_modified_time":"2014-08-20T15:01:39+00:00","twitter_misc":{"Gesch\u00e4tzte Lesezeit":"3\u00a0Minuten"},"schema":{"@context":"https:\/\/schema.org","@graph":[{"@type":"WebPage","@id":"https:\/\/wunderdata.com\/de\/produkt\/wunderdata-im-vergleich\/","url":"https:\/\/wunderdata.com\/de\/produkt\/wunderdata-im-vergleich\/","name":"Wunderdata im Vergleich - Wunderdata: Business Intelligence for eCommerce","isPartOf":{"@id":"https:\/\/wunderdata.com\/#website"},"datePublished":"2014-06-06T14:55:07+00:00","dateModified":"2014-08-20T15:01:39+00:00","breadcrumb":{"@id":"https:\/\/wunderdata.com\/de\/produkt\/wunderdata-im-vergleich\/#breadcrumb"},"inLanguage":"de","potentialAction":[{"@type":"ReadAction","target":["https:\/\/wunderdata.com\/de\/produkt\/wunderdata-im-vergleich\/"]}]},{"@type":"BreadcrumbList","@id":"https:\/\/wunderdata.com\/de\/produkt\/wunderdata-im-vergleich\/#breadcrumb","itemListElement":[{"@type":"ListItem","position":1,"name":"Home","item":"https:\/\/wunderdata.com\/de\/"},{"@type":"ListItem","position":2,"name":"Produkt","item":"https:\/\/wunderdata.com\/de\/produkt\/"},{"@type":"ListItem","position":3,"name":"Wunderdata im Vergleich"}]},{"@type":"WebSite","@id":"https:\/\/wunderdata.com\/#website","url":"https:\/\/wunderdata.com\/","name":"Wunderdata: Business Intelligence for eCommerce","description":"Plug &amp; Play Business Intelligence for eCommerce","potentialAction":[{"@type":"SearchAction","target":{"@type":"EntryPoint","urlTemplate":"https:\/\/wunderdata.com\/?s={search_term_string}"},"query-input":{"@type":"PropertyValueSpecification","valueRequired":true,"valueName":"search_term_string"}}],"inLanguage":"de"}]}},"_links":{"self":[{"href":"https:\/\/wunderdata.com\/de\/wp-json\/wp\/v2\/pages\/5313","targetHints":{"allow":["GET"]}}],"collection":[{"href":"https:\/\/wunderdata.com\/de\/wp-json\/wp\/v2\/pages"}],"about":[{"href":"https:\/\/wunderdata.com\/de\/wp-json\/wp\/v2\/types\/page"}],"author":[{"embeddable":true,"href":"https:\/\/wunderdata.com\/de\/wp-json\/wp\/v2\/users\/2"}],"replies":[{"embeddable":true,"href":"https:\/\/wunderdata.com\/de\/wp-json\/wp\/v2\/comments?post=5313"}],"version-history":[{"count":6,"href":"https:\/\/wunderdata.com\/de\/wp-json\/wp\/v2\/pages\/5313\/revisions"}],"predecessor-version":[{"id":6452,"href":"https:\/\/wunderdata.com\/de\/wp-json\/wp\/v2\/pages\/5313\/revisions\/6452"}],"up":[{"embeddable":true,"href":"https:\/\/wunderdata.com\/de\/wp-json\/wp\/v2\/pages\/5344"}],"wp:attachment":[{"href":"https:\/\/wunderdata.com\/de\/wp-json\/wp\/v2\/media?parent=5313"}],"curies":[{"name":"wp","href":"https:\/\/api.w.org\/{rel}","templated":true}]}}