{"id":5315,"date":"2014-06-06T14:55:59","date_gmt":"2014-06-06T14:55:59","guid":{"rendered":"http:\/\/wunderdata.com\/?page_id=5315"},"modified":"2014-06-10T15:07:11","modified_gmt":"2014-06-10T15:07:11","slug":"optimieren-sie-ihr-produktportfolio","status":"publish","type":"page","link":"https:\/\/wunderdata.com\/de\/use-cases\/optimieren-sie-ihr-produktportfolio\/","title":{"rendered":"Optimieren Sie Ihr Produktportfolio"},"content":{"rendered":"<div class=\"wpb-content-wrapper\"><p>[vc_row][vc_column width=&#8220;1\/1&#8243;][vc_column_text]<\/p>\n<h3 style=\"line-height: 1.4;\">Die richtigen Produkte im Onlineshop zu haben ist Entscheidend um hohe Profite zu generieren. Aber welche Produkte, Marken und Kategorien f\u00fchren zum h\u00f6chsten Profit? Und welche verzeichnen die besten Deckungsbeitr\u00e4ge?<\/h3>\n<p>[\/vc_column_text][\/vc_column][\/vc_row][vc_row][vc_column width=&#8220;1\/2&#8243;][vc_column_text]Wunderdata Kunden k\u00f6nnen diese Fragen direkt beantworten. Zuerst verschaffen wir uns eine oberfl\u00e4chliche \u00dcbersicht \u00fcber die Verkaufszahlen verschiedener Kategorien. So wie es aussieht, verkaufen sich Schuhe am besten.[\/vc_column_text][\/vc_column][vc_column width=&#8220;1\/2&#8243;][vc_single_image image=&#8220;5321&#8243; alignment=&#8220;right&#8220; border_color=&#8220;grey&#8220; img_link_target=&#8220;_self&#8220; img_size=&#8220;full&#8220;][\/vc_column][\/vc_row][vc_row][vc_column width=&#8220;1\/2&#8243;][vc_single_image image=&#8220;5320&#8243; border_color=&#8220;grey&#8220; img_link_target=&#8220;_self&#8220; img_size=&#8220;full&#8220;][\/vc_column][vc_column width=&#8220;1\/2&#8243;][vc_column_text]Jetzt schauen wir uns die Deckungsbeitr\u00e4ge basierend auf den Kategorien an. Wir merken, dass Schuhe sich gut verkaufen aber niedrige Deckungsbeitr\u00e4ge aufweisen, weil die Retourenraten hoch sind. Accessoires hingegen, haben die besten Deckungsbeitr\u00e4ge.<\/p>\n<p>Was k\u00f6nnen wir jetzt tun? Mit dieser kurzen Analyse k\u00f6nnen wir folgende Aktionen durchf\u00fchren:<\/p>\n<ul>\n<li>Marketing Akquise Kan\u00e4le anpassen um verst\u00e4rkt Accessoires zu bewerben.<\/li>\n<li>Gezielte E-Mail Kampagnen erstellen um den verkauf von Accessoires zu f\u00f6rdern.<\/li>\n<li>Ein gr\u00f6\u00dferes Produktsortiment im Accessoire Segment einkaufen um mehr in dieser Kategorie zu verkaufen.<\/li>\n<\/ul>\n<p>[\/vc_column_text][\/vc_column][\/vc_row][vc_row][vc_column width=&#8220;1\/2&#8243;][vc_column_text]Und was passiert mit der Schuh Kategorie?<br \/>\nWenn wir uns die Retourenraten f\u00fcr Schuhe auf dem Markenlevel anschauen, sehen wir, dass eine bestimmte Marke f\u00fcr au\u00dfergew\u00f6hnlich hohe Retourenraten verantwortlich ist. Wenn wir diese Marke aus dem Sortiment entfernen, sollten sich die Retourenraten auch f\u00fcr die Schuh-Kategorie verbessern.[\/vc_column_text][\/vc_column][vc_column width=&#8220;1\/2&#8243;][vc_single_image image=&#8220;5319&#8243; alignment=&#8220;right&#8220; border_color=&#8220;grey&#8220; img_link_target=&#8220;_self&#8220; img_size=&#8220;full&#8220;][\/vc_column][\/vc_row][vc_row][vc_column width=&#8220;1\/1&#8243;][vc_separator]<div class=\"highlightbox contenttable\"><div class=\"three_fourth\">\n<h2 class=\"top10\" style=\"font-weight: 300; color: #666666;\">Jetzt anmelden und kostenlos testen.<\/h2>\n<p><\/div><div class=\"one_fourth lastcolumn\">\n<a class=\"btn btn-primary btnposright top10\" href=\"\/free-trial\">Kostenlos Testen<\/a><br \/>\n<\/div><div class=\"clear\"><\/div><\/div><div class=\"clear\"><\/div>[\/vc_column][\/vc_row]<\/p>\n<\/div><!-- AddThis Advanced Settings generic via filter on the_content --><!-- AddThis Share Buttons generic via filter on the_content -->","protected":false},"excerpt":{"rendered":"<p>[vc_row][vc_column width=&#8220;1\/1&#8243;][vc_column_text] Die richtigen Produkte im Onlineshop zu haben ist Entscheidend um hohe Profite zu generieren. Aber welche Produkte, Marken und Kategorien f\u00fchren zum h\u00f6chsten Profit? Und welche verzeichnen die besten Deckungsbeitr\u00e4ge? [\/vc_column_text][\/vc_column][\/vc_row][vc_row][vc_column width=&#8220;1\/2&#8243;][vc_column_text]Wunderdata Kunden k\u00f6nnen diese Fragen direkt beantworten. Zuerst verschaffen wir uns eine oberfl\u00e4chliche \u00dcbersicht \u00fcber die Verkaufszahlen verschiedener Kategorien. So wie es &#8230;<!-- AddThis Advanced Settings generic via filter on get_the_excerpt --><!-- AddThis Share Buttons generic via filter on get_the_excerpt --><\/p>\n","protected":false},"author":6,"featured_media":0,"parent":5494,"menu_order":0,"comment_status":"closed","ping_status":"closed","template":"","meta":{"footnotes":""},"class_list":["post-5315","page","type-page","status-publish","hentry"],"yoast_head":"<!-- This site is optimized with the Yoast SEO plugin v24.2 - https:\/\/yoast.com\/wordpress\/plugins\/seo\/ -->\n<title>Optimieren Sie Ihr Produktportfolio - Wunderdata: Business Intelligence for eCommerce<\/title>\n<meta name=\"robots\" content=\"index, follow, max-snippet:-1, max-image-preview:large, max-video-preview:-1\" \/>\n<link rel=\"canonical\" href=\"https:\/\/wunderdata.com\/de\/use-cases\/optimieren-sie-ihr-produktportfolio\/\" \/>\n<meta property=\"og:locale\" content=\"de_DE\" \/>\n<meta property=\"og:type\" content=\"article\" \/>\n<meta property=\"og:title\" content=\"Optimieren Sie Ihr Produktportfolio - Wunderdata: Business Intelligence for eCommerce\" \/>\n<meta property=\"og:description\" content=\"[vc_row][vc_column width=&#8220;1\/1&#8243;][vc_column_text] Die richtigen Produkte im Onlineshop zu haben ist Entscheidend um hohe Profite zu generieren. Aber welche Produkte, Marken und Kategorien f\u00fchren zum h\u00f6chsten Profit? Und welche verzeichnen die besten Deckungsbeitr\u00e4ge? [\/vc_column_text][\/vc_column][\/vc_row][vc_row][vc_column width=&#8220;1\/2&#8243;][vc_column_text]Wunderdata Kunden k\u00f6nnen diese Fragen direkt beantworten. Zuerst verschaffen wir uns eine oberfl\u00e4chliche \u00dcbersicht \u00fcber die Verkaufszahlen verschiedener Kategorien. So wie es ...\" \/>\n<meta property=\"og:url\" content=\"https:\/\/wunderdata.com\/de\/use-cases\/optimieren-sie-ihr-produktportfolio\/\" \/>\n<meta property=\"og:site_name\" content=\"Wunderdata: Business Intelligence for eCommerce\" \/>\n<meta property=\"article:modified_time\" content=\"2014-06-10T15:07:11+00:00\" \/>\n<meta name=\"twitter:label1\" content=\"Gesch\u00e4tzte Lesezeit\" \/>\n\t<meta name=\"twitter:data1\" content=\"2\u00a0Minuten\" \/>\n<script type=\"application\/ld+json\" class=\"yoast-schema-graph\">{\"@context\":\"https:\/\/schema.org\",\"@graph\":[{\"@type\":\"WebPage\",\"@id\":\"https:\/\/wunderdata.com\/de\/use-cases\/optimieren-sie-ihr-produktportfolio\/\",\"url\":\"https:\/\/wunderdata.com\/de\/use-cases\/optimieren-sie-ihr-produktportfolio\/\",\"name\":\"Optimieren Sie Ihr Produktportfolio - Wunderdata: Business Intelligence for eCommerce\",\"isPartOf\":{\"@id\":\"https:\/\/wunderdata.com\/#website\"},\"datePublished\":\"2014-06-06T14:55:59+00:00\",\"dateModified\":\"2014-06-10T15:07:11+00:00\",\"breadcrumb\":{\"@id\":\"https:\/\/wunderdata.com\/de\/use-cases\/optimieren-sie-ihr-produktportfolio\/#breadcrumb\"},\"inLanguage\":\"de\",\"potentialAction\":[{\"@type\":\"ReadAction\",\"target\":[\"https:\/\/wunderdata.com\/de\/use-cases\/optimieren-sie-ihr-produktportfolio\/\"]}]},{\"@type\":\"BreadcrumbList\",\"@id\":\"https:\/\/wunderdata.com\/de\/use-cases\/optimieren-sie-ihr-produktportfolio\/#breadcrumb\",\"itemListElement\":[{\"@type\":\"ListItem\",\"position\":1,\"name\":\"Home\",\"item\":\"https:\/\/wunderdata.com\/de\/\"},{\"@type\":\"ListItem\",\"position\":2,\"name\":\"Use Cases\",\"item\":\"https:\/\/wunderdata.com\/de\/use-cases\/\"},{\"@type\":\"ListItem\",\"position\":3,\"name\":\"Optimieren Sie Ihr Produktportfolio\"}]},{\"@type\":\"WebSite\",\"@id\":\"https:\/\/wunderdata.com\/#website\",\"url\":\"https:\/\/wunderdata.com\/\",\"name\":\"Wunderdata: Business Intelligence for eCommerce\",\"description\":\"Plug &amp; Play Business Intelligence for eCommerce\",\"potentialAction\":[{\"@type\":\"SearchAction\",\"target\":{\"@type\":\"EntryPoint\",\"urlTemplate\":\"https:\/\/wunderdata.com\/?s={search_term_string}\"},\"query-input\":{\"@type\":\"PropertyValueSpecification\",\"valueRequired\":true,\"valueName\":\"search_term_string\"}}],\"inLanguage\":\"de\"}]}<\/script>\n<!-- \/ Yoast SEO plugin. -->","yoast_head_json":{"title":"Optimieren Sie Ihr Produktportfolio - Wunderdata: Business Intelligence for eCommerce","robots":{"index":"index","follow":"follow","max-snippet":"max-snippet:-1","max-image-preview":"max-image-preview:large","max-video-preview":"max-video-preview:-1"},"canonical":"https:\/\/wunderdata.com\/de\/use-cases\/optimieren-sie-ihr-produktportfolio\/","og_locale":"de_DE","og_type":"article","og_title":"Optimieren Sie Ihr Produktportfolio - Wunderdata: Business Intelligence for eCommerce","og_description":"[vc_row][vc_column width=&#8220;1\/1&#8243;][vc_column_text] Die richtigen Produkte im Onlineshop zu haben ist Entscheidend um hohe Profite zu generieren. Aber welche Produkte, Marken und Kategorien f\u00fchren zum h\u00f6chsten Profit? Und welche verzeichnen die besten Deckungsbeitr\u00e4ge? [\/vc_column_text][\/vc_column][\/vc_row][vc_row][vc_column width=&#8220;1\/2&#8243;][vc_column_text]Wunderdata Kunden k\u00f6nnen diese Fragen direkt beantworten. Zuerst verschaffen wir uns eine oberfl\u00e4chliche \u00dcbersicht \u00fcber die Verkaufszahlen verschiedener Kategorien. So wie es ...","og_url":"https:\/\/wunderdata.com\/de\/use-cases\/optimieren-sie-ihr-produktportfolio\/","og_site_name":"Wunderdata: Business Intelligence for eCommerce","article_modified_time":"2014-06-10T15:07:11+00:00","twitter_misc":{"Gesch\u00e4tzte Lesezeit":"2\u00a0Minuten"},"schema":{"@context":"https:\/\/schema.org","@graph":[{"@type":"WebPage","@id":"https:\/\/wunderdata.com\/de\/use-cases\/optimieren-sie-ihr-produktportfolio\/","url":"https:\/\/wunderdata.com\/de\/use-cases\/optimieren-sie-ihr-produktportfolio\/","name":"Optimieren Sie Ihr Produktportfolio - Wunderdata: Business Intelligence for eCommerce","isPartOf":{"@id":"https:\/\/wunderdata.com\/#website"},"datePublished":"2014-06-06T14:55:59+00:00","dateModified":"2014-06-10T15:07:11+00:00","breadcrumb":{"@id":"https:\/\/wunderdata.com\/de\/use-cases\/optimieren-sie-ihr-produktportfolio\/#breadcrumb"},"inLanguage":"de","potentialAction":[{"@type":"ReadAction","target":["https:\/\/wunderdata.com\/de\/use-cases\/optimieren-sie-ihr-produktportfolio\/"]}]},{"@type":"BreadcrumbList","@id":"https:\/\/wunderdata.com\/de\/use-cases\/optimieren-sie-ihr-produktportfolio\/#breadcrumb","itemListElement":[{"@type":"ListItem","position":1,"name":"Home","item":"https:\/\/wunderdata.com\/de\/"},{"@type":"ListItem","position":2,"name":"Use Cases","item":"https:\/\/wunderdata.com\/de\/use-cases\/"},{"@type":"ListItem","position":3,"name":"Optimieren Sie Ihr Produktportfolio"}]},{"@type":"WebSite","@id":"https:\/\/wunderdata.com\/#website","url":"https:\/\/wunderdata.com\/","name":"Wunderdata: Business Intelligence for eCommerce","description":"Plug &amp; Play Business Intelligence for eCommerce","potentialAction":[{"@type":"SearchAction","target":{"@type":"EntryPoint","urlTemplate":"https:\/\/wunderdata.com\/?s={search_term_string}"},"query-input":{"@type":"PropertyValueSpecification","valueRequired":true,"valueName":"search_term_string"}}],"inLanguage":"de"}]}},"_links":{"self":[{"href":"https:\/\/wunderdata.com\/de\/wp-json\/wp\/v2\/pages\/5315","targetHints":{"allow":["GET"]}}],"collection":[{"href":"https:\/\/wunderdata.com\/de\/wp-json\/wp\/v2\/pages"}],"about":[{"href":"https:\/\/wunderdata.com\/de\/wp-json\/wp\/v2\/types\/page"}],"author":[{"embeddable":true,"href":"https:\/\/wunderdata.com\/de\/wp-json\/wp\/v2\/users\/6"}],"replies":[{"embeddable":true,"href":"https:\/\/wunderdata.com\/de\/wp-json\/wp\/v2\/comments?post=5315"}],"version-history":[{"count":3,"href":"https:\/\/wunderdata.com\/de\/wp-json\/wp\/v2\/pages\/5315\/revisions"}],"predecessor-version":[{"id":5488,"href":"https:\/\/wunderdata.com\/de\/wp-json\/wp\/v2\/pages\/5315\/revisions\/5488"}],"up":[{"embeddable":true,"href":"https:\/\/wunderdata.com\/de\/wp-json\/wp\/v2\/pages\/5494"}],"wp:attachment":[{"href":"https:\/\/wunderdata.com\/de\/wp-json\/wp\/v2\/media?parent=5315"}],"curies":[{"name":"wp","href":"https:\/\/api.w.org\/{rel}","templated":true}]}}