{"id":5323,"date":"2014-06-06T14:56:39","date_gmt":"2014-06-06T14:56:39","guid":{"rendered":"http:\/\/wunderdata.com\/?page_id=5323"},"modified":"2014-06-10T14:53:20","modified_gmt":"2014-06-10T14:53:20","slug":"kohortenanalyse","status":"publish","type":"page","link":"https:\/\/wunderdata.com\/de\/use-cases\/kohortenanalyse\/","title":{"rendered":"Trends mit der Kohortenanalyse identifizieren"},"content":{"rendered":"<div class=\"wpb-content-wrapper\"><p>[vc_row][vc_column width=&#8220;1\/1&#8243;]<div class=\" \" style=\"display:block;clear:both;height:10px\"><\/div>[vc_column_text]<\/p>\n<h3 style=\"line-height: 1.4;\">Kohortenanalyse hilft dabei Entwicklungen und Trends zu sehen und die Resultate von \u00c4nderungen am Produkt und Unternehmen zu erkennen. Durchschnittswerte sind praktisch um einen groben \u00dcberblick zu bekommen aber sie k\u00f6nnen uns nicht zeigen, wie sich ein Kunde \u00fcber seinen nat\u00fcrlichen Lebenszyklus verh\u00e4lt. Wenn Sie Kohortenanalysen verwenden, sind Sie in der Lage Muster in Kundenlebenszyklen zu erkennen anstatt alle Kunden blind als eine homogene Einheit zu betrachten.<\/h3>\n<p>[\/vc_column_text]<div class=\" \" style=\"display:block;clear:both;height:10px\"><\/div>[\/vc_column][\/vc_row][vc_row][vc_column width=&#8220;1\/2&#8243;][vc_column_text]<\/p>\n<div style=\"line-height: 1.8em;\">Nehmen wir an, Sie sehen eine Anstieg an Bestellungen im derzeitigen Monat. Woran liegt das? Um zu verstehen \u201ewer\u201c mehr kauft als sonst, schauen wir uns die Kohortenanalyse an und stellen fest, dass alle Kohorten durchschnittlich abschneiden au\u00dfer die M\u00e4rzkohorte, welche besonders gute Umsatzzahlen liefert.<\/div>\n<p>[\/vc_column_text][\/vc_column][vc_column width=&#8220;1\/2&#8243;][vc_single_image image=&#8220;5317&#8243; alignment=&#8220;right&#8220; border_color=&#8220;grey&#8220; img_link_target=&#8220;_self&#8220; img_size=&#8220;full&#8220;][\/vc_column][\/vc_row][vc_row][vc_column width=&#8220;1\/2&#8243;][vc_single_image image=&#8220;5318&#8243; border_color=&#8220;grey&#8220; img_link_target=&#8220;_self&#8220; img_size=&#8220;full&#8220;][\/vc_column][vc_column width=&#8220;1\/2&#8243;][vc_column_text]<\/p>\n<div style=\"line-height: 1.8em;\">Wir nutzen die globalen Filter von Wunderdata und segmentieren alle Tabellen und Diagramme mit wenigen Klicks nach der M\u00e4rzkohorte. Jetzt schauen wir uns die Zahlen genauer an und sehen, dass die Kunden dieser Kohorte vor allem durch eine spezielle Gutschein Marketing Kampagne akquiriert wurden. Das ist uns bei der Auswertung nicht aufgefallen, weil wir uns nur den CPO (Cost-Per-Order) angeschaut haben, welcher nicht sehr hoch war. Aber die Kunden haben immer wieder im Shop eingekauft. Herzlichen Gl\u00fcckwunsch, Sie haben gerade einen Marketingkanal mit sehr loyalen Kunden gefunden!<\/div>\n<p>[\/vc_column_text]<div class=\" \" style=\"display:block;clear:both;height:15px\"><\/div>[vc_column_text]<\/p>\n<div style=\"line-height: 1.8em;\">Jetzt k\u00f6nnen Sie noch weiter analysieren. Sie k\u00f6nnten sich zum Beispiel anschauen, welche Produkte, Kategorien und Marken in dieser Kohorte besonders gerne gekauft werden um auf dieser Basis eine gezielte Marketingkampagne zu starten um diese Produkte \u00fcber den Newsletter an diese Gruppe zu bewerben.<\/div>\n<p>[\/vc_column_text][\/vc_column][\/vc_row][vc_row][vc_column width=&#8220;1\/1&#8243;][\/vc_column][\/vc_row][vc_row][vc_column width=&#8220;1\/1&#8243;][vc_separator]<div class=\"highlightbox contenttable\"><div class=\"three_fourth\">\n<h2>Jetzt anmelden und kostenlos testen<\/h2>\n<p><\/div><div class=\"one_fourth lastcolumn\">\n<a class=\"btn btn-primary btnposright top10\" href=\"\/free-trial\">Kostenlos testen<\/a><br \/>\n<\/div><div class=\"clear\"><\/div><\/div><div class=\"clear\"><\/div>[\/vc_column][\/vc_row]<\/p>\n<\/div><!-- AddThis Advanced Settings generic via filter on the_content --><!-- AddThis Share Buttons generic via filter on the_content -->","protected":false},"excerpt":{"rendered":"<p>[vc_row][vc_column width=&#8220;1\/1&#8243;][vc_column_text] Kohortenanalyse hilft dabei Entwicklungen und Trends zu sehen und die Resultate von \u00c4nderungen am Produkt und Unternehmen zu erkennen. Durchschnittswerte sind praktisch um einen groben \u00dcberblick zu bekommen aber sie k\u00f6nnen uns nicht zeigen, wie sich ein Kunde \u00fcber seinen nat\u00fcrlichen Lebenszyklus verh\u00e4lt. Wenn Sie Kohortenanalysen verwenden, sind Sie in der Lage Muster &#8230;<!-- AddThis Advanced Settings generic via filter on get_the_excerpt --><!-- AddThis Share Buttons generic via filter on get_the_excerpt --><\/p>\n","protected":false},"author":6,"featured_media":0,"parent":5494,"menu_order":0,"comment_status":"closed","ping_status":"closed","template":"","meta":{"footnotes":""},"class_list":["post-5323","page","type-page","status-publish","hentry"],"yoast_head":"<!-- This site is optimized with the Yoast SEO plugin v24.2 - https:\/\/yoast.com\/wordpress\/plugins\/seo\/ -->\n<title>Wunderdata - Erkennen Sie Trends mit der Kohortenanalyse!<\/title>\n<meta name=\"description\" content=\"Unsere voll automatische Kohortenanalyse hilft Onlineshops wichtige Entwicklungen im Kundenlebenszyklus zu erkennen und Tests zu evaluieren.\" \/>\n<meta name=\"robots\" content=\"index, follow, max-snippet:-1, max-image-preview:large, max-video-preview:-1\" \/>\n<link rel=\"canonical\" href=\"https:\/\/wunderdata.com\/de\/use-cases\/kohortenanalyse\/\" \/>\n<meta property=\"og:locale\" content=\"de_DE\" \/>\n<meta property=\"og:type\" content=\"article\" \/>\n<meta property=\"og:title\" content=\"Wunderdata - Erkennen Sie Trends mit der Kohortenanalyse!\" \/>\n<meta property=\"og:description\" content=\"Unsere voll automatische Kohortenanalyse hilft Onlineshops wichtige Entwicklungen im Kundenlebenszyklus zu erkennen und Tests zu evaluieren.\" \/>\n<meta property=\"og:url\" content=\"https:\/\/wunderdata.com\/de\/use-cases\/kohortenanalyse\/\" \/>\n<meta property=\"og:site_name\" content=\"Wunderdata: Business Intelligence for eCommerce\" \/>\n<meta property=\"article:modified_time\" content=\"2014-06-10T14:53:20+00:00\" \/>\n<meta name=\"twitter:label1\" content=\"Gesch\u00e4tzte Lesezeit\" \/>\n\t<meta name=\"twitter:data1\" content=\"2\u00a0Minuten\" \/>\n<script type=\"application\/ld+json\" class=\"yoast-schema-graph\">{\"@context\":\"https:\/\/schema.org\",\"@graph\":[{\"@type\":\"WebPage\",\"@id\":\"https:\/\/wunderdata.com\/de\/use-cases\/kohortenanalyse\/\",\"url\":\"https:\/\/wunderdata.com\/de\/use-cases\/kohortenanalyse\/\",\"name\":\"Wunderdata - Erkennen Sie Trends mit der Kohortenanalyse!\",\"isPartOf\":{\"@id\":\"https:\/\/wunderdata.com\/#website\"},\"datePublished\":\"2014-06-06T14:56:39+00:00\",\"dateModified\":\"2014-06-10T14:53:20+00:00\",\"description\":\"Unsere voll automatische Kohortenanalyse hilft Onlineshops wichtige Entwicklungen im Kundenlebenszyklus zu erkennen und Tests zu evaluieren.\",\"breadcrumb\":{\"@id\":\"https:\/\/wunderdata.com\/de\/use-cases\/kohortenanalyse\/#breadcrumb\"},\"inLanguage\":\"de\",\"potentialAction\":[{\"@type\":\"ReadAction\",\"target\":[\"https:\/\/wunderdata.com\/de\/use-cases\/kohortenanalyse\/\"]}]},{\"@type\":\"BreadcrumbList\",\"@id\":\"https:\/\/wunderdata.com\/de\/use-cases\/kohortenanalyse\/#breadcrumb\",\"itemListElement\":[{\"@type\":\"ListItem\",\"position\":1,\"name\":\"Home\",\"item\":\"https:\/\/wunderdata.com\/de\/\"},{\"@type\":\"ListItem\",\"position\":2,\"name\":\"Use Cases\",\"item\":\"https:\/\/wunderdata.com\/de\/use-cases\/\"},{\"@type\":\"ListItem\",\"position\":3,\"name\":\"Trends mit der Kohortenanalyse identifizieren\"}]},{\"@type\":\"WebSite\",\"@id\":\"https:\/\/wunderdata.com\/#website\",\"url\":\"https:\/\/wunderdata.com\/\",\"name\":\"Wunderdata: Business Intelligence for eCommerce\",\"description\":\"Plug &amp; Play Business Intelligence for eCommerce\",\"potentialAction\":[{\"@type\":\"SearchAction\",\"target\":{\"@type\":\"EntryPoint\",\"urlTemplate\":\"https:\/\/wunderdata.com\/?s={search_term_string}\"},\"query-input\":{\"@type\":\"PropertyValueSpecification\",\"valueRequired\":true,\"valueName\":\"search_term_string\"}}],\"inLanguage\":\"de\"}]}<\/script>\n<!-- \/ Yoast SEO plugin. -->","yoast_head_json":{"title":"Wunderdata - Erkennen Sie Trends mit der Kohortenanalyse!","description":"Unsere voll automatische Kohortenanalyse hilft Onlineshops wichtige Entwicklungen im Kundenlebenszyklus zu erkennen und Tests zu evaluieren.","robots":{"index":"index","follow":"follow","max-snippet":"max-snippet:-1","max-image-preview":"max-image-preview:large","max-video-preview":"max-video-preview:-1"},"canonical":"https:\/\/wunderdata.com\/de\/use-cases\/kohortenanalyse\/","og_locale":"de_DE","og_type":"article","og_title":"Wunderdata - Erkennen Sie Trends mit der Kohortenanalyse!","og_description":"Unsere voll automatische Kohortenanalyse hilft Onlineshops wichtige Entwicklungen im Kundenlebenszyklus zu erkennen und Tests zu evaluieren.","og_url":"https:\/\/wunderdata.com\/de\/use-cases\/kohortenanalyse\/","og_site_name":"Wunderdata: Business Intelligence for eCommerce","article_modified_time":"2014-06-10T14:53:20+00:00","twitter_misc":{"Gesch\u00e4tzte Lesezeit":"2\u00a0Minuten"},"schema":{"@context":"https:\/\/schema.org","@graph":[{"@type":"WebPage","@id":"https:\/\/wunderdata.com\/de\/use-cases\/kohortenanalyse\/","url":"https:\/\/wunderdata.com\/de\/use-cases\/kohortenanalyse\/","name":"Wunderdata - Erkennen Sie Trends mit der Kohortenanalyse!","isPartOf":{"@id":"https:\/\/wunderdata.com\/#website"},"datePublished":"2014-06-06T14:56:39+00:00","dateModified":"2014-06-10T14:53:20+00:00","description":"Unsere voll automatische Kohortenanalyse hilft Onlineshops wichtige Entwicklungen im Kundenlebenszyklus zu erkennen und Tests zu evaluieren.","breadcrumb":{"@id":"https:\/\/wunderdata.com\/de\/use-cases\/kohortenanalyse\/#breadcrumb"},"inLanguage":"de","potentialAction":[{"@type":"ReadAction","target":["https:\/\/wunderdata.com\/de\/use-cases\/kohortenanalyse\/"]}]},{"@type":"BreadcrumbList","@id":"https:\/\/wunderdata.com\/de\/use-cases\/kohortenanalyse\/#breadcrumb","itemListElement":[{"@type":"ListItem","position":1,"name":"Home","item":"https:\/\/wunderdata.com\/de\/"},{"@type":"ListItem","position":2,"name":"Use Cases","item":"https:\/\/wunderdata.com\/de\/use-cases\/"},{"@type":"ListItem","position":3,"name":"Trends mit der Kohortenanalyse identifizieren"}]},{"@type":"WebSite","@id":"https:\/\/wunderdata.com\/#website","url":"https:\/\/wunderdata.com\/","name":"Wunderdata: Business Intelligence for eCommerce","description":"Plug &amp; Play Business Intelligence for eCommerce","potentialAction":[{"@type":"SearchAction","target":{"@type":"EntryPoint","urlTemplate":"https:\/\/wunderdata.com\/?s={search_term_string}"},"query-input":{"@type":"PropertyValueSpecification","valueRequired":true,"valueName":"search_term_string"}}],"inLanguage":"de"}]}},"_links":{"self":[{"href":"https:\/\/wunderdata.com\/de\/wp-json\/wp\/v2\/pages\/5323","targetHints":{"allow":["GET"]}}],"collection":[{"href":"https:\/\/wunderdata.com\/de\/wp-json\/wp\/v2\/pages"}],"about":[{"href":"https:\/\/wunderdata.com\/de\/wp-json\/wp\/v2\/types\/page"}],"author":[{"embeddable":true,"href":"https:\/\/wunderdata.com\/de\/wp-json\/wp\/v2\/users\/6"}],"replies":[{"embeddable":true,"href":"https:\/\/wunderdata.com\/de\/wp-json\/wp\/v2\/comments?post=5323"}],"version-history":[{"count":4,"href":"https:\/\/wunderdata.com\/de\/wp-json\/wp\/v2\/pages\/5323\/revisions"}],"predecessor-version":[{"id":5481,"href":"https:\/\/wunderdata.com\/de\/wp-json\/wp\/v2\/pages\/5323\/revisions\/5481"}],"up":[{"embeddable":true,"href":"https:\/\/wunderdata.com\/de\/wp-json\/wp\/v2\/pages\/5494"}],"wp:attachment":[{"href":"https:\/\/wunderdata.com\/de\/wp-json\/wp\/v2\/media?parent=5323"}],"curies":[{"name":"wp","href":"https:\/\/api.w.org\/{rel}","templated":true}]}}