{"id":5980,"date":"2014-07-16T14:13:08","date_gmt":"2014-07-16T14:13:08","guid":{"rendered":"http:\/\/wunderdata.com\/?page_id=5980"},"modified":"2022-04-27T14:51:47","modified_gmt":"2022-04-27T14:51:47","slug":"preise","status":"publish","type":"page","link":"https:\/\/wunderdata.com\/de\/preise\/","title":{"rendered":"Preise"},"content":{"rendered":"<div class=\"wpb-content-wrapper\"><p>[vc_row][vc_column][vc_column_text]<\/p>\n<h2>Wir skalieren mit Ihrem Unternehmen.<\/h2>\n<p>[\/vc_column_text][\/vc_column][\/vc_row][vc_row][vc_column][vc_column_text]<\/p>\n<div class=\"pricing fivecols\">\n<div class=\"pricecol \">\n<div class=\"pricewrap\">\n<div class=\"thead\">Starter<\/div>\n<div class=\"price\"><span class=\"dollar\">\u20ac<\/span> 199 \/ Monat<\/div>\n<div class=\"item\">Bis zu <b>1.000<\/b> Bestellungen \/ Monat<\/div>\n<div class=\"item\">Bis zu <b>50.000<\/b> Visits \/ Monat<\/div>\n<div class=\"item\">1 Servicestunde \/ Monat inkl.<\/div>\n<\/div>\n<\/div>\n<div class=\"pricecol \">\n<div class=\"pricewrap\">\n<div class=\"thead\">Basic<\/div>\n<div class=\"price\"><span class=\"dollar\">\u20ac<\/span> 349 \/ Monat<\/div>\n<div class=\"item\">Bis zu <b>2.500 <\/b>Bestellungen \/ Monat<\/div>\n<div class=\"item\">Bis zu <b>125.000<\/b> Visits \/ Monat<\/div>\n<div class=\"item\">3 Servicestunden \/ Monat inkl.<\/div>\n<\/div>\n<\/div>\n<div class=\"pricecol \">\n<div class=\"pricewrap\">\n<div class=\"thead\">Professional<\/div>\n<div class=\"price\"><span class=\"dollar\">\u20ac<\/span> 649 \/ Monat<\/div>\n<div class=\"item\">Bis zu <b>5.000 <\/b>Bestellungen \/ Monat<\/div>\n<div class=\"item\">Bis zu <b>250.000<\/b> Visits \/ Monat<\/div>\n<div class=\"item\">5 Servicestunden \/ Monat inkl.<\/div>\n<\/div>\n<\/div>\n<div class=\"pricecol \">\n<div class=\"pricewrap\">\n<div class=\"thead\">Platinum<\/div>\n<div class=\"price\"><span class=\"dollar\">\u20ac<\/span> 1199 \/ Monat<\/div>\n<div class=\"item\">Bis zu <b>10.000 <\/b>Bestellungen \/ Monat<\/div>\n<div class=\"item\">Bis zu <b>500.000<\/b> Visits \/ Monat<\/div>\n<div class=\"item\">10 Servicestunden \/ Monat inkl.<\/div>\n<\/div>\n<\/div>\n<div class=\"pricecol \">\n<div class=\"pricewrap\">\n<div class=\"thead\">Enterprise<\/div>\n<div class=\"price\"><a href=\"http:\/\/wunderdata.com\/de\/kontakt\">Contact Us<\/a><\/div>\n<div class=\"item\"><b>+ 10.000<\/b><br \/>\nBestellungen \/ Monat<\/div>\n<div class=\"item\"><b>+ 500.000<\/b><br \/>\nVisits \/ Monat<\/div>\n<div class=\"item\">inklusive Servicestunden verhandelbar<\/div>\n<\/div>\n<\/div>\n<\/div>\n<p>[\/vc_column_text]<div class=\" \" style=\"display:block;clear:both;height:55px\"><\/div>[vc_row_inner][vc_column_inner width=&#8220;1\/3&#8243;][\/vc_column_inner][vc_column_inner width=&#8220;1\/3&#8243;]<a href=\"http:\/\/www.wunderdata.com\/de\/kostenlos-testen\" target='_blank'><div id=\"bs_button_69e92fe06ea40\" class=\"btn btn-primary btn-large   \">Jetzt kostenlos testen<\/div><\/a>[\/vc_column_inner][vc_column_inner width=&#8220;1\/3&#8243;][\/vc_column_inner][\/vc_row_inner]<div class=\" \" style=\"display:block;clear:both;height:px\"><\/div>[\/vc_column][\/vc_row][vc_row][vc_column][vc_column_text]<\/p>\n<h3><strong>Alle Pakete beinhalten:<\/strong><\/h3>\n<p>[\/vc_column_text][vc_row_inner css=&#8220;.vc_custom_1405327434422{margin-left: -13px !important;}&#8220;][vc_column_inner width=&#8220;1\/2&#8243;][vc_column_text el_class=&#8220;paddedList&#8220;]<\/p>\n<h4><i class=\"icon-check \"  ><\/i>\u00a0Vorkonfigurierte Dashboards optimiert fu\u0308r eCommerce<\/h4>\n<h4><i class=\"icon-check \"  ><\/i>\u00a0Table-Builder fu\u0308r individuelle Berichte<\/h4>\n<h4><i class=\"icon-check \"  ><\/i>\u00a0Globales Filtern und Slicing &amp; Dicing<\/h4>\n<h4><i class=\"icon-check \"  ><\/i>\u00a0Professionelle Kalkulationen wie Marketing ROI, Deckunsbeitra\u0308ge, Customer Lifetime Value, Kohortenanalyse uvm<\/h4>\n<p>[\/vc_column_text][\/vc_column_inner][vc_column_inner width=&#8220;1\/2&#8243;][vc_column_text el_class=&#8220;paddedList&#8220;]<\/p>\n<h4><i class=\"icon-check \"  ><\/i>\u00a0Verwaltung von Nutzern und Rechten<\/h4>\n<h4><i class=\"icon-check \"  ><\/i>\u00a0Automatische Berichte per E-Mail<\/h4>\n<h4><i class=\"icon-check \"  ><\/i>\u00a0Unbegrenzt viele Benutzer und Reports<\/h4>\n<h4><i class=\"icon-check \"  ><\/i>\u00a0Kostenlose Implementation und Support von unseren Business Intelligence Experten<\/h4>\n<p>[\/vc_column_text][\/vc_column_inner][\/vc_row_inner][\/vc_column][\/vc_row][vc_row][vc_column]<div class=\" \" style=\"display:block;clear:both;height:50px\"><\/div>[vc_column_text]<\/p>\n<h3><strong>Servicestunden:<\/strong><\/h3>\n<p>Die inklusiven Servicestunden der Pakete k\u00f6nnten verwendet werden um spezielle ma\u00dfgeschneiderte Reports durch uns erstellen zulassen, Konnektoren f\u00fcr neue Datenquellen zu bauen, Rechercheanfragen zu den Daten nachzugehen oder spezielle Exporte zu anderen Systemen im Ihrem Unternehmen zu installieren.[\/vc_column_text][vc_column_text]<\/p>\n<h3><strong>Fragen:<\/strong><\/h3>\n<p>[\/vc_column_text][vc_row_inner css=&#8220;.vc_custom_1405327418242{margin-left: -13px !important;}&#8220;][vc_column_inner width=&#8220;1\/2&#8243;][vc_column_text]<\/p>\n<h4>Wie funktioniert der kostenlose 14 ta\u0308gige Test?<\/h4>\n<p>Nachdem Sie ihren Account innerhalb von wenigen Minuten erstellt haben, ko\u0308nnen Sie Wunderdata mit den eigenen Shopdaten kostenlos fu\u0308r 14 Tage testen. Kein Risiko, keine Verpflichtungen, keine Kredtikarte notwendig.[\/vc_column_text][\/vc_column_inner][vc_column_inner width=&#8220;1\/2&#8243;][vc_column_text]<\/p>\n<h4>Muss ich ja\u0308hrlich zahlen?<\/h4>\n<p>Wir bieten sowohl monatliche, als auch ja\u0308hrliche Zahlungen an. Wenn Sie sich fu\u0308r die ja\u0308hrliche Zahlungsweise entscheiden, bekommen Sie einen Monat kostenfrei.[\/vc_column_text][\/vc_column_inner][\/vc_row_inner][vc_row_inner css=&#8220;.vc_custom_1405327425880{margin-left: -13px !important;}&#8220;][vc_column_inner width=&#8220;1\/2&#8243;][vc_column_text]<\/p>\n<h4>Sind meine Daten sicher?<\/h4>\n<p>Ihre Daten werden niemals an eine Drittpartei weitergegeben. Wir arbeiten in U\u0308bereinstimmung mit den strengen deutschen und europa\u0308ischen Datenschutzgesetzen.[\/vc_column_text][\/vc_column_inner][vc_column_inner width=&#8220;1\/2&#8243;][vc_column_text]<\/p>\n<h4>Welche Datenquellen kann ich an Wunderdata anschlie\u00dfen?<\/h4>\n<p>Wunderdata verbindet sich zum Shopsystem, Webtracking Software, Marketing Plattformen, Email Providern uvm. Sie ko\u0308nnen Ihre Daten auch mit Google Docs synchronisieren.[\/vc_column_text][\/vc_column_inner][\/vc_row_inner][\/vc_column][\/vc_row][vc_row][vc_column]<div class=\" \" style=\"display:block;clear:both;height:px\"><\/div>[vc_column_text]<\/p>\n<h3><strong>Haben Sie noch Fragen? Kontaktieren Sie uns<\/strong><\/h3>\n<p>[\/vc_column_text][\/vc_column][\/vc_row][vc_row][vc_column]<div class=\" \" style=\"display:block;clear:both;height:50px\"><\/div>[\/vc_column][\/vc_row]<\/p>\n<\/div><!-- AddThis Advanced Settings generic via filter on the_content --><!-- AddThis Share Buttons generic via filter on the_content -->","protected":false},"excerpt":{"rendered":"<p>[vc_row][vc_column][vc_column_text] Wir skalieren mit Ihrem Unternehmen. [\/vc_column_text][\/vc_column][\/vc_row][vc_row][vc_column][vc_column_text] Starter \u20ac 199 \/ Monat Bis zu 1.000 Bestellungen \/ Monat Bis zu 50.000 Visits \/ Monat 1 Servicestunde \/ Monat inkl. Basic \u20ac 349 \/ Monat Bis zu 2.500 Bestellungen \/ Monat Bis zu 125.000 Visits \/ Monat 3 Servicestunden \/ Monat inkl. Professional \u20ac 649 \/ &#8230;<!-- AddThis Advanced Settings generic via filter on get_the_excerpt --><!-- AddThis Share Buttons generic via filter on get_the_excerpt --><\/p>\n","protected":false},"author":2,"featured_media":0,"parent":0,"menu_order":4,"comment_status":"closed","ping_status":"closed","template":"","meta":{"footnotes":""},"class_list":["post-5980","page","type-page","status-publish","hentry"],"yoast_head":"<!-- This site is optimized with the Yoast SEO plugin v24.2 - https:\/\/yoast.com\/wordpress\/plugins\/seo\/ -->\n<title>Preise - Wunderdata: Business Intelligence for eCommerce<\/title>\n<meta name=\"robots\" content=\"index, follow, max-snippet:-1, max-image-preview:large, max-video-preview:-1\" \/>\n<link rel=\"canonical\" href=\"https:\/\/wunderdata.com\/de\/preise\/\" \/>\n<meta property=\"og:locale\" content=\"de_DE\" \/>\n<meta property=\"og:type\" content=\"article\" \/>\n<meta property=\"og:title\" content=\"Preise - Wunderdata: Business Intelligence for eCommerce\" \/>\n<meta property=\"og:description\" content=\"[vc_row][vc_column][vc_column_text] Wir skalieren mit Ihrem Unternehmen. [\/vc_column_text][\/vc_column][\/vc_row][vc_row][vc_column][vc_column_text] Starter \u20ac 199 \/ Monat Bis zu 1.000 Bestellungen \/ Monat Bis zu 50.000 Visits \/ Monat 1 Servicestunde \/ Monat inkl. Basic \u20ac 349 \/ Monat Bis zu 2.500 Bestellungen \/ Monat Bis zu 125.000 Visits \/ Monat 3 Servicestunden \/ Monat inkl. Professional \u20ac 649 \/ ...\" \/>\n<meta property=\"og:url\" content=\"https:\/\/wunderdata.com\/de\/preise\/\" \/>\n<meta property=\"og:site_name\" content=\"Wunderdata: Business Intelligence for eCommerce\" \/>\n<meta property=\"article:modified_time\" content=\"2022-04-27T14:51:47+00:00\" \/>\n<meta name=\"twitter:label1\" content=\"Gesch\u00e4tzte Lesezeit\" \/>\n\t<meta name=\"twitter:data1\" content=\"2\u00a0Minuten\" \/>\n<script type=\"application\/ld+json\" class=\"yoast-schema-graph\">{\"@context\":\"https:\/\/schema.org\",\"@graph\":[{\"@type\":\"WebPage\",\"@id\":\"https:\/\/wunderdata.com\/de\/preise\/\",\"url\":\"https:\/\/wunderdata.com\/de\/preise\/\",\"name\":\"Preise - Wunderdata: Business Intelligence for eCommerce\",\"isPartOf\":{\"@id\":\"https:\/\/wunderdata.com\/#website\"},\"datePublished\":\"2014-07-16T14:13:08+00:00\",\"dateModified\":\"2022-04-27T14:51:47+00:00\",\"breadcrumb\":{\"@id\":\"https:\/\/wunderdata.com\/de\/preise\/#breadcrumb\"},\"inLanguage\":\"de\",\"potentialAction\":[{\"@type\":\"ReadAction\",\"target\":[\"https:\/\/wunderdata.com\/de\/preise\/\"]}]},{\"@type\":\"BreadcrumbList\",\"@id\":\"https:\/\/wunderdata.com\/de\/preise\/#breadcrumb\",\"itemListElement\":[{\"@type\":\"ListItem\",\"position\":1,\"name\":\"Home\",\"item\":\"https:\/\/wunderdata.com\/de\/\"},{\"@type\":\"ListItem\",\"position\":2,\"name\":\"Preise\"}]},{\"@type\":\"WebSite\",\"@id\":\"https:\/\/wunderdata.com\/#website\",\"url\":\"https:\/\/wunderdata.com\/\",\"name\":\"Wunderdata: Business Intelligence for eCommerce\",\"description\":\"Plug &amp; Play Business Intelligence for eCommerce\",\"potentialAction\":[{\"@type\":\"SearchAction\",\"target\":{\"@type\":\"EntryPoint\",\"urlTemplate\":\"https:\/\/wunderdata.com\/?s={search_term_string}\"},\"query-input\":{\"@type\":\"PropertyValueSpecification\",\"valueRequired\":true,\"valueName\":\"search_term_string\"}}],\"inLanguage\":\"de\"}]}<\/script>\n<!-- \/ Yoast SEO plugin. -->","yoast_head_json":{"title":"Preise - Wunderdata: Business Intelligence for eCommerce","robots":{"index":"index","follow":"follow","max-snippet":"max-snippet:-1","max-image-preview":"max-image-preview:large","max-video-preview":"max-video-preview:-1"},"canonical":"https:\/\/wunderdata.com\/de\/preise\/","og_locale":"de_DE","og_type":"article","og_title":"Preise - Wunderdata: Business Intelligence for eCommerce","og_description":"[vc_row][vc_column][vc_column_text] Wir skalieren mit Ihrem Unternehmen. [\/vc_column_text][\/vc_column][\/vc_row][vc_row][vc_column][vc_column_text] Starter \u20ac 199 \/ Monat Bis zu 1.000 Bestellungen \/ Monat Bis zu 50.000 Visits \/ Monat 1 Servicestunde \/ Monat inkl. Basic \u20ac 349 \/ Monat Bis zu 2.500 Bestellungen \/ Monat Bis zu 125.000 Visits \/ Monat 3 Servicestunden \/ Monat inkl. Professional \u20ac 649 \/ ...","og_url":"https:\/\/wunderdata.com\/de\/preise\/","og_site_name":"Wunderdata: Business Intelligence for eCommerce","article_modified_time":"2022-04-27T14:51:47+00:00","twitter_misc":{"Gesch\u00e4tzte Lesezeit":"2\u00a0Minuten"},"schema":{"@context":"https:\/\/schema.org","@graph":[{"@type":"WebPage","@id":"https:\/\/wunderdata.com\/de\/preise\/","url":"https:\/\/wunderdata.com\/de\/preise\/","name":"Preise - Wunderdata: Business Intelligence for eCommerce","isPartOf":{"@id":"https:\/\/wunderdata.com\/#website"},"datePublished":"2014-07-16T14:13:08+00:00","dateModified":"2022-04-27T14:51:47+00:00","breadcrumb":{"@id":"https:\/\/wunderdata.com\/de\/preise\/#breadcrumb"},"inLanguage":"de","potentialAction":[{"@type":"ReadAction","target":["https:\/\/wunderdata.com\/de\/preise\/"]}]},{"@type":"BreadcrumbList","@id":"https:\/\/wunderdata.com\/de\/preise\/#breadcrumb","itemListElement":[{"@type":"ListItem","position":1,"name":"Home","item":"https:\/\/wunderdata.com\/de\/"},{"@type":"ListItem","position":2,"name":"Preise"}]},{"@type":"WebSite","@id":"https:\/\/wunderdata.com\/#website","url":"https:\/\/wunderdata.com\/","name":"Wunderdata: Business Intelligence for eCommerce","description":"Plug &amp; Play Business Intelligence for eCommerce","potentialAction":[{"@type":"SearchAction","target":{"@type":"EntryPoint","urlTemplate":"https:\/\/wunderdata.com\/?s={search_term_string}"},"query-input":{"@type":"PropertyValueSpecification","valueRequired":true,"valueName":"search_term_string"}}],"inLanguage":"de"}]}},"_links":{"self":[{"href":"https:\/\/wunderdata.com\/de\/wp-json\/wp\/v2\/pages\/5980","targetHints":{"allow":["GET"]}}],"collection":[{"href":"https:\/\/wunderdata.com\/de\/wp-json\/wp\/v2\/pages"}],"about":[{"href":"https:\/\/wunderdata.com\/de\/wp-json\/wp\/v2\/types\/page"}],"author":[{"embeddable":true,"href":"https:\/\/wunderdata.com\/de\/wp-json\/wp\/v2\/users\/2"}],"replies":[{"embeddable":true,"href":"https:\/\/wunderdata.com\/de\/wp-json\/wp\/v2\/comments?post=5980"}],"version-history":[{"count":32,"href":"https:\/\/wunderdata.com\/de\/wp-json\/wp\/v2\/pages\/5980\/revisions"}],"predecessor-version":[{"id":7216,"href":"https:\/\/wunderdata.com\/de\/wp-json\/wp\/v2\/pages\/5980\/revisions\/7216"}],"wp:attachment":[{"href":"https:\/\/wunderdata.com\/de\/wp-json\/wp\/v2\/media?parent=5980"}],"curies":[{"name":"wp","href":"https:\/\/api.w.org\/{rel}","templated":true}]}}