{"id":6415,"date":"2014-08-04T07:15:50","date_gmt":"2014-08-04T07:15:50","guid":{"rendered":"http:\/\/wunderdata.com\/?page_id=6415"},"modified":"2014-08-20T15:05:40","modified_gmt":"2014-08-20T15:05:40","slug":"partner-programm","status":"publish","type":"page","link":"https:\/\/wunderdata.com\/de\/partner-programm\/","title":{"rendered":"Wunderdata Partner Programm"},"content":{"rendered":"<div class=\"wpb-content-wrapper\"><p>[vc_row][vc_column width=&#8220;1\/1&#8243;][vc_column_text]<\/p>\n<h3>Sind Sie ein Softwareanbieter, eine Agentur, ein Freelancer oder guter Netzwerker im eCommerce Umfeld? Lassen Sie uns in Kontakt treten und schauen, wie wir von Synergien profitieren k\u00f6nnen.<\/h3>\n<p>[\/vc_column_text]<div class=\" \" style=\"display:block;clear:both;height:15px\"><\/div>[\/vc_column][\/vc_row][vc_row][vc_column width=&#8220;1\/1&#8243;][vc_column_text]<\/p>\n<h2>Ihre Vorteile:<\/h2>\n<p>[\/vc_column_text][vc_row_inner][vc_column_inner width=&#8220;1\/6&#8243;][vc_single_image image=&#8220;6388&#8243; border_color=&#8220;grey&#8220; img_link_target=&#8220;_self&#8220;][\/vc_column_inner][vc_column_inner width=&#8220;2\/3&#8243;][vc_column_text css=&#8220;.vc_custom_1406896514971{margin-left: -13px !important;padding-right: 35px !important;}&#8220;]<strong>Verbessern Sie Ihr Produktangebot<\/strong><br \/>\nSie haben eine tolle L\u00f6sung f\u00fcr Onlineshops aber Business Intelligence ist nicht Ihre Kernkompetenz? Kein Problem, Wunderdata l\u00e4sst sich an jede wichtige Datenquelle anschlie\u00dfen und verbessert so die Customer Experience durch Einsichten in Daten.[\/vc_column_text][\/vc_column_inner][vc_column_inner width=&#8220;1\/6&#8243;][\/vc_column_inner][\/vc_row_inner][vc_row_inner][vc_column_inner width=&#8220;1\/6&#8243;][vc_single_image image=&#8220;6387&#8243; border_color=&#8220;grey&#8220; img_link_target=&#8220;_self&#8220;][\/vc_column_inner][vc_column_inner width=&#8220;2\/3&#8243;][vc_column_text css=&#8220;.vc_custom_1408546992074{margin-left: -13px !important;padding-right: 35px !important;}&#8220;]<strong>Gewinnen Sie Neukunden<\/strong><br \/>\nWir werden von unseren Kunden oft gefragt, welche Produkte und Dienstleistungen sie neben Wunderdata einsetzen sollten. Wenn Sie denken, dass Sie eine tolle L\u00f6sung f\u00fcr den eCommerce haben, kontaktieren Sie uns und wir k\u00f6nnen beide einen Kunden gl\u00fccklich machen.[\/vc_column_text][\/vc_column_inner][vc_column_inner width=&#8220;1\/6&#8243;][\/vc_column_inner][\/vc_row_inner][vc_row_inner][vc_column_inner width=&#8220;1\/6&#8243;][vc_single_image image=&#8220;6386&#8243; border_color=&#8220;grey&#8220; img_link_target=&#8220;_self&#8220;][\/vc_column_inner][vc_column_inner width=&#8220;2\/3&#8243;][vc_column_text css=&#8220;.vc_custom_1408547064994{margin-left: -13px !important;padding-right: 35px !important;}&#8220;]<strong>Profitieren Sie durch Provisionen<\/strong><br \/>\nWenn Sie einen Kunden an uns weiterempfehlen, teilen wir gerne. Von einer simplen Vorstellungs-Mail bis hin zu einer vollen White-Label Integration \u2013 wir finden die richtige L\u00f6sung f\u00fcr jeden Partner.[\/vc_column_text][\/vc_column_inner][vc_column_inner width=&#8220;1\/6&#8243;][\/vc_column_inner][\/vc_row_inner][vc_row_inner][vc_column_inner width=&#8220;1\/6&#8243;][vc_single_image image=&#8220;6385&#8243; border_color=&#8220;grey&#8220; img_link_target=&#8220;_self&#8220;][\/vc_column_inner][vc_column_inner width=&#8220;2\/3&#8243;][vc_column_text css=&#8220;.vc_custom_1408547108612{margin-left: -13px !important;padding-right: 35px !important;}&#8220;]<strong>Essen Sie mit Gleichgesinnten<\/strong><br \/>\nWir lieben es, \u00fcber eCommerce und Daten-Technologien zu sprechen. Wenn es Ihnen genauso geht, sollten wir unverbindlich miteinander Mittagessen gehen. Wir sind transparent und teilen Erfahrungen gerne.[\/vc_column_text][\/vc_column_inner][vc_column_inner width=&#8220;1\/6&#8243;][\/vc_column_inner][\/vc_row_inner][\/vc_column][\/vc_row][vc_row][vc_column width=&#8220;1\/1&#8243;]<div class=\" \" style=\"display:block;clear:both;height:35px\"><\/div>[vc_column_text]<\/p>\n<h2>Kontaktieren Sie uns<\/h2>\n<p>[\/vc_column_text][contact-form-7 id=&#8220;4413&#8243; title=&#8220;Contact us:&#8220;][\/vc_column][\/vc_row]<\/p>\n<\/div><!-- AddThis Advanced Settings generic via filter on the_content --><!-- AddThis Share Buttons generic via filter on the_content -->","protected":false},"excerpt":{"rendered":"<p>[vc_row][vc_column width=&#8220;1\/1&#8243;][vc_column_text] Sind Sie ein Softwareanbieter, eine Agentur, ein Freelancer oder guter Netzwerker im eCommerce Umfeld? Lassen Sie uns in Kontakt treten und schauen, wie wir von Synergien profitieren k\u00f6nnen. [\/vc_column_text][\/vc_column][\/vc_row][vc_row][vc_column width=&#8220;1\/1&#8243;][vc_column_text] Ihre Vorteile: [\/vc_column_text][vc_row_inner][vc_column_inner width=&#8220;1\/6&#8243;][vc_single_image image=&#8220;6388&#8243; border_color=&#8220;grey&#8220; img_link_target=&#8220;_self&#8220;][\/vc_column_inner][vc_column_inner width=&#8220;2\/3&#8243;][vc_column_text css=&#8220;.vc_custom_1406896514971{margin-left: -13px !important;padding-right: 35px !important;}&#8220;]Verbessern Sie Ihr Produktangebot Sie haben eine tolle L\u00f6sung f\u00fcr Onlineshops &#8230;<!-- AddThis Advanced Settings generic via filter on get_the_excerpt --><!-- AddThis Share Buttons generic via filter on get_the_excerpt --><\/p>\n","protected":false},"author":2,"featured_media":0,"parent":0,"menu_order":0,"comment_status":"closed","ping_status":"closed","template":"","meta":{"footnotes":""},"class_list":["post-6415","page","type-page","status-publish","hentry"],"yoast_head":"<!-- This site is optimized with the Yoast SEO plugin v24.2 - https:\/\/yoast.com\/wordpress\/plugins\/seo\/ -->\n<title>Wunderdata Partner Programm - Wunderdata: Business Intelligence for eCommerce<\/title>\n<meta name=\"robots\" content=\"index, follow, max-snippet:-1, max-image-preview:large, max-video-preview:-1\" \/>\n<link rel=\"canonical\" href=\"https:\/\/wunderdata.com\/de\/partner-programm\/\" \/>\n<meta property=\"og:locale\" content=\"de_DE\" \/>\n<meta property=\"og:type\" content=\"article\" \/>\n<meta property=\"og:title\" content=\"Wunderdata Partner Programm - Wunderdata: Business Intelligence for eCommerce\" \/>\n<meta property=\"og:description\" content=\"[vc_row][vc_column width=&#8220;1\/1&#8243;][vc_column_text] Sind Sie ein Softwareanbieter, eine Agentur, ein Freelancer oder guter Netzwerker im eCommerce Umfeld? Lassen Sie uns in Kontakt treten und schauen, wie wir von Synergien profitieren k\u00f6nnen. [\/vc_column_text][\/vc_column][\/vc_row][vc_row][vc_column width=&#8220;1\/1&#8243;][vc_column_text] Ihre Vorteile: [\/vc_column_text][vc_row_inner][vc_column_inner width=&#8220;1\/6&#8243;][vc_single_image image=&#8220;6388&#8243; border_color=&#8220;grey&#8220; img_link_target=&#8220;_self&#8220;][\/vc_column_inner][vc_column_inner width=&#8220;2\/3&#8243;][vc_column_text css=&#8220;.vc_custom_1406896514971{margin-left: -13px !important;padding-right: 35px !important;}&#8220;]Verbessern Sie Ihr Produktangebot Sie haben eine tolle L\u00f6sung f\u00fcr Onlineshops ...\" \/>\n<meta property=\"og:url\" content=\"https:\/\/wunderdata.com\/de\/partner-programm\/\" \/>\n<meta property=\"og:site_name\" content=\"Wunderdata: Business Intelligence for eCommerce\" \/>\n<meta property=\"article:modified_time\" content=\"2014-08-20T15:05:40+00:00\" \/>\n<meta name=\"twitter:label1\" content=\"Gesch\u00e4tzte Lesezeit\" \/>\n\t<meta name=\"twitter:data1\" content=\"2\u00a0Minuten\" \/>\n<script type=\"application\/ld+json\" class=\"yoast-schema-graph\">{\"@context\":\"https:\/\/schema.org\",\"@graph\":[{\"@type\":\"WebPage\",\"@id\":\"https:\/\/wunderdata.com\/de\/partner-programm\/\",\"url\":\"https:\/\/wunderdata.com\/de\/partner-programm\/\",\"name\":\"Wunderdata Partner Programm - Wunderdata: Business Intelligence for eCommerce\",\"isPartOf\":{\"@id\":\"https:\/\/wunderdata.com\/#website\"},\"datePublished\":\"2014-08-04T07:15:50+00:00\",\"dateModified\":\"2014-08-20T15:05:40+00:00\",\"breadcrumb\":{\"@id\":\"https:\/\/wunderdata.com\/de\/partner-programm\/#breadcrumb\"},\"inLanguage\":\"de\",\"potentialAction\":[{\"@type\":\"ReadAction\",\"target\":[\"https:\/\/wunderdata.com\/de\/partner-programm\/\"]}]},{\"@type\":\"BreadcrumbList\",\"@id\":\"https:\/\/wunderdata.com\/de\/partner-programm\/#breadcrumb\",\"itemListElement\":[{\"@type\":\"ListItem\",\"position\":1,\"name\":\"Home\",\"item\":\"https:\/\/wunderdata.com\/de\/\"},{\"@type\":\"ListItem\",\"position\":2,\"name\":\"Wunderdata Partner Programm\"}]},{\"@type\":\"WebSite\",\"@id\":\"https:\/\/wunderdata.com\/#website\",\"url\":\"https:\/\/wunderdata.com\/\",\"name\":\"Wunderdata: Business Intelligence for eCommerce\",\"description\":\"Plug &amp; Play Business Intelligence for eCommerce\",\"potentialAction\":[{\"@type\":\"SearchAction\",\"target\":{\"@type\":\"EntryPoint\",\"urlTemplate\":\"https:\/\/wunderdata.com\/?s={search_term_string}\"},\"query-input\":{\"@type\":\"PropertyValueSpecification\",\"valueRequired\":true,\"valueName\":\"search_term_string\"}}],\"inLanguage\":\"de\"}]}<\/script>\n<!-- \/ Yoast SEO plugin. -->","yoast_head_json":{"title":"Wunderdata Partner Programm - Wunderdata: Business Intelligence for eCommerce","robots":{"index":"index","follow":"follow","max-snippet":"max-snippet:-1","max-image-preview":"max-image-preview:large","max-video-preview":"max-video-preview:-1"},"canonical":"https:\/\/wunderdata.com\/de\/partner-programm\/","og_locale":"de_DE","og_type":"article","og_title":"Wunderdata Partner Programm - Wunderdata: Business Intelligence for eCommerce","og_description":"[vc_row][vc_column width=&#8220;1\/1&#8243;][vc_column_text] Sind Sie ein Softwareanbieter, eine Agentur, ein Freelancer oder guter Netzwerker im eCommerce Umfeld? Lassen Sie uns in Kontakt treten und schauen, wie wir von Synergien profitieren k\u00f6nnen. [\/vc_column_text][\/vc_column][\/vc_row][vc_row][vc_column width=&#8220;1\/1&#8243;][vc_column_text] Ihre Vorteile: [\/vc_column_text][vc_row_inner][vc_column_inner width=&#8220;1\/6&#8243;][vc_single_image image=&#8220;6388&#8243; border_color=&#8220;grey&#8220; img_link_target=&#8220;_self&#8220;][\/vc_column_inner][vc_column_inner width=&#8220;2\/3&#8243;][vc_column_text css=&#8220;.vc_custom_1406896514971{margin-left: -13px !important;padding-right: 35px !important;}&#8220;]Verbessern Sie Ihr Produktangebot Sie haben eine tolle L\u00f6sung f\u00fcr Onlineshops ...","og_url":"https:\/\/wunderdata.com\/de\/partner-programm\/","og_site_name":"Wunderdata: Business Intelligence for eCommerce","article_modified_time":"2014-08-20T15:05:40+00:00","twitter_misc":{"Gesch\u00e4tzte Lesezeit":"2\u00a0Minuten"},"schema":{"@context":"https:\/\/schema.org","@graph":[{"@type":"WebPage","@id":"https:\/\/wunderdata.com\/de\/partner-programm\/","url":"https:\/\/wunderdata.com\/de\/partner-programm\/","name":"Wunderdata Partner Programm - Wunderdata: Business Intelligence for eCommerce","isPartOf":{"@id":"https:\/\/wunderdata.com\/#website"},"datePublished":"2014-08-04T07:15:50+00:00","dateModified":"2014-08-20T15:05:40+00:00","breadcrumb":{"@id":"https:\/\/wunderdata.com\/de\/partner-programm\/#breadcrumb"},"inLanguage":"de","potentialAction":[{"@type":"ReadAction","target":["https:\/\/wunderdata.com\/de\/partner-programm\/"]}]},{"@type":"BreadcrumbList","@id":"https:\/\/wunderdata.com\/de\/partner-programm\/#breadcrumb","itemListElement":[{"@type":"ListItem","position":1,"name":"Home","item":"https:\/\/wunderdata.com\/de\/"},{"@type":"ListItem","position":2,"name":"Wunderdata Partner Programm"}]},{"@type":"WebSite","@id":"https:\/\/wunderdata.com\/#website","url":"https:\/\/wunderdata.com\/","name":"Wunderdata: Business Intelligence for eCommerce","description":"Plug &amp; Play Business Intelligence for eCommerce","potentialAction":[{"@type":"SearchAction","target":{"@type":"EntryPoint","urlTemplate":"https:\/\/wunderdata.com\/?s={search_term_string}"},"query-input":{"@type":"PropertyValueSpecification","valueRequired":true,"valueName":"search_term_string"}}],"inLanguage":"de"}]}},"_links":{"self":[{"href":"https:\/\/wunderdata.com\/de\/wp-json\/wp\/v2\/pages\/6415","targetHints":{"allow":["GET"]}}],"collection":[{"href":"https:\/\/wunderdata.com\/de\/wp-json\/wp\/v2\/pages"}],"about":[{"href":"https:\/\/wunderdata.com\/de\/wp-json\/wp\/v2\/types\/page"}],"author":[{"embeddable":true,"href":"https:\/\/wunderdata.com\/de\/wp-json\/wp\/v2\/users\/2"}],"replies":[{"embeddable":true,"href":"https:\/\/wunderdata.com\/de\/wp-json\/wp\/v2\/comments?post=6415"}],"version-history":[{"count":2,"href":"https:\/\/wunderdata.com\/de\/wp-json\/wp\/v2\/pages\/6415\/revisions"}],"predecessor-version":[{"id":6453,"href":"https:\/\/wunderdata.com\/de\/wp-json\/wp\/v2\/pages\/6415\/revisions\/6453"}],"wp:attachment":[{"href":"https:\/\/wunderdata.com\/de\/wp-json\/wp\/v2\/media?parent=6415"}],"curies":[{"name":"wp","href":"https:\/\/api.w.org\/{rel}","templated":true}]}}