{"id":7156,"date":"2021-01-29T14:50:47","date_gmt":"2021-01-29T14:50:47","guid":{"rendered":"https:\/\/wunderdata.com\/pixi-analytics-2\/"},"modified":"2021-09-05T19:58:44","modified_gmt":"2021-09-05T19:58:44","slug":"pixi-analytics","status":"publish","type":"page","link":"https:\/\/wunderdata.com\/de\/pixi-analytics\/","title":{"rendered":"pixi Analytics"},"content":{"rendered":"<div class=\"wpb-content-wrapper\"><p>[vc_row][vc_column][vc_column_text]<\/p>\n<h2>pixi: ERP f\u00fcr Online-Shops<\/h2>\n<p>[\/vc_column_text][vc_column_text]Mit dem pixi ERP steht Online-Shops ein m\u00e4chtiges Warenwirtschaftssystem und Werkzeug f\u00fcr die Versandabwicklung zur Verf\u00fcgung.<br \/>\nMit Wunderdata verbinden Sie Daten aus beiden Welten, dem <strong>Online-Shop<\/strong> und dem <strong>ERP<\/strong>, und erweitern ihre g\u00e4ngigen Analysen um KPIs rund um die <strong>Lagerverwaltung<\/strong> , <strong>Offline-Sales<\/strong>, <strong>Warenbeschaffung<\/strong> und <strong>Auslieferung<\/strong>.<\/p>\n<p>[\/vc_column_text][\/vc_column][\/vc_row][vc_row][vc_column][vc_column_text]<\/p>\n<h3>Steigern Sie Ihre Produktivit\u00e4t mit pixi + Wunderdata<\/h3>\n<p>[\/vc_column_text][\/vc_column][\/vc_row][vc_row][vc_column width=&#8220;1\/2&#8243;][vc_column_text el_class=&#8220;paddedList&#8220;]<\/p>\n<div style=\"line-height: 1.8em;\">\n<ul>\n<li><a href=\"https:\/\/wunderdata.com\/de\/use-cases\/optimieren-sie-ihre-werbekampagnen\/\">ROI: Kampagnenoptimierung<\/a><\/li>\n<li><a href=\"https:\/\/wunderdata.com\/de\/deckungsbeitrage-steigern\/\">Deckungsbeitr\u00e4ge im Auge behalten<\/a><\/li>\n<li><a href=\"https:\/\/wunderdata.com\/de\/kohortenanalyse\/\">Kohortenanalysen<\/a><\/li>\n<li><a href=\"https:\/\/wunderdata.com\/de\/wiederkaufrate-steigern\">Wiederkaufrate steigern<\/a><\/li>\n<li><a href=\"https:\/\/wunderdata.com\/de\/optimieren-sie-ihr-produktportfolio\">Controlling des Einkaufs \/ Supplier Chains<\/a><\/li>\n<\/ul>\n<p>Diese und noch viele weitere Themen werden durch unsere <strong>stetig wachsende eCommerce-Report-Bibliothek<\/strong> abgedeckt. Dar\u00fcber hinaus k\u00f6nnen speziell auf Ihr Business angepasste <strong>custom Reports<\/strong> hinzugef\u00fcgt werden.<\/p>\n<\/div>\n<p>[\/vc_column_text][\/vc_column][vc_column width=&#8220;1\/2&#8243; css=&#8220;.vc_custom_1611934001374{padding-top: 30px !important;}&#8220;][vc_single_image image=&#8220;7160&#8243; img_size=&#8220;full&#8220;][\/vc_column][\/vc_row][vc_row][vc_column width=&#8220;1\/2&#8243;][\/vc_column][vc_column width=&#8220;1\/2&#8243;][vc_column_text]<\/p>\n<h3>Zus\u00e4tzliche Reports f\u00fcr pixi-Kunden:<\/h3>\n<p>[\/vc_column_text][\/vc_column][\/vc_row][vc_row el_class=&#8220;paddedList&#8220;][vc_column width=&#8220;1\/2&#8243;][vc_single_image image=&#8220;7200&#8243; img_size=&#8220;large&#8220; css=&#8220;.vc_custom_1611933939781{margin-top: -45px !important;margin-left: -20px !important;border-top-width: -50px !important;padding-top: -50px !important;}&#8220;][\/vc_column][vc_column width=&#8220;1\/2&#8243;][vc_column_text el_class=&#8220;paddedList&#8220;]<\/p>\n<div>\n<ul style=\"line-height: 1.8em;\">\n<li><strong>Lagerverwaltung<\/strong>: Umschlagsh\u00e4ufigkeit, Optimale Bestellmengen &#8230;<\/li>\n<li><strong>versioniertes Inventar<\/strong> (Lagerbestand zu spezifischem Datum)<\/li>\n<li><strong>Buchhaltung<\/strong>: Offene Rechnungsposten, Umsatz nach Zahlungsarten, Mahnstufen &#8230;<\/li>\n<li><strong>Retouren<\/strong>, <strong>Umsatz<\/strong> nach Rechnungsdatum<\/li>\n<li><strong>Offline Sales<\/strong><\/li>\n<\/ul>\n<p style=\"text-align: right;\"><a title=\"Features\" href=\"http:\/\/wunderdata.com\/product\/features\/\">Siehe die vollst\u00e4ndige Feature Liste<\/a><\/p>\n<\/div>\n<p>[\/vc_column_text][\/vc_column][\/vc_row][vc_row][vc_column][vc_column_text]<\/p>\n<h3><strong>Ihr Plug &amp; Play Data Warehouse in der Cloud<\/strong><\/h3>\n<p>[\/vc_column_text][\/vc_column][\/vc_row][vc_row][vc_column width=&#8220;1\/2&#8243;][vc_column_text el_class=&#8220;paddedList&#8220;]Durch einen <strong>ETL<\/strong> (<strong>E<\/strong>xtract <strong>T<\/strong>ransform <strong>L<\/strong>oad) Prozess, aggregiert Wunderdata alle Ihre Datenquellen in Ihr eigenes Data Warehouse in der Cloud.<\/p>\n<p>Anschlie\u00dfend wird eine Visualisierungsschicht hinzugef\u00fcgt, die von jedem Browser aus zug\u00e4nglich ist, um Ihre Daten auf eine aussagekr\u00e4ftige und aufschlussreiche Art und Weise darzustellen, entsprechend den <strong>best practices im eCommerce<\/strong>.<\/p>\n<ul>\n<li><strong>Es ist nicht notwendig<\/strong> Ihre Datenbank zu programmieren oder sie bearbeiten.<\/li>\n<li><strong>Es ist nicht notwenidg<\/strong>, dass Ihre IT Wunderdata zu implementiert, wartet oder verwendet.<\/li>\n<li><strong>Es ist nicht notwenidg<\/strong> SQL Abfragen zu verwenden um Wunderdata zu nutzen.<\/li>\n<li><strong>Es ist nicht notwendig<\/strong> sich um den ETL Prozess oder die Wartung der Data Warehouse zu k\u00fcmmern.<\/li>\n<\/ul>\n<p>Wunderdata nimmt Ihnen die Arbeit ab, damit Sie sich auf das Wesentliche konzentrieren k\u00f6nnen: <strong>Treffen Sie bessere Entscheidungen f\u00fcr Ihren Online-Shop<\/strong>.<\/p>\n<p><a href=\"http:\/\/wunderdata.com\/product\/technology\/\">Erfahren Sie mehr \u00fcber unsere Technologie<\/a><\/p>\n<p>[\/vc_column_text][\/vc_column][vc_column width=&#8220;1\/2&#8243;][vc_single_image image=&#8220;4287&#8243; img_size=&#8220;full&#8220;][\/vc_column][\/vc_row][vc_row][vc_column width=&#8220;1\/2&#8243;][\/vc_column][vc_column width=&#8220;1\/2&#8243;][vc_column_text]<\/p>\n<h3><strong>Sofort verf\u00fcgbare Berichte<\/strong><\/h3>\n<p>[\/vc_column_text][\/vc_column][\/vc_row][vc_row][vc_column width=&#8220;1\/2&#8243;][vc_single_image image=&#8220;6126&#8243; img_size=&#8220;large&#8220; alignment=&#8220;right&#8220;][\/vc_column][vc_column width=&#8220;1\/2&#8243;][vc_column_text]Oft wissen Unternehmen nicht genau, welche Berichte und KPIs optimal sind und welche Analysen durchgef\u00fchrt werden sollten. Auf diese Weise wird das volle Potenzial von Business Intelligence nicht ausgesch\u00f6pft.<\/p>\n<p>Wunderdata hat diesen Prozess umgekehrt, um unseren Kunden <strong>vordefinierte Berichte<\/strong> anbieten zu k\u00f6nnen, die <strong>sofort nutzbar<\/strong> sind. Alle Datenfelder sind vorverkn\u00fcpft und bieten <strong>multidimensionale Abfragen<\/strong>, ohne dass Berichte erstellt werden m\u00fcssen.<\/p>\n<p>Auf diese Weise m\u00fcssen Sie <strong>keinen zeitraubenden und fehleranf\u00e4lligen Prozess<\/strong> durchlaufen. Mit Wunderdata erhalten Sie <strong>Ad-hoc-Antworten<\/strong> mit ein paar Klicks. Holen Sie sich <strong>Enterprise-Funktionalit\u00e4t zum KMU-Preis<\/strong>.<\/p>\n<p style=\"text-align: right;\"><a title=\"Demo\" href=\"http:\/\/wunderdata.com\/demo-3\/\">Live-Demo ansehen<\/a><\/p>\n<p>[\/vc_column_text][\/vc_column][\/vc_row][vc_row][vc_column][vc_cta_button2 h2=&#8220;Boost your pixi analytics with Wunderdata&#8220; title=&#8220;Start a free trial&#8220; color=&#8220;peacoc&#8220; size=&#8220;lg&#8220; link=&#8220;url:http%3A%2F%2Fwunderdata.com%2Ffree-trial%2F|title:Free%20Trial|&#8220;][\/vc_cta_button2][\/vc_column][\/vc_row]<\/p>\n<\/div><!-- AddThis Advanced Settings generic via filter on the_content --><!-- AddThis Share Buttons generic via filter on the_content -->","protected":false},"excerpt":{"rendered":"<p>[vc_row][vc_column][vc_column_text] pixi: ERP f\u00fcr Online-Shops [\/vc_column_text][vc_column_text]Mit dem pixi ERP steht Online-Shops ein m\u00e4chtiges Warenwirtschaftssystem und Werkzeug f\u00fcr die Versandabwicklung zur Verf\u00fcgung. Mit Wunderdata verbinden Sie Daten aus beiden Welten, dem Online-Shop und dem ERP, und erweitern ihre g\u00e4ngigen Analysen um KPIs rund um die Lagerverwaltung , Offline-Sales, Warenbeschaffung und Auslieferung. [\/vc_column_text][\/vc_column][\/vc_row][vc_row][vc_column][vc_column_text] Steigern Sie Ihre Produktivit\u00e4t &#8230;<!-- AddThis Advanced Settings generic via filter on get_the_excerpt --><!-- AddThis Share Buttons generic via filter on get_the_excerpt --><\/p>\n","protected":false},"author":2,"featured_media":0,"parent":0,"menu_order":0,"comment_status":"closed","ping_status":"closed","template":"","meta":{"footnotes":""},"class_list":["post-7156","page","type-page","status-publish","hentry"],"yoast_head":"<!-- This site is optimized with the Yoast SEO plugin v24.2 - https:\/\/yoast.com\/wordpress\/plugins\/seo\/ -->\n<title>pixi Analytics - Wunderdata: Business Intelligence for eCommerce<\/title>\n<meta name=\"description\" content=\"Default Magento Analytics has its limits. Get the Wunderdata Business Intelligence solution optimized for Magento Reports.\" \/>\n<meta name=\"robots\" content=\"index, follow, max-snippet:-1, max-image-preview:large, max-video-preview:-1\" \/>\n<link rel=\"canonical\" href=\"https:\/\/wunderdata.com\/de\/pixi-analytics\/\" \/>\n<meta property=\"og:locale\" content=\"de_DE\" \/>\n<meta property=\"og:type\" content=\"article\" \/>\n<meta property=\"og:title\" content=\"pixi Analytics - Wunderdata: Business Intelligence for eCommerce\" \/>\n<meta property=\"og:description\" content=\"Default Magento Analytics has its limits. Get the Wunderdata Business Intelligence solution optimized for Magento Reports.\" \/>\n<meta property=\"og:url\" content=\"https:\/\/wunderdata.com\/de\/pixi-analytics\/\" \/>\n<meta property=\"og:site_name\" content=\"Wunderdata: Business Intelligence for eCommerce\" \/>\n<meta property=\"article:modified_time\" content=\"2021-09-05T19:58:44+00:00\" \/>\n<meta name=\"twitter:label1\" content=\"Gesch\u00e4tzte Lesezeit\" \/>\n\t<meta name=\"twitter:data1\" content=\"2\u00a0Minuten\" \/>\n<script type=\"application\/ld+json\" class=\"yoast-schema-graph\">{\"@context\":\"https:\/\/schema.org\",\"@graph\":[{\"@type\":\"WebPage\",\"@id\":\"https:\/\/wunderdata.com\/de\/pixi-analytics\/\",\"url\":\"https:\/\/wunderdata.com\/de\/pixi-analytics\/\",\"name\":\"pixi Analytics - Wunderdata: Business Intelligence for eCommerce\",\"isPartOf\":{\"@id\":\"https:\/\/wunderdata.com\/#website\"},\"datePublished\":\"2021-01-29T14:50:47+00:00\",\"dateModified\":\"2021-09-05T19:58:44+00:00\",\"description\":\"Default Magento Analytics has its limits. Get the Wunderdata Business Intelligence solution optimized for Magento Reports.\",\"breadcrumb\":{\"@id\":\"https:\/\/wunderdata.com\/de\/pixi-analytics\/#breadcrumb\"},\"inLanguage\":\"de\",\"potentialAction\":[{\"@type\":\"ReadAction\",\"target\":[\"https:\/\/wunderdata.com\/de\/pixi-analytics\/\"]}]},{\"@type\":\"BreadcrumbList\",\"@id\":\"https:\/\/wunderdata.com\/de\/pixi-analytics\/#breadcrumb\",\"itemListElement\":[{\"@type\":\"ListItem\",\"position\":1,\"name\":\"Home\",\"item\":\"https:\/\/wunderdata.com\/de\/\"},{\"@type\":\"ListItem\",\"position\":2,\"name\":\"pixi Analytics\"}]},{\"@type\":\"WebSite\",\"@id\":\"https:\/\/wunderdata.com\/#website\",\"url\":\"https:\/\/wunderdata.com\/\",\"name\":\"Wunderdata: Business Intelligence for eCommerce\",\"description\":\"Plug &amp; Play Business Intelligence for eCommerce\",\"potentialAction\":[{\"@type\":\"SearchAction\",\"target\":{\"@type\":\"EntryPoint\",\"urlTemplate\":\"https:\/\/wunderdata.com\/?s={search_term_string}\"},\"query-input\":{\"@type\":\"PropertyValueSpecification\",\"valueRequired\":true,\"valueName\":\"search_term_string\"}}],\"inLanguage\":\"de\"}]}<\/script>\n<!-- \/ Yoast SEO plugin. -->","yoast_head_json":{"title":"pixi Analytics - Wunderdata: Business Intelligence for eCommerce","description":"Default Magento Analytics has its limits. Get the Wunderdata Business Intelligence solution optimized for Magento Reports.","robots":{"index":"index","follow":"follow","max-snippet":"max-snippet:-1","max-image-preview":"max-image-preview:large","max-video-preview":"max-video-preview:-1"},"canonical":"https:\/\/wunderdata.com\/de\/pixi-analytics\/","og_locale":"de_DE","og_type":"article","og_title":"pixi Analytics - Wunderdata: Business Intelligence for eCommerce","og_description":"Default Magento Analytics has its limits. Get the Wunderdata Business Intelligence solution optimized for Magento Reports.","og_url":"https:\/\/wunderdata.com\/de\/pixi-analytics\/","og_site_name":"Wunderdata: Business Intelligence for eCommerce","article_modified_time":"2021-09-05T19:58:44+00:00","twitter_misc":{"Gesch\u00e4tzte Lesezeit":"2\u00a0Minuten"},"schema":{"@context":"https:\/\/schema.org","@graph":[{"@type":"WebPage","@id":"https:\/\/wunderdata.com\/de\/pixi-analytics\/","url":"https:\/\/wunderdata.com\/de\/pixi-analytics\/","name":"pixi Analytics - Wunderdata: Business Intelligence for eCommerce","isPartOf":{"@id":"https:\/\/wunderdata.com\/#website"},"datePublished":"2021-01-29T14:50:47+00:00","dateModified":"2021-09-05T19:58:44+00:00","description":"Default Magento Analytics has its limits. Get the Wunderdata Business Intelligence solution optimized for Magento Reports.","breadcrumb":{"@id":"https:\/\/wunderdata.com\/de\/pixi-analytics\/#breadcrumb"},"inLanguage":"de","potentialAction":[{"@type":"ReadAction","target":["https:\/\/wunderdata.com\/de\/pixi-analytics\/"]}]},{"@type":"BreadcrumbList","@id":"https:\/\/wunderdata.com\/de\/pixi-analytics\/#breadcrumb","itemListElement":[{"@type":"ListItem","position":1,"name":"Home","item":"https:\/\/wunderdata.com\/de\/"},{"@type":"ListItem","position":2,"name":"pixi Analytics"}]},{"@type":"WebSite","@id":"https:\/\/wunderdata.com\/#website","url":"https:\/\/wunderdata.com\/","name":"Wunderdata: Business Intelligence for eCommerce","description":"Plug &amp; Play Business Intelligence for eCommerce","potentialAction":[{"@type":"SearchAction","target":{"@type":"EntryPoint","urlTemplate":"https:\/\/wunderdata.com\/?s={search_term_string}"},"query-input":{"@type":"PropertyValueSpecification","valueRequired":true,"valueName":"search_term_string"}}],"inLanguage":"de"}]}},"_links":{"self":[{"href":"https:\/\/wunderdata.com\/de\/wp-json\/wp\/v2\/pages\/7156","targetHints":{"allow":["GET"]}}],"collection":[{"href":"https:\/\/wunderdata.com\/de\/wp-json\/wp\/v2\/pages"}],"about":[{"href":"https:\/\/wunderdata.com\/de\/wp-json\/wp\/v2\/types\/page"}],"author":[{"embeddable":true,"href":"https:\/\/wunderdata.com\/de\/wp-json\/wp\/v2\/users\/2"}],"replies":[{"embeddable":true,"href":"https:\/\/wunderdata.com\/de\/wp-json\/wp\/v2\/comments?post=7156"}],"version-history":[{"count":22,"href":"https:\/\/wunderdata.com\/de\/wp-json\/wp\/v2\/pages\/7156\/revisions"}],"predecessor-version":[{"id":7202,"href":"https:\/\/wunderdata.com\/de\/wp-json\/wp\/v2\/pages\/7156\/revisions\/7202"}],"wp:attachment":[{"href":"https:\/\/wunderdata.com\/de\/wp-json\/wp\/v2\/media?parent=7156"}],"curies":[{"name":"wp","href":"https:\/\/api.w.org\/{rel}","templated":true}]}}